{"id":9757,"date":"2024-03-22T12:21:14","date_gmt":"2024-03-22T11:21:14","guid":{"rendered":"https:\/\/greenlink.technology\/produkt\/enwitec-protecao-de-rede-e-sistema-tor-1725-kva-de-acordo-com-oeve-tor-r25-ns-async-10018524\/"},"modified":"2025-06-12T08:04:56","modified_gmt":"2025-06-12T06:04:56","slug":"enwitec-protecao-de-rede-e-sistema-tor-1725-kva-de-acordo-com-oeve-tor-r25-ns-async-10018524","status":"publish","type":"product","link":"https:\/\/greenlink.technology\/pt-pt\/produkt\/enwitec-protecao-de-rede-e-sistema-tor-1725-kva-de-acordo-com-oeve-tor-r25-ns-async-10018524\/","title":{"rendered":"enwitec prote\u00e7\u00e3o de rede e sistema TOR &#8211; 172,5 kVA &#8211; de acordo com \u00d6VE TOR R25 NS ASYNC &#8211; 10018524"},"content":{"rendered":"<div class=\"system-stammdaten\">\n<h2><\/h2>\n<p>&nbsp;<\/p>\n<\/div>\n","protected":false},"excerpt":{"rendered":"<p>&nbsp;<\/p>\n","protected":false},"featured_media":9759,"comment_status":"closed","ping_status":"closed","template":"","meta":{"_acf_changed":false},"anwendung":[],"product_brand":[264],"product_cat":[581],"product_tag":[632,586,583,630],"class_list":{"0":"post-9757","1":"product","2":"type-product","3":"status-publish","4":"has-post-thumbnail","6":"product_brand-enwitec","7":"product_cat-protecao-da-rede-e-do-sistema","8":"product_tag-10018524-pt-pt","9":"product_tag-protecao-da-rede-e-do-sistema","10":"product_tag-protecao-na","11":"product_tag-tor-pt-pt","12":"pa_laenderfreigabe-at-pt-pt","13":"pa_leistung-173-345-kva-pt-pt","14":"pa_trennung-todo-polo","16":"first","17":"instock","18":"shipping-taxable","19":"product-type-simple"},"acf":{"product_informations":"Rede e prote\u00e7\u00e3o fitossanit\u00e1ria (NA) da enwitec. De acordo com a diretiva nacional, as centrais de produ\u00e7\u00e3o devem ser encerradas em caso de desvios de tens\u00e3o ou de frequ\u00eancia inadmiss\u00edveis na rede de baixa tens\u00e3o. Se os valores-limite admiss\u00edveis na regra de aplica\u00e7\u00e3o forem excedidos, a central de produ\u00e7\u00e3o \u00e9 automaticamente desligada da rede. Se a tens\u00e3o de rede ou a frequ\u00eancia da rede estiver de volta \u00e0 faixa permitida, o sistema ser\u00e1 automaticamente ligado novamente. Oferecemos produtos standard e solu\u00e7\u00f5es individuais, que se adaptam \u00e0s necessidades do respetivo sistema fotovoltaico.    \n\nEsta prote\u00e7\u00e3o de rede e sistema \u00e9 especialmente constru\u00edda para o mercado austr\u00edaco, de acordo com <strong>\u00d6VE TOR R25 NS ASYNC<\/strong> .\n\nPara facilitar a fixa\u00e7\u00e3o do cabo na parte superior do disjuntor, a unidade de controlo pode ser dobrada para a direita nesta variante, soltando os dois parafusos de fixa\u00e7\u00e3o.\n\n<strong>Nota<\/strong>\nMatchcode: NA-Schutz-TOR-PV-172.5KVA-TNS_TT","technical_data":"<div class=\"stammdaten-col\">\n<div class=\"line\">\n<p class=\"system-stammdaten-left\">N.\u00ba do artigo: 10018524\nForma da rede el\u00e9ctrica: TT \/ TN-S\nPot\u00eancia: 172,5 kVA\nAprova\u00e7\u00e3o do pa\u00eds: \u00d6VE TOR R25 NS ASYNC\nDesconex\u00e3o: todos os p\u00f3los\nTira de terminais de desconex\u00e3o de teste: sim\nSa\u00eddas: 1 x\nTerminais de entrada e sa\u00edda: 35 - 185 mm\u00b2\nEntradas de cabos: Passa-cabos M75<\/p>\n\n<\/div>\n<\/div>","download":"<a href=\"https:\/\/greenlink.technology\/wp-content\/uploads\/2025\/05\/10018524_Datenblatt_NA-Schutz-TOR-PV-172.5KVA-TNS_TT_2025_05_23_a.pdf\" target=\"_blank\" rel=\"noopener\">Ficha t\u00e9cnica EN<\/a>\n<a href=\"https:\/\/greenlink.technology\/wp-content\/uploads\/2025\/04\/10018665_Installationsanleitung_NA-Schutz_DE_2023_10_25.pdf\" target=\"_blank\" rel=\"noopener\">Instala\u00e7\u00e3o<\/a>\n<a href=\"https:\/\/greenlink.technology\/wp-content\/uploads\/2025\/04\/Unbedenklichkeitsbescheinigung_NA-Schutz_U22-0322_TOR-Erzeuger_AUT.pdf\" target=\"_blank\" rel=\"noopener\">Certid\u00e3o negativa<\/a>","product_short_description":"<strong>Homologa\u00e7\u00e3o do pa\u00eds:<\/strong> \u00d6VE TOR R25 NS ASYNC\n<strong>Pot\u00eancia:<\/strong> 172,5 kVA\n<strong>Desconex\u00e3o:<\/strong> todos os p\u00f3los\n<strong>Tipo de rede: <\/strong>TT \/ TN-S","photo_gallery":{"galerie_produkte":[[]]}},"yoast_head":"<!-- This site is optimized with the Yoast SEO plugin v27.3 - https:\/\/yoast.com\/product\/yoast-seo-wordpress\/ -->\n<title>enwitec prote\u00e7\u00e3o de rede e sistema TOR - 172,5 kVA - de acordo com \u00d6VE TOR R25 NS ASYNC - 10018524 - greenLink orchestrating energy flows | enwitec electronic GmbH | LinQ Europe Sp. z o.o.<\/title>\n<meta name=\"robots\" content=\"index, follow, max-snippet:-1, max-image-preview:large, max-video-preview:-1\" \/>\n<link rel=\"canonical\" href=\"https:\/\/greenlink.technology\/pt-pt\/produkt\/enwitec-protecao-de-rede-e-sistema-tor-1725-kva-de-acordo-com-oeve-tor-r25-ns-async-10018524\/\" \/>\n<meta property=\"og:locale\" content=\"pt_PT\" \/>\n<meta property=\"og:type\" content=\"article\" \/>\n<meta property=\"og:title\" content=\"enwitec prote\u00e7\u00e3o de rede e sistema TOR - 172,5 kVA - de acordo com \u00d6VE TOR R25 NS ASYNC - 10018524 - greenLink orchestrating energy flows | enwitec electronic GmbH | LinQ Europe Sp. z o.o.\" \/>\n<meta property=\"og:description\" content=\"&nbsp;\" \/>\n<meta property=\"og:url\" content=\"https:\/\/greenlink.technology\/pt-pt\/produkt\/enwitec-protecao-de-rede-e-sistema-tor-1725-kva-de-acordo-com-oeve-tor-r25-ns-async-10018524\/\" \/>\n<meta property=\"og:site_name\" content=\"greenLink orchestrating energy flows | enwitec electronic GmbH | LinQ Europe Sp. z o.o.\" \/>\n<meta property=\"article:modified_time\" content=\"2025-06-12T06:04:56+00:00\" \/>\n<meta property=\"og:image\" content=\"https:\/\/linqeurope.pl\/wp-content\/uploads\/2025\/02\/10018524_front.png\" \/>\n\t<meta property=\"og:image:width\" content=\"500\" \/>\n\t<meta property=\"og:image:height\" content=\"500\" \/>\n\t<meta property=\"og:image:type\" content=\"image\/png\" \/>\n<meta name=\"twitter:card\" content=\"summary_large_image\" \/>\n<script type=\"application\/ld+json\" class=\"yoast-schema-graph\">{\"@context\":\"https:\\\/\\\/schema.org\",\"@graph\":[{\"@type\":\"WebPage\",\"@id\":\"https:\\\/\\\/greenlink.technology\\\/pt-pt\\\/produkt\\\/enwitec-protecao-de-rede-e-sistema-tor-1725-kva-de-acordo-com-oeve-tor-r25-ns-async-10018524\\\/\",\"url\":\"https:\\\/\\\/greenlink.technology\\\/pt-pt\\\/produkt\\\/enwitec-protecao-de-rede-e-sistema-tor-1725-kva-de-acordo-com-oeve-tor-r25-ns-async-10018524\\\/\",\"name\":\"enwitec prote\u00e7\u00e3o de rede e sistema TOR - 172,5 kVA - de acordo com \u00d6VE TOR R25 NS ASYNC - 10018524 - greenLink orchestrating energy flows | enwitec electronic GmbH | LinQ Europe Sp. z o.o.\",\"isPartOf\":{\"@id\":\"https:\\\/\\\/enwitec.eu\\\/en\\\/#website\"},\"primaryImageOfPage\":{\"@id\":\"https:\\\/\\\/greenlink.technology\\\/pt-pt\\\/produkt\\\/enwitec-protecao-de-rede-e-sistema-tor-1725-kva-de-acordo-com-oeve-tor-r25-ns-async-10018524\\\/#primaryimage\"},\"image\":{\"@id\":\"https:\\\/\\\/greenlink.technology\\\/pt-pt\\\/produkt\\\/enwitec-protecao-de-rede-e-sistema-tor-1725-kva-de-acordo-com-oeve-tor-r25-ns-async-10018524\\\/#primaryimage\"},\"thumbnailUrl\":\"https:\\\/\\\/greenlink.technology\\\/wp-content\\\/uploads\\\/2025\\\/02\\\/10018524_front.png\",\"datePublished\":\"2024-03-22T11:21:14+00:00\",\"dateModified\":\"2025-06-12T06:04:56+00:00\",\"breadcrumb\":{\"@id\":\"https:\\\/\\\/greenlink.technology\\\/pt-pt\\\/produkt\\\/enwitec-protecao-de-rede-e-sistema-tor-1725-kva-de-acordo-com-oeve-tor-r25-ns-async-10018524\\\/#breadcrumb\"},\"inLanguage\":\"pt-PT\",\"potentialAction\":[{\"@type\":\"ReadAction\",\"target\":[\"https:\\\/\\\/greenlink.technology\\\/pt-pt\\\/produkt\\\/enwitec-protecao-de-rede-e-sistema-tor-1725-kva-de-acordo-com-oeve-tor-r25-ns-async-10018524\\\/\"]}]},{\"@type\":\"ImageObject\",\"inLanguage\":\"pt-PT\",\"@id\":\"https:\\\/\\\/greenlink.technology\\\/pt-pt\\\/produkt\\\/enwitec-protecao-de-rede-e-sistema-tor-1725-kva-de-acordo-com-oeve-tor-r25-ns-async-10018524\\\/#primaryimage\",\"url\":\"https:\\\/\\\/greenlink.technology\\\/wp-content\\\/uploads\\\/2025\\\/02\\\/10018524_front.png\",\"contentUrl\":\"https:\\\/\\\/greenlink.technology\\\/wp-content\\\/uploads\\\/2025\\\/02\\\/10018524_front.png\",\"width\":500,\"height\":500},{\"@type\":\"BreadcrumbList\",\"@id\":\"https:\\\/\\\/greenlink.technology\\\/pt-pt\\\/produkt\\\/enwitec-protecao-de-rede-e-sistema-tor-1725-kva-de-acordo-com-oeve-tor-r25-ns-async-10018524\\\/#breadcrumb\",\"itemListElement\":[{\"@type\":\"ListItem\",\"position\":1,\"name\":\"Startseite\",\"item\":\"https:\\\/\\\/enwitec.eu\\\/pt-pt\\\/\"},{\"@type\":\"ListItem\",\"position\":2,\"name\":\"Produtos\",\"item\":\"https:\\\/\\\/greenlink.technology\\\/pt-pt\\\/sobre-nos\\\/a-empresa\\\/enwitec\\\/produtos\\\/\"},{\"@type\":\"ListItem\",\"position\":3,\"name\":\"enwitec prote\u00e7\u00e3o de rede e sistema TOR &#8211; 172,5 kVA &#8211; de acordo com \u00d6VE TOR R25 NS ASYNC &#8211; 10018524\"}]},{\"@type\":\"WebSite\",\"@id\":\"https:\\\/\\\/enwitec.eu\\\/en\\\/#website\",\"url\":\"https:\\\/\\\/enwitec.eu\\\/en\\\/\",\"name\":\"greenLink orchestrating energy flows | enwitec electronic GmbH | LinQ Europe Sp. z o.o.\",\"description\":\"\",\"publisher\":{\"@id\":\"https:\\\/\\\/enwitec.eu\\\/en\\\/#organization\"},\"potentialAction\":[{\"@type\":\"SearchAction\",\"target\":{\"@type\":\"EntryPoint\",\"urlTemplate\":\"https:\\\/\\\/enwitec.eu\\\/en\\\/?s={search_term_string}\"},\"query-input\":{\"@type\":\"PropertyValueSpecification\",\"valueRequired\":true,\"valueName\":\"search_term_string\"}}],\"inLanguage\":\"pt-PT\"},{\"@type\":\"Organization\",\"@id\":\"https:\\\/\\\/enwitec.eu\\\/en\\\/#organization\",\"name\":\"greenLink orquestra\u00e7\u00e3o de fluxos de energia | enwitec electronic GmbH | LinQ Europe Sp. z o.o.\",\"url\":\"https:\\\/\\\/enwitec.eu\\\/en\\\/\",\"logo\":{\"@type\":\"ImageObject\",\"inLanguage\":\"pt-PT\",\"@id\":\"https:\\\/\\\/enwitec.eu\\\/en\\\/#\\\/schema\\\/logo\\\/image\\\/\",\"url\":\"https:\\\/\\\/greenlink.technology\\\/wp-content\\\/uploads\\\/2025\\\/01\\\/greenlink-logo-final.png\",\"contentUrl\":\"https:\\\/\\\/greenlink.technology\\\/wp-content\\\/uploads\\\/2025\\\/01\\\/greenlink-logo-final.png\",\"width\":2586,\"height\":629,\"caption\":\"greenLink orquestra\u00e7\u00e3o de fluxos de energia | enwitec electronic GmbH | LinQ Europe Sp. z o.o. \"},\"image\":{\"@id\":\"https:\\\/\\\/enwitec.eu\\\/en\\\/#\\\/schema\\\/logo\\\/image\\\/\"}}]}<\/script>\n<!-- \/ Yoast SEO plugin. -->","yoast_head_json":{"title":"enwitec prote\u00e7\u00e3o de rede e sistema TOR - 172,5 kVA - de acordo com \u00d6VE TOR R25 NS ASYNC - 10018524 - greenLink orchestrating energy flows | enwitec electronic GmbH | LinQ Europe Sp. z o.o.","robots":{"index":"index","follow":"follow","max-snippet":"max-snippet:-1","max-image-preview":"max-image-preview:large","max-video-preview":"max-video-preview:-1"},"canonical":"https:\/\/greenlink.technology\/pt-pt\/produkt\/enwitec-protecao-de-rede-e-sistema-tor-1725-kva-de-acordo-com-oeve-tor-r25-ns-async-10018524\/","og_locale":"pt_PT","og_type":"article","og_title":"enwitec prote\u00e7\u00e3o de rede e sistema TOR - 172,5 kVA - de acordo com \u00d6VE TOR R25 NS ASYNC - 10018524 - greenLink orchestrating energy flows | enwitec electronic GmbH | LinQ Europe Sp. z o.o.","og_description":"&nbsp;","og_url":"https:\/\/greenlink.technology\/pt-pt\/produkt\/enwitec-protecao-de-rede-e-sistema-tor-1725-kva-de-acordo-com-oeve-tor-r25-ns-async-10018524\/","og_site_name":"greenLink orchestrating energy flows | enwitec electronic GmbH | LinQ Europe Sp. z o.o.","article_modified_time":"2025-06-12T06:04:56+00:00","og_image":[{"width":500,"height":500,"url":"https:\/\/linqeurope.pl\/wp-content\/uploads\/2025\/02\/10018524_front.png","type":"image\/png"}],"twitter_card":"summary_large_image","schema":{"@context":"https:\/\/schema.org","@graph":[{"@type":"WebPage","@id":"https:\/\/greenlink.technology\/pt-pt\/produkt\/enwitec-protecao-de-rede-e-sistema-tor-1725-kva-de-acordo-com-oeve-tor-r25-ns-async-10018524\/","url":"https:\/\/greenlink.technology\/pt-pt\/produkt\/enwitec-protecao-de-rede-e-sistema-tor-1725-kva-de-acordo-com-oeve-tor-r25-ns-async-10018524\/","name":"enwitec prote\u00e7\u00e3o de rede e sistema TOR - 172,5 kVA - de acordo com \u00d6VE TOR R25 NS ASYNC - 10018524 - greenLink orchestrating energy flows | enwitec electronic GmbH | LinQ Europe Sp. z o.o.","isPartOf":{"@id":"https:\/\/enwitec.eu\/en\/#website"},"primaryImageOfPage":{"@id":"https:\/\/greenlink.technology\/pt-pt\/produkt\/enwitec-protecao-de-rede-e-sistema-tor-1725-kva-de-acordo-com-oeve-tor-r25-ns-async-10018524\/#primaryimage"},"image":{"@id":"https:\/\/greenlink.technology\/pt-pt\/produkt\/enwitec-protecao-de-rede-e-sistema-tor-1725-kva-de-acordo-com-oeve-tor-r25-ns-async-10018524\/#primaryimage"},"thumbnailUrl":"https:\/\/greenlink.technology\/wp-content\/uploads\/2025\/02\/10018524_front.png","datePublished":"2024-03-22T11:21:14+00:00","dateModified":"2025-06-12T06:04:56+00:00","breadcrumb":{"@id":"https:\/\/greenlink.technology\/pt-pt\/produkt\/enwitec-protecao-de-rede-e-sistema-tor-1725-kva-de-acordo-com-oeve-tor-r25-ns-async-10018524\/#breadcrumb"},"inLanguage":"pt-PT","potentialAction":[{"@type":"ReadAction","target":["https:\/\/greenlink.technology\/pt-pt\/produkt\/enwitec-protecao-de-rede-e-sistema-tor-1725-kva-de-acordo-com-oeve-tor-r25-ns-async-10018524\/"]}]},{"@type":"ImageObject","inLanguage":"pt-PT","@id":"https:\/\/greenlink.technology\/pt-pt\/produkt\/enwitec-protecao-de-rede-e-sistema-tor-1725-kva-de-acordo-com-oeve-tor-r25-ns-async-10018524\/#primaryimage","url":"https:\/\/greenlink.technology\/wp-content\/uploads\/2025\/02\/10018524_front.png","contentUrl":"https:\/\/greenlink.technology\/wp-content\/uploads\/2025\/02\/10018524_front.png","width":500,"height":500},{"@type":"BreadcrumbList","@id":"https:\/\/greenlink.technology\/pt-pt\/produkt\/enwitec-protecao-de-rede-e-sistema-tor-1725-kva-de-acordo-com-oeve-tor-r25-ns-async-10018524\/#breadcrumb","itemListElement":[{"@type":"ListItem","position":1,"name":"Startseite","item":"https:\/\/enwitec.eu\/pt-pt\/"},{"@type":"ListItem","position":2,"name":"Produtos","item":"https:\/\/greenlink.technology\/pt-pt\/sobre-nos\/a-empresa\/enwitec\/produtos\/"},{"@type":"ListItem","position":3,"name":"enwitec prote\u00e7\u00e3o de rede e sistema TOR &#8211; 172,5 kVA &#8211; de acordo com \u00d6VE TOR R25 NS ASYNC &#8211; 10018524"}]},{"@type":"WebSite","@id":"https:\/\/enwitec.eu\/en\/#website","url":"https:\/\/enwitec.eu\/en\/","name":"greenLink orchestrating energy flows | enwitec electronic GmbH | LinQ Europe Sp. z o.o.","description":"","publisher":{"@id":"https:\/\/enwitec.eu\/en\/#organization"},"potentialAction":[{"@type":"SearchAction","target":{"@type":"EntryPoint","urlTemplate":"https:\/\/enwitec.eu\/en\/?s={search_term_string}"},"query-input":{"@type":"PropertyValueSpecification","valueRequired":true,"valueName":"search_term_string"}}],"inLanguage":"pt-PT"},{"@type":"Organization","@id":"https:\/\/enwitec.eu\/en\/#organization","name":"greenLink orquestra\u00e7\u00e3o de fluxos de energia | enwitec electronic GmbH | LinQ Europe Sp. z o.o.","url":"https:\/\/enwitec.eu\/en\/","logo":{"@type":"ImageObject","inLanguage":"pt-PT","@id":"https:\/\/enwitec.eu\/en\/#\/schema\/logo\/image\/","url":"https:\/\/greenlink.technology\/wp-content\/uploads\/2025\/01\/greenlink-logo-final.png","contentUrl":"https:\/\/greenlink.technology\/wp-content\/uploads\/2025\/01\/greenlink-logo-final.png","width":2586,"height":629,"caption":"greenLink orquestra\u00e7\u00e3o de fluxos de energia | enwitec electronic GmbH | LinQ Europe Sp. z o.o. "},"image":{"@id":"https:\/\/enwitec.eu\/en\/#\/schema\/logo\/image\/"}}]}},"_links":{"self":[{"href":"https:\/\/greenlink.technology\/pt-pt\/wp-json\/wp\/v2\/product\/9757","targetHints":{"allow":["GET"]}}],"collection":[{"href":"https:\/\/greenlink.technology\/pt-pt\/wp-json\/wp\/v2\/product"}],"about":[{"href":"https:\/\/greenlink.technology\/pt-pt\/wp-json\/wp\/v2\/types\/product"}],"replies":[{"embeddable":true,"href":"https:\/\/greenlink.technology\/pt-pt\/wp-json\/wp\/v2\/comments?post=9757"}],"wp:featuredmedia":[{"embeddable":true,"href":"https:\/\/greenlink.technology\/pt-pt\/wp-json\/wp\/v2\/media\/9759"}],"wp:attachment":[{"href":"https:\/\/greenlink.technology\/pt-pt\/wp-json\/wp\/v2\/media?parent=9757"}],"wp:term":[{"taxonomy":"anwendung","embeddable":true,"href":"https:\/\/greenlink.technology\/pt-pt\/wp-json\/wp\/v2\/anwendung?post=9757"},{"taxonomy":"product_brand","embeddable":true,"href":"https:\/\/greenlink.technology\/pt-pt\/wp-json\/wp\/v2\/product_brand?post=9757"},{"taxonomy":"product_cat","embeddable":true,"href":"https:\/\/greenlink.technology\/pt-pt\/wp-json\/wp\/v2\/product_cat?post=9757"},{"taxonomy":"product_tag","embeddable":true,"href":"https:\/\/greenlink.technology\/pt-pt\/wp-json\/wp\/v2\/product_tag?post=9757"}],"curies":[{"name":"wp","href":"https:\/\/api.w.org\/{rel}","templated":true}]}}