{"id":17217,"date":"2025-06-30T14:59:56","date_gmt":"2025-06-30T12:59:56","guid":{"rendered":"https:\/\/enwitec.eu\/?post_type=product&#038;p=17217"},"modified":"2025-09-15T11:12:00","modified_gmt":"2025-09-15T09:12:00","slug":"enwitec-distribuidor-ac-3ac-400-tnc-5-nh000-x-bc-pes-1-0-10015383-kopie","status":"publish","type":"product","link":"https:\/\/greenlink.technology\/pt-pt\/produkt\/enwitec-distribuidor-ac-3ac-400-tnc-5-nh000-x-bc-pes-1-0-10015383-kopie\/","title":{"rendered":"Distribuidor enwitec AC FieldConnect 800 &#8211; 10019566"},"content":{"rendered":"<div class=\"system-stammdaten\">\n<h2><\/h2>\n<p>&nbsp;<\/p>\n<\/div>\n","protected":false},"excerpt":{"rendered":"<p>&nbsp;<\/p>\n","protected":false},"featured_media":17236,"comment_status":"closed","ping_status":"closed","template":"","meta":{"_acf_changed":false},"anwendung":[],"product_brand":[264],"product_cat":[708],"product_tag":[1414,710,1415],"class_list":{"0":"post-17217","1":"product","2":"type-product","3":"status-publish","4":"has-post-thumbnail","6":"product_brand-enwitec","7":"product_cat-distribuidor-ac","8":"product_tag-1414","9":"product_tag-distribuidor-ac","10":"product_tag-fieldconnect","11":"pa_ueberspannungsschutz-tipo-iiiiii-tns","12":"pa_wechselrichtereingaenge-5-6-pt-pt","14":"first","15":"instock","16":"shipping-taxable","17":"product-type-simple"},"acf":{"product_informations":"O FieldConnect 800 \u00e9 um quadro de distribui\u00e7\u00e3o AC para a rede de 800V, concebido para uma pot\u00eancia total do sistema de at\u00e9 1 MW (1,1 MVA). Com uma corrente m\u00e1xima de funcionamento de 800A e um design flex\u00edvel e espec\u00edfico do projeto, estabelece novos padr\u00f5es em termos de desempenho e disponibilidade. \n\nOferece uma solu\u00e7\u00e3o fi\u00e1vel e flex\u00edvel para a distribui\u00e7\u00e3o de energia CA. Est\u00e1 preparado para cargas t\u00e9rmicas e el\u00e9ctricas elevadas e pode ser utilizado em aplica\u00e7\u00f5es interiores e exteriores.  O quadro de distribui\u00e7\u00e3o est\u00e1 equipado com um sistema de barramento de 185 mm de alta qualidade e oferece v\u00e1rias op\u00e7\u00f5es de liga\u00e7\u00e3o para satisfazer os requisitos espec\u00edficos dos seus projectos.\n\nMaximiza a efici\u00eancia e a seguran\u00e7a da tua infraestrutura energ\u00e9tica com o FieldConnect 800.","technical_data":"<div class=\"stammdaten-col\">\n<div class=\"line\">\n<p class=\"system-stammdaten-left\">N.\u00ba do artigo: 10019566\n<span style=\"font-size: inherit;\">Forma da malha: <\/span><span style=\"font-size: inherit;\">TN-S\n<\/span><span style=\"font-size: inherit;\">N\u00famero de entradas do inversor: <\/span><span style=\"font-size: inherit;\">5\n<\/span><span style=\"font-size: inherit;\">Prote\u00e7\u00e3o contra sobretens\u00e3o: Tipo I+II+III TNS<\/span><span style=\"font-size: inherit;\">\n<\/span><span style=\"font-size: inherit;\">Tipo de fus\u00edvel: seccionador NH1<\/span><span style=\"font-size: inherit;\">\n<\/span><span style=\"font-size: inherit;\">M\u00e1ximo (Ue): 8 <\/span><span style=\"font-size: inherit;\">00 V\n<\/span><span style=\"font-size: inherit;\">Frequ\u00eancia de funcionamento (fn): <\/span><span style=\"font-size: inherit;\">50 Hz\n<\/span><span style=\"font-size: inherit;\">Corrente nominal (In): 8<\/span><span style=\"font-size: inherit;\">00 A<\/span><span style=\"font-size: inherit;\">\n<\/span><span style=\"font-size: inherit;\">Dimens\u00f5es: 1286 x 1279 x 470 mm<\/span><\/p>\n\n<\/div>\n<\/div>","download":"<a href=\"https:\/\/greenlink.technology\/wp-content\/uploads\/2025\/06\/10019566_Datenblatt_FieldConnect-800_DE_2025_04_17-1.pdf\" target=\"_blank\" rel=\"noopener\">Ficha de dados PT<\/a>\n<a href=\"https:\/\/greenlink.technology\/wp-content\/uploads\/2025\/06\/10019566_datasheet_FieldConnect-800_EN_2025_04_24-1.pdf\" target=\"_blank\" rel=\"noopener\">Ficha de dados PT<\/a>\n<a href=\"https:\/\/greenlink.technology\/wp-content\/uploads\/2025\/06\/10019566_Arkusz-danych_FieldConnect-800_PL_2025_05_20-1.pdf\" target=\"_blank\" rel=\"noopener\">Arkusz Danych PL<\/a>","product_short_description":"<strong>Tens\u00e3o da rede:<\/strong> 800 V\n<strong>Tipo de rede:<\/strong> TN-S\n<strong>N\u00famero de entradas do inversor:<\/strong> 5\n<strong>Prote\u00e7\u00e3o contra sobretens\u00e3o:<\/strong> <span style=\"font-size: inherit;\">Tipo I+II+III TNS<\/span>","photo_gallery":{"galerie_produkte":[[]]}},"yoast_head":"<!-- This site is optimized with the Yoast SEO plugin v27.3 - https:\/\/yoast.com\/product\/yoast-seo-wordpress\/ -->\n<title>Distribuidor enwitec AC FieldConnect 800 - 10019566 - greenLink orchestrating energy flows | enwitec electronic GmbH | LinQ Europe Sp. z o.o.<\/title>\n<meta name=\"robots\" content=\"index, follow, max-snippet:-1, max-image-preview:large, max-video-preview:-1\" \/>\n<link rel=\"canonical\" href=\"https:\/\/greenlink.technology\/pt-pt\/produkt\/enwitec-distribuidor-ac-3ac-400-tnc-5-nh000-x-bc-pes-1-0-10015383-kopie\/\" \/>\n<meta property=\"og:locale\" content=\"pt_PT\" \/>\n<meta property=\"og:type\" content=\"article\" \/>\n<meta property=\"og:title\" content=\"Distribuidor enwitec AC FieldConnect 800 - 10019566 - greenLink orchestrating energy flows | enwitec electronic GmbH | LinQ Europe Sp. z o.o.\" \/>\n<meta property=\"og:description\" content=\"&nbsp;\" \/>\n<meta property=\"og:url\" content=\"https:\/\/greenlink.technology\/pt-pt\/produkt\/enwitec-distribuidor-ac-3ac-400-tnc-5-nh000-x-bc-pes-1-0-10015383-kopie\/\" \/>\n<meta property=\"og:site_name\" content=\"greenLink orchestrating energy flows | enwitec electronic GmbH | LinQ Europe Sp. z o.o.\" \/>\n<meta property=\"article:modified_time\" content=\"2025-09-15T09:12:00+00:00\" \/>\n<meta property=\"og:image\" content=\"https:\/\/linqeurope.pl\/wp-content\/uploads\/2025\/06\/10019560_front.png\" \/>\n\t<meta property=\"og:image:width\" content=\"500\" \/>\n\t<meta property=\"og:image:height\" content=\"500\" \/>\n\t<meta property=\"og:image:type\" content=\"image\/png\" \/>\n<meta name=\"twitter:card\" content=\"summary_large_image\" \/>\n<script type=\"application\/ld+json\" class=\"yoast-schema-graph\">{\"@context\":\"https:\\\/\\\/schema.org\",\"@graph\":[{\"@type\":\"WebPage\",\"@id\":\"https:\\\/\\\/greenlink.technology\\\/pt-pt\\\/produkt\\\/enwitec-distribuidor-ac-3ac-400-tnc-5-nh000-x-bc-pes-1-0-10015383-kopie\\\/\",\"url\":\"https:\\\/\\\/greenlink.technology\\\/pt-pt\\\/produkt\\\/enwitec-distribuidor-ac-3ac-400-tnc-5-nh000-x-bc-pes-1-0-10015383-kopie\\\/\",\"name\":\"Distribuidor enwitec AC FieldConnect 800 - 10019566 - greenLink orchestrating energy flows | enwitec electronic GmbH | LinQ Europe Sp. z o.o.\",\"isPartOf\":{\"@id\":\"https:\\\/\\\/enwitec.eu\\\/en\\\/#website\"},\"primaryImageOfPage\":{\"@id\":\"https:\\\/\\\/greenlink.technology\\\/pt-pt\\\/produkt\\\/enwitec-distribuidor-ac-3ac-400-tnc-5-nh000-x-bc-pes-1-0-10015383-kopie\\\/#primaryimage\"},\"image\":{\"@id\":\"https:\\\/\\\/greenlink.technology\\\/pt-pt\\\/produkt\\\/enwitec-distribuidor-ac-3ac-400-tnc-5-nh000-x-bc-pes-1-0-10015383-kopie\\\/#primaryimage\"},\"thumbnailUrl\":\"https:\\\/\\\/greenlink.technology\\\/wp-content\\\/uploads\\\/2025\\\/06\\\/10019560_front.png\",\"datePublished\":\"2025-06-30T12:59:56+00:00\",\"dateModified\":\"2025-09-15T09:12:00+00:00\",\"breadcrumb\":{\"@id\":\"https:\\\/\\\/greenlink.technology\\\/pt-pt\\\/produkt\\\/enwitec-distribuidor-ac-3ac-400-tnc-5-nh000-x-bc-pes-1-0-10015383-kopie\\\/#breadcrumb\"},\"inLanguage\":\"pt-PT\",\"potentialAction\":[{\"@type\":\"ReadAction\",\"target\":[\"https:\\\/\\\/greenlink.technology\\\/pt-pt\\\/produkt\\\/enwitec-distribuidor-ac-3ac-400-tnc-5-nh000-x-bc-pes-1-0-10015383-kopie\\\/\"]}]},{\"@type\":\"ImageObject\",\"inLanguage\":\"pt-PT\",\"@id\":\"https:\\\/\\\/greenlink.technology\\\/pt-pt\\\/produkt\\\/enwitec-distribuidor-ac-3ac-400-tnc-5-nh000-x-bc-pes-1-0-10015383-kopie\\\/#primaryimage\",\"url\":\"https:\\\/\\\/greenlink.technology\\\/wp-content\\\/uploads\\\/2025\\\/06\\\/10019560_front.png\",\"contentUrl\":\"https:\\\/\\\/greenlink.technology\\\/wp-content\\\/uploads\\\/2025\\\/06\\\/10019560_front.png\",\"width\":500,\"height\":500},{\"@type\":\"BreadcrumbList\",\"@id\":\"https:\\\/\\\/greenlink.technology\\\/pt-pt\\\/produkt\\\/enwitec-distribuidor-ac-3ac-400-tnc-5-nh000-x-bc-pes-1-0-10015383-kopie\\\/#breadcrumb\",\"itemListElement\":[{\"@type\":\"ListItem\",\"position\":1,\"name\":\"Startseite\",\"item\":\"https:\\\/\\\/enwitec.eu\\\/pt-pt\\\/\"},{\"@type\":\"ListItem\",\"position\":2,\"name\":\"Produtos\",\"item\":\"https:\\\/\\\/greenlink.technology\\\/pt-pt\\\/sobre-nos\\\/a-empresa\\\/enwitec\\\/produtos\\\/\"},{\"@type\":\"ListItem\",\"position\":3,\"name\":\"Distribuidor enwitec AC FieldConnect 800 &#8211; 10019566\"}]},{\"@type\":\"WebSite\",\"@id\":\"https:\\\/\\\/enwitec.eu\\\/en\\\/#website\",\"url\":\"https:\\\/\\\/enwitec.eu\\\/en\\\/\",\"name\":\"greenLink orchestrating energy flows | enwitec electronic GmbH | LinQ Europe Sp. z o.o.\",\"description\":\"\",\"publisher\":{\"@id\":\"https:\\\/\\\/enwitec.eu\\\/en\\\/#organization\"},\"potentialAction\":[{\"@type\":\"SearchAction\",\"target\":{\"@type\":\"EntryPoint\",\"urlTemplate\":\"https:\\\/\\\/enwitec.eu\\\/en\\\/?s={search_term_string}\"},\"query-input\":{\"@type\":\"PropertyValueSpecification\",\"valueRequired\":true,\"valueName\":\"search_term_string\"}}],\"inLanguage\":\"pt-PT\"},{\"@type\":\"Organization\",\"@id\":\"https:\\\/\\\/enwitec.eu\\\/en\\\/#organization\",\"name\":\"greenLink orquestra\u00e7\u00e3o de fluxos de energia | enwitec electronic GmbH | LinQ Europe Sp. z o.o.\",\"url\":\"https:\\\/\\\/enwitec.eu\\\/en\\\/\",\"logo\":{\"@type\":\"ImageObject\",\"inLanguage\":\"pt-PT\",\"@id\":\"https:\\\/\\\/enwitec.eu\\\/en\\\/#\\\/schema\\\/logo\\\/image\\\/\",\"url\":\"https:\\\/\\\/greenlink.technology\\\/wp-content\\\/uploads\\\/2025\\\/01\\\/greenlink-logo-final.png\",\"contentUrl\":\"https:\\\/\\\/greenlink.technology\\\/wp-content\\\/uploads\\\/2025\\\/01\\\/greenlink-logo-final.png\",\"width\":2586,\"height\":629,\"caption\":\"greenLink orquestra\u00e7\u00e3o de fluxos de energia | enwitec electronic GmbH | LinQ Europe Sp. z o.o. \"},\"image\":{\"@id\":\"https:\\\/\\\/enwitec.eu\\\/en\\\/#\\\/schema\\\/logo\\\/image\\\/\"}}]}<\/script>\n<!-- \/ Yoast SEO plugin. -->","yoast_head_json":{"title":"Distribuidor enwitec AC FieldConnect 800 - 10019566 - greenLink orchestrating energy flows | enwitec electronic GmbH | LinQ Europe Sp. z o.o.","robots":{"index":"index","follow":"follow","max-snippet":"max-snippet:-1","max-image-preview":"max-image-preview:large","max-video-preview":"max-video-preview:-1"},"canonical":"https:\/\/greenlink.technology\/pt-pt\/produkt\/enwitec-distribuidor-ac-3ac-400-tnc-5-nh000-x-bc-pes-1-0-10015383-kopie\/","og_locale":"pt_PT","og_type":"article","og_title":"Distribuidor enwitec AC FieldConnect 800 - 10019566 - greenLink orchestrating energy flows | enwitec electronic GmbH | LinQ Europe Sp. z o.o.","og_description":"&nbsp;","og_url":"https:\/\/greenlink.technology\/pt-pt\/produkt\/enwitec-distribuidor-ac-3ac-400-tnc-5-nh000-x-bc-pes-1-0-10015383-kopie\/","og_site_name":"greenLink orchestrating energy flows | enwitec electronic GmbH | LinQ Europe Sp. z o.o.","article_modified_time":"2025-09-15T09:12:00+00:00","og_image":[{"width":500,"height":500,"url":"https:\/\/linqeurope.pl\/wp-content\/uploads\/2025\/06\/10019560_front.png","type":"image\/png"}],"twitter_card":"summary_large_image","schema":{"@context":"https:\/\/schema.org","@graph":[{"@type":"WebPage","@id":"https:\/\/greenlink.technology\/pt-pt\/produkt\/enwitec-distribuidor-ac-3ac-400-tnc-5-nh000-x-bc-pes-1-0-10015383-kopie\/","url":"https:\/\/greenlink.technology\/pt-pt\/produkt\/enwitec-distribuidor-ac-3ac-400-tnc-5-nh000-x-bc-pes-1-0-10015383-kopie\/","name":"Distribuidor enwitec AC FieldConnect 800 - 10019566 - greenLink orchestrating energy flows | enwitec electronic GmbH | LinQ Europe Sp. z o.o.","isPartOf":{"@id":"https:\/\/enwitec.eu\/en\/#website"},"primaryImageOfPage":{"@id":"https:\/\/greenlink.technology\/pt-pt\/produkt\/enwitec-distribuidor-ac-3ac-400-tnc-5-nh000-x-bc-pes-1-0-10015383-kopie\/#primaryimage"},"image":{"@id":"https:\/\/greenlink.technology\/pt-pt\/produkt\/enwitec-distribuidor-ac-3ac-400-tnc-5-nh000-x-bc-pes-1-0-10015383-kopie\/#primaryimage"},"thumbnailUrl":"https:\/\/greenlink.technology\/wp-content\/uploads\/2025\/06\/10019560_front.png","datePublished":"2025-06-30T12:59:56+00:00","dateModified":"2025-09-15T09:12:00+00:00","breadcrumb":{"@id":"https:\/\/greenlink.technology\/pt-pt\/produkt\/enwitec-distribuidor-ac-3ac-400-tnc-5-nh000-x-bc-pes-1-0-10015383-kopie\/#breadcrumb"},"inLanguage":"pt-PT","potentialAction":[{"@type":"ReadAction","target":["https:\/\/greenlink.technology\/pt-pt\/produkt\/enwitec-distribuidor-ac-3ac-400-tnc-5-nh000-x-bc-pes-1-0-10015383-kopie\/"]}]},{"@type":"ImageObject","inLanguage":"pt-PT","@id":"https:\/\/greenlink.technology\/pt-pt\/produkt\/enwitec-distribuidor-ac-3ac-400-tnc-5-nh000-x-bc-pes-1-0-10015383-kopie\/#primaryimage","url":"https:\/\/greenlink.technology\/wp-content\/uploads\/2025\/06\/10019560_front.png","contentUrl":"https:\/\/greenlink.technology\/wp-content\/uploads\/2025\/06\/10019560_front.png","width":500,"height":500},{"@type":"BreadcrumbList","@id":"https:\/\/greenlink.technology\/pt-pt\/produkt\/enwitec-distribuidor-ac-3ac-400-tnc-5-nh000-x-bc-pes-1-0-10015383-kopie\/#breadcrumb","itemListElement":[{"@type":"ListItem","position":1,"name":"Startseite","item":"https:\/\/enwitec.eu\/pt-pt\/"},{"@type":"ListItem","position":2,"name":"Produtos","item":"https:\/\/greenlink.technology\/pt-pt\/sobre-nos\/a-empresa\/enwitec\/produtos\/"},{"@type":"ListItem","position":3,"name":"Distribuidor enwitec AC FieldConnect 800 &#8211; 10019566"}]},{"@type":"WebSite","@id":"https:\/\/enwitec.eu\/en\/#website","url":"https:\/\/enwitec.eu\/en\/","name":"greenLink orchestrating energy flows | enwitec electronic GmbH | LinQ Europe Sp. z o.o.","description":"","publisher":{"@id":"https:\/\/enwitec.eu\/en\/#organization"},"potentialAction":[{"@type":"SearchAction","target":{"@type":"EntryPoint","urlTemplate":"https:\/\/enwitec.eu\/en\/?s={search_term_string}"},"query-input":{"@type":"PropertyValueSpecification","valueRequired":true,"valueName":"search_term_string"}}],"inLanguage":"pt-PT"},{"@type":"Organization","@id":"https:\/\/enwitec.eu\/en\/#organization","name":"greenLink orquestra\u00e7\u00e3o de fluxos de energia | enwitec electronic GmbH | LinQ Europe Sp. z o.o.","url":"https:\/\/enwitec.eu\/en\/","logo":{"@type":"ImageObject","inLanguage":"pt-PT","@id":"https:\/\/enwitec.eu\/en\/#\/schema\/logo\/image\/","url":"https:\/\/greenlink.technology\/wp-content\/uploads\/2025\/01\/greenlink-logo-final.png","contentUrl":"https:\/\/greenlink.technology\/wp-content\/uploads\/2025\/01\/greenlink-logo-final.png","width":2586,"height":629,"caption":"greenLink orquestra\u00e7\u00e3o de fluxos de energia | enwitec electronic GmbH | LinQ Europe Sp. z o.o. "},"image":{"@id":"https:\/\/enwitec.eu\/en\/#\/schema\/logo\/image\/"}}]}},"_links":{"self":[{"href":"https:\/\/greenlink.technology\/pt-pt\/wp-json\/wp\/v2\/product\/17217","targetHints":{"allow":["GET"]}}],"collection":[{"href":"https:\/\/greenlink.technology\/pt-pt\/wp-json\/wp\/v2\/product"}],"about":[{"href":"https:\/\/greenlink.technology\/pt-pt\/wp-json\/wp\/v2\/types\/product"}],"replies":[{"embeddable":true,"href":"https:\/\/greenlink.technology\/pt-pt\/wp-json\/wp\/v2\/comments?post=17217"}],"wp:featuredmedia":[{"embeddable":true,"href":"https:\/\/greenlink.technology\/pt-pt\/wp-json\/wp\/v2\/media\/17236"}],"wp:attachment":[{"href":"https:\/\/greenlink.technology\/pt-pt\/wp-json\/wp\/v2\/media?parent=17217"}],"wp:term":[{"taxonomy":"anwendung","embeddable":true,"href":"https:\/\/greenlink.technology\/pt-pt\/wp-json\/wp\/v2\/anwendung?post=17217"},{"taxonomy":"product_brand","embeddable":true,"href":"https:\/\/greenlink.technology\/pt-pt\/wp-json\/wp\/v2\/product_brand?post=17217"},{"taxonomy":"product_cat","embeddable":true,"href":"https:\/\/greenlink.technology\/pt-pt\/wp-json\/wp\/v2\/product_cat?post=17217"},{"taxonomy":"product_tag","embeddable":true,"href":"https:\/\/greenlink.technology\/pt-pt\/wp-json\/wp\/v2\/product_tag?post=17217"}],"curies":[{"name":"wp","href":"https:\/\/api.w.org\/{rel}","templated":true}]}}