{"id":12363,"date":"2024-03-05T07:17:01","date_gmt":"2024-03-05T06:17:01","guid":{"rendered":"https:\/\/greenlink.technology\/produkt\/enwitec-caixa-de-interruptores-de-rede-para-fronius-italia-symo-gen24-plus-system-full-backup-30kw-3ph-230-400v-10015842\/"},"modified":"2024-03-05T07:17:01","modified_gmt":"2024-03-05T06:17:01","slug":"enwitec-caixa-de-interruptores-de-rede-para-fronius-italia-symo-gen24-plus-system-full-backup-30kw-3ph-230-400v-10015842","status":"publish","type":"product","link":"https:\/\/greenlink.technology\/pt-pt\/produkt\/enwitec-caixa-de-interruptores-de-rede-para-fronius-italia-symo-gen24-plus-system-full-backup-30kw-3ph-230-400v-10015842\/","title":{"rendered":"enwitec Caixa de interruptores de rede para Fronius It\u00e1lia SYMO GEN24 Plus System &#8220;Full Backup&#8221; &#8211; 30kW, 3PH 230\/400V &#8211; 10015842"},"content":{"rendered":"","protected":false},"excerpt":{"rendered":"","protected":false},"featured_media":12364,"comment_status":"closed","ping_status":"closed","template":"","meta":{"_acf_changed":false},"anwendung":[],"product_brand":[264],"product_cat":[354],"product_tag":[1199,371,369,431,370],"class_list":{"0":"post-12363","1":"product","2":"type-product","3":"status-publish","4":"has-post-thumbnail","6":"product_brand-enwitec","7":"product_cat-caixas-de-interruptores-de-rede-na-rede","8":"product_tag-10015842-pt-pt","9":"product_tag-dispositivo-de-comutacao","10":"product_tag-dispositivos-de-comutacao-da-rede-electrica","11":"product_tag-fronius-symo-gen24-pt-pt","12":"product_tag-na-rede","13":"pa_laenderfreigabe-it-pt-pt","14":"pa_max-durchgangsleistung-0-30-kw-pt-pt","15":"pa_nf-a-netzanschlusspunkt-tn-c-pt-pt","16":"pa_nf-a-netzanschlusspunkt-tn-s-pt-pt","17":"pa_nf-a-netzanschlusspunkt-tt-pt-pt","18":"pa_nf-i-d-verbraucheranlage-tn-s-pt-pt","19":"pa_nf-i-d-verbraucheranlage-tt-pt-pt","20":"pa_umschaltung-automatico-pt-pt","21":"pa_wechselrichter-fronius-gen24-plus-pt-pt","23":"first","24":"instock","25":"shipping-taxable","26":"product-type-simple"},"acf":{"product_informations":"Caixa de interruptores de rede 3AC 230\/400V 50Hz\npara sistemas fotovoltaicos >11.08KW de acordo com CEI 0-21:2019-04\n- Fus\u00edvel de liga\u00e7\u00e3o m\u00e1x. 63A\n- Desconex\u00e3o de todos os p\u00f3los - Rede TN-S\/TT\n- ATEN\u00c7\u00c3O: N\u00c3O h\u00e1 rede TN-C no sistema do cliente! \n\nadequado para\nFRONIUS - Symo GEN24 6.0 Plus\/8.0 Plus\/10.0 Plus\/12.0 SC Plus\n\nDisponibilidade do pa\u00eds: It\u00e1lia\n\n- incl. Fronius SMART METER \n\nPara mais informa\u00e7\u00f5es t\u00e9cnicas, descarregue a documenta\u00e7\u00e3o.\n\nNota\nC\u00f3digo de correspond\u00eancia: 3PH_FRO_BBDAP_30KW_3PH_IT_1.0","technical_data":"N.\u00ba do artigo: 10015842\nCompat\u00edvel com: Fronius\nFases: Trif\u00e1sico\nDesconex\u00e3o da rede el\u00e9ctrica: Todos os p\u00f3los\nMax. d\u00e9bito t\u00e9rmico: 30 kW\nC\u00f3digo do pa\u00eds: It\u00e1lia\nProte\u00e7\u00e3o NA: sim\nInterruptor de mudan\u00e7a de fonte: n\u00e3o\nTens\u00e3o nominal: 230\/400V\nFrequ\u00eancia nominal: 50\/60 Hz\nCorrente de curto-circuito: 10 kA\nFus\u00edvel de reserva: 63 A\nGama de temperaturas de funcionamento: -5\u00b0C a +40\u00b0C\nHumidade: 5% a 95%\nClasse de prote\u00e7\u00e3o: II\nDimens\u00f5es LxAxP: 448x842x160 mm\nPeso: 16 kg\nCaixa: policarbonato","download":"Ficha de dados PT\nScheda tecnica IT\n<a href=\"https:\/\/greenlink.technology\/wp-content\/uploads\/2025\/04\/2023_07_25_Auswahlhilfe-Fronius-Netzumschaltboxen_IT-3.pdf\" target=\"_blank\" rel=\"noopener\">Guia de sele\u00e7\u00e3o IT<\/a>\n<a href=\"https:\/\/greenlink.technology\/wp-content\/uploads\/2025\/04\/2023_07_25_Selection_guide_Fronius_Switchover-box_IT.pdf\" target=\"_blank\" rel=\"noopener\">Guia de sele\u00e7\u00e3o<\/a>\n<a href=\"https:\/\/greenlink.technology\/wp-content\/uploads\/2025\/04\/Allg_Installationsanleitung_10017760_Fronius-Netzumschaltboxen-DACH_V1.0_DE_2024_05_31-1-4.pdf\" target=\"_blank\" rel=\"noopener\">Guia de instala\u00e7\u00e3o<\/a>\n<a href=\"https:\/\/greenlink.technology\/wp-content\/uploads\/2025\/04\/Manuale_10015853_Fronius-Quadro-commutazione-per-alimentazione-di-riserva_-IT_V2.0_2024_06_03-1.pdf\" target=\"_blank\" rel=\"noopener\">Manuale IT<\/a>","product_short_description":"Inversor: Fronius GEN24 Plus\nHomologa\u00e7\u00e3o do pa\u00eds: It\u00e1lia\nPot\u00eancia t\u00e9rmica m\u00e1xima: 30 kW\nComuta\u00e7\u00e3o: autom\u00e1tica\nTipo de rede no ponto de liga\u00e7\u00e3o \u00e0 rede: TT, TN-S, TN-C\nTipo de rede no sistema consumidor: TT, TN-S ","photo_gallery":{"galerie_produkte":[[]]}},"yoast_head":"<!-- This site is optimized with the Yoast SEO plugin v27.3 - https:\/\/yoast.com\/product\/yoast-seo-wordpress\/ -->\n<title>enwitec Caixa de interruptores de rede para Fronius It\u00e1lia SYMO GEN24 Plus System &quot;Full Backup&quot; - 30kW, 3PH 230\/400V - 10015842 - greenLink orchestrating energy flows | enwitec electronic GmbH | LinQ Europe Sp. z o.o.<\/title>\n<meta name=\"robots\" content=\"index, follow, max-snippet:-1, max-image-preview:large, max-video-preview:-1\" \/>\n<link rel=\"canonical\" href=\"https:\/\/greenlink.technology\/pt-pt\/produkt\/enwitec-caixa-de-interruptores-de-rede-para-fronius-italia-symo-gen24-plus-system-full-backup-30kw-3ph-230-400v-10015842\/\" \/>\n<meta property=\"og:locale\" content=\"pt_PT\" \/>\n<meta property=\"og:type\" content=\"article\" \/>\n<meta property=\"og:title\" content=\"enwitec Caixa de interruptores de rede para Fronius It\u00e1lia SYMO GEN24 Plus System &quot;Full Backup&quot; - 30kW, 3PH 230\/400V - 10015842 - greenLink orchestrating energy flows | enwitec electronic GmbH | LinQ Europe Sp. z o.o.\" \/>\n<meta property=\"og:url\" content=\"https:\/\/greenlink.technology\/pt-pt\/produkt\/enwitec-caixa-de-interruptores-de-rede-para-fronius-italia-symo-gen24-plus-system-full-backup-30kw-3ph-230-400v-10015842\/\" \/>\n<meta property=\"og:site_name\" content=\"greenLink orchestrating energy flows | enwitec electronic GmbH | LinQ Europe Sp. z o.o.\" \/>\n<meta property=\"og:image\" content=\"https:\/\/greenlink.technology\/wp-content\/uploads\/2025\/02\/10015842_front.png\" \/>\n\t<meta property=\"og:image:width\" content=\"500\" \/>\n\t<meta property=\"og:image:height\" content=\"500\" \/>\n\t<meta property=\"og:image:type\" content=\"image\/png\" \/>\n<meta name=\"twitter:card\" content=\"summary_large_image\" \/>\n<script type=\"application\/ld+json\" class=\"yoast-schema-graph\">{\"@context\":\"https:\\\/\\\/schema.org\",\"@graph\":[{\"@type\":\"WebPage\",\"@id\":\"https:\\\/\\\/greenlink.technology\\\/pt-pt\\\/produkt\\\/enwitec-caixa-de-interruptores-de-rede-para-fronius-italia-symo-gen24-plus-system-full-backup-30kw-3ph-230-400v-10015842\\\/\",\"url\":\"https:\\\/\\\/greenlink.technology\\\/pt-pt\\\/produkt\\\/enwitec-caixa-de-interruptores-de-rede-para-fronius-italia-symo-gen24-plus-system-full-backup-30kw-3ph-230-400v-10015842\\\/\",\"name\":\"enwitec Caixa de interruptores de rede para Fronius It\u00e1lia SYMO GEN24 Plus System \\\"Full Backup\\\" - 30kW, 3PH 230\\\/400V - 10015842 - greenLink orchestrating energy flows | enwitec electronic GmbH | LinQ Europe Sp. z o.o.\",\"isPartOf\":{\"@id\":\"https:\\\/\\\/enwitec.eu\\\/en\\\/#website\"},\"primaryImageOfPage\":{\"@id\":\"https:\\\/\\\/greenlink.technology\\\/pt-pt\\\/produkt\\\/enwitec-caixa-de-interruptores-de-rede-para-fronius-italia-symo-gen24-plus-system-full-backup-30kw-3ph-230-400v-10015842\\\/#primaryimage\"},\"image\":{\"@id\":\"https:\\\/\\\/greenlink.technology\\\/pt-pt\\\/produkt\\\/enwitec-caixa-de-interruptores-de-rede-para-fronius-italia-symo-gen24-plus-system-full-backup-30kw-3ph-230-400v-10015842\\\/#primaryimage\"},\"thumbnailUrl\":\"https:\\\/\\\/greenlink.technology\\\/wp-content\\\/uploads\\\/2025\\\/02\\\/10015842_front.png\",\"datePublished\":\"2024-03-05T06:17:01+00:00\",\"breadcrumb\":{\"@id\":\"https:\\\/\\\/greenlink.technology\\\/pt-pt\\\/produkt\\\/enwitec-caixa-de-interruptores-de-rede-para-fronius-italia-symo-gen24-plus-system-full-backup-30kw-3ph-230-400v-10015842\\\/#breadcrumb\"},\"inLanguage\":\"pt-PT\",\"potentialAction\":[{\"@type\":\"ReadAction\",\"target\":[\"https:\\\/\\\/greenlink.technology\\\/pt-pt\\\/produkt\\\/enwitec-caixa-de-interruptores-de-rede-para-fronius-italia-symo-gen24-plus-system-full-backup-30kw-3ph-230-400v-10015842\\\/\"]}]},{\"@type\":\"ImageObject\",\"inLanguage\":\"pt-PT\",\"@id\":\"https:\\\/\\\/greenlink.technology\\\/pt-pt\\\/produkt\\\/enwitec-caixa-de-interruptores-de-rede-para-fronius-italia-symo-gen24-plus-system-full-backup-30kw-3ph-230-400v-10015842\\\/#primaryimage\",\"url\":\"https:\\\/\\\/greenlink.technology\\\/wp-content\\\/uploads\\\/2025\\\/02\\\/10015842_front.png\",\"contentUrl\":\"https:\\\/\\\/greenlink.technology\\\/wp-content\\\/uploads\\\/2025\\\/02\\\/10015842_front.png\",\"width\":500,\"height\":500},{\"@type\":\"BreadcrumbList\",\"@id\":\"https:\\\/\\\/greenlink.technology\\\/pt-pt\\\/produkt\\\/enwitec-caixa-de-interruptores-de-rede-para-fronius-italia-symo-gen24-plus-system-full-backup-30kw-3ph-230-400v-10015842\\\/#breadcrumb\",\"itemListElement\":[{\"@type\":\"ListItem\",\"position\":1,\"name\":\"Startseite\",\"item\":\"https:\\\/\\\/enwitec.eu\\\/pt-pt\\\/\"},{\"@type\":\"ListItem\",\"position\":2,\"name\":\"Produtos\",\"item\":\"https:\\\/\\\/greenlink.technology\\\/pt-pt\\\/sobre-nos\\\/a-empresa\\\/enwitec\\\/produtos\\\/\"},{\"@type\":\"ListItem\",\"position\":3,\"name\":\"enwitec Caixa de interruptores de rede para Fronius It\u00e1lia SYMO GEN24 Plus System &#8220;Full Backup&#8221; &#8211; 30kW, 3PH 230\\\/400V &#8211; 10015842\"}]},{\"@type\":\"WebSite\",\"@id\":\"https:\\\/\\\/enwitec.eu\\\/en\\\/#website\",\"url\":\"https:\\\/\\\/enwitec.eu\\\/en\\\/\",\"name\":\"greenLink orchestrating energy flows | enwitec electronic GmbH | LinQ Europe Sp. z o.o.\",\"description\":\"\",\"publisher\":{\"@id\":\"https:\\\/\\\/enwitec.eu\\\/en\\\/#organization\"},\"potentialAction\":[{\"@type\":\"SearchAction\",\"target\":{\"@type\":\"EntryPoint\",\"urlTemplate\":\"https:\\\/\\\/enwitec.eu\\\/en\\\/?s={search_term_string}\"},\"query-input\":{\"@type\":\"PropertyValueSpecification\",\"valueRequired\":true,\"valueName\":\"search_term_string\"}}],\"inLanguage\":\"pt-PT\"},{\"@type\":\"Organization\",\"@id\":\"https:\\\/\\\/enwitec.eu\\\/en\\\/#organization\",\"name\":\"greenLink orquestra\u00e7\u00e3o de fluxos de energia | enwitec electronic GmbH | LinQ Europe Sp. z o.o.\",\"url\":\"https:\\\/\\\/enwitec.eu\\\/en\\\/\",\"logo\":{\"@type\":\"ImageObject\",\"inLanguage\":\"pt-PT\",\"@id\":\"https:\\\/\\\/enwitec.eu\\\/en\\\/#\\\/schema\\\/logo\\\/image\\\/\",\"url\":\"https:\\\/\\\/greenlink.technology\\\/wp-content\\\/uploads\\\/2025\\\/01\\\/greenlink-logo-final.png\",\"contentUrl\":\"https:\\\/\\\/greenlink.technology\\\/wp-content\\\/uploads\\\/2025\\\/01\\\/greenlink-logo-final.png\",\"width\":2586,\"height\":629,\"caption\":\"greenLink orquestra\u00e7\u00e3o de fluxos de energia | enwitec electronic GmbH | LinQ Europe Sp. z o.o. \"},\"image\":{\"@id\":\"https:\\\/\\\/enwitec.eu\\\/en\\\/#\\\/schema\\\/logo\\\/image\\\/\"}}]}<\/script>\n<!-- \/ Yoast SEO plugin. -->","yoast_head_json":{"title":"enwitec Caixa de interruptores de rede para Fronius It\u00e1lia SYMO GEN24 Plus System \"Full Backup\" - 30kW, 3PH 230\/400V - 10015842 - greenLink orchestrating energy flows | enwitec electronic GmbH | LinQ Europe Sp. z o.o.","robots":{"index":"index","follow":"follow","max-snippet":"max-snippet:-1","max-image-preview":"max-image-preview:large","max-video-preview":"max-video-preview:-1"},"canonical":"https:\/\/greenlink.technology\/pt-pt\/produkt\/enwitec-caixa-de-interruptores-de-rede-para-fronius-italia-symo-gen24-plus-system-full-backup-30kw-3ph-230-400v-10015842\/","og_locale":"pt_PT","og_type":"article","og_title":"enwitec Caixa de interruptores de rede para Fronius It\u00e1lia SYMO GEN24 Plus System \"Full Backup\" - 30kW, 3PH 230\/400V - 10015842 - greenLink orchestrating energy flows | enwitec electronic GmbH | LinQ Europe Sp. z o.o.","og_url":"https:\/\/greenlink.technology\/pt-pt\/produkt\/enwitec-caixa-de-interruptores-de-rede-para-fronius-italia-symo-gen24-plus-system-full-backup-30kw-3ph-230-400v-10015842\/","og_site_name":"greenLink orchestrating energy flows | enwitec electronic GmbH | LinQ Europe Sp. z o.o.","og_image":[{"width":500,"height":500,"url":"https:\/\/greenlink.technology\/wp-content\/uploads\/2025\/02\/10015842_front.png","type":"image\/png"}],"twitter_card":"summary_large_image","schema":{"@context":"https:\/\/schema.org","@graph":[{"@type":"WebPage","@id":"https:\/\/greenlink.technology\/pt-pt\/produkt\/enwitec-caixa-de-interruptores-de-rede-para-fronius-italia-symo-gen24-plus-system-full-backup-30kw-3ph-230-400v-10015842\/","url":"https:\/\/greenlink.technology\/pt-pt\/produkt\/enwitec-caixa-de-interruptores-de-rede-para-fronius-italia-symo-gen24-plus-system-full-backup-30kw-3ph-230-400v-10015842\/","name":"enwitec Caixa de interruptores de rede para Fronius It\u00e1lia SYMO GEN24 Plus System \"Full Backup\" - 30kW, 3PH 230\/400V - 10015842 - greenLink orchestrating energy flows | enwitec electronic GmbH | LinQ Europe Sp. z o.o.","isPartOf":{"@id":"https:\/\/enwitec.eu\/en\/#website"},"primaryImageOfPage":{"@id":"https:\/\/greenlink.technology\/pt-pt\/produkt\/enwitec-caixa-de-interruptores-de-rede-para-fronius-italia-symo-gen24-plus-system-full-backup-30kw-3ph-230-400v-10015842\/#primaryimage"},"image":{"@id":"https:\/\/greenlink.technology\/pt-pt\/produkt\/enwitec-caixa-de-interruptores-de-rede-para-fronius-italia-symo-gen24-plus-system-full-backup-30kw-3ph-230-400v-10015842\/#primaryimage"},"thumbnailUrl":"https:\/\/greenlink.technology\/wp-content\/uploads\/2025\/02\/10015842_front.png","datePublished":"2024-03-05T06:17:01+00:00","breadcrumb":{"@id":"https:\/\/greenlink.technology\/pt-pt\/produkt\/enwitec-caixa-de-interruptores-de-rede-para-fronius-italia-symo-gen24-plus-system-full-backup-30kw-3ph-230-400v-10015842\/#breadcrumb"},"inLanguage":"pt-PT","potentialAction":[{"@type":"ReadAction","target":["https:\/\/greenlink.technology\/pt-pt\/produkt\/enwitec-caixa-de-interruptores-de-rede-para-fronius-italia-symo-gen24-plus-system-full-backup-30kw-3ph-230-400v-10015842\/"]}]},{"@type":"ImageObject","inLanguage":"pt-PT","@id":"https:\/\/greenlink.technology\/pt-pt\/produkt\/enwitec-caixa-de-interruptores-de-rede-para-fronius-italia-symo-gen24-plus-system-full-backup-30kw-3ph-230-400v-10015842\/#primaryimage","url":"https:\/\/greenlink.technology\/wp-content\/uploads\/2025\/02\/10015842_front.png","contentUrl":"https:\/\/greenlink.technology\/wp-content\/uploads\/2025\/02\/10015842_front.png","width":500,"height":500},{"@type":"BreadcrumbList","@id":"https:\/\/greenlink.technology\/pt-pt\/produkt\/enwitec-caixa-de-interruptores-de-rede-para-fronius-italia-symo-gen24-plus-system-full-backup-30kw-3ph-230-400v-10015842\/#breadcrumb","itemListElement":[{"@type":"ListItem","position":1,"name":"Startseite","item":"https:\/\/enwitec.eu\/pt-pt\/"},{"@type":"ListItem","position":2,"name":"Produtos","item":"https:\/\/greenlink.technology\/pt-pt\/sobre-nos\/a-empresa\/enwitec\/produtos\/"},{"@type":"ListItem","position":3,"name":"enwitec Caixa de interruptores de rede para Fronius It\u00e1lia SYMO GEN24 Plus System &#8220;Full Backup&#8221; &#8211; 30kW, 3PH 230\/400V &#8211; 10015842"}]},{"@type":"WebSite","@id":"https:\/\/enwitec.eu\/en\/#website","url":"https:\/\/enwitec.eu\/en\/","name":"greenLink orchestrating energy flows | enwitec electronic GmbH | LinQ Europe Sp. z o.o.","description":"","publisher":{"@id":"https:\/\/enwitec.eu\/en\/#organization"},"potentialAction":[{"@type":"SearchAction","target":{"@type":"EntryPoint","urlTemplate":"https:\/\/enwitec.eu\/en\/?s={search_term_string}"},"query-input":{"@type":"PropertyValueSpecification","valueRequired":true,"valueName":"search_term_string"}}],"inLanguage":"pt-PT"},{"@type":"Organization","@id":"https:\/\/enwitec.eu\/en\/#organization","name":"greenLink orquestra\u00e7\u00e3o de fluxos de energia | enwitec electronic GmbH | LinQ Europe Sp. z o.o.","url":"https:\/\/enwitec.eu\/en\/","logo":{"@type":"ImageObject","inLanguage":"pt-PT","@id":"https:\/\/enwitec.eu\/en\/#\/schema\/logo\/image\/","url":"https:\/\/greenlink.technology\/wp-content\/uploads\/2025\/01\/greenlink-logo-final.png","contentUrl":"https:\/\/greenlink.technology\/wp-content\/uploads\/2025\/01\/greenlink-logo-final.png","width":2586,"height":629,"caption":"greenLink orquestra\u00e7\u00e3o de fluxos de energia | enwitec electronic GmbH | LinQ Europe Sp. z o.o. "},"image":{"@id":"https:\/\/enwitec.eu\/en\/#\/schema\/logo\/image\/"}}]}},"_links":{"self":[{"href":"https:\/\/greenlink.technology\/pt-pt\/wp-json\/wp\/v2\/product\/12363","targetHints":{"allow":["GET"]}}],"collection":[{"href":"https:\/\/greenlink.technology\/pt-pt\/wp-json\/wp\/v2\/product"}],"about":[{"href":"https:\/\/greenlink.technology\/pt-pt\/wp-json\/wp\/v2\/types\/product"}],"replies":[{"embeddable":true,"href":"https:\/\/greenlink.technology\/pt-pt\/wp-json\/wp\/v2\/comments?post=12363"}],"wp:featuredmedia":[{"embeddable":true,"href":"https:\/\/greenlink.technology\/pt-pt\/wp-json\/wp\/v2\/media\/12364"}],"wp:attachment":[{"href":"https:\/\/greenlink.technology\/pt-pt\/wp-json\/wp\/v2\/media?parent=12363"}],"wp:term":[{"taxonomy":"anwendung","embeddable":true,"href":"https:\/\/greenlink.technology\/pt-pt\/wp-json\/wp\/v2\/anwendung?post=12363"},{"taxonomy":"product_brand","embeddable":true,"href":"https:\/\/greenlink.technology\/pt-pt\/wp-json\/wp\/v2\/product_brand?post=12363"},{"taxonomy":"product_cat","embeddable":true,"href":"https:\/\/greenlink.technology\/pt-pt\/wp-json\/wp\/v2\/product_cat?post=12363"},{"taxonomy":"product_tag","embeddable":true,"href":"https:\/\/greenlink.technology\/pt-pt\/wp-json\/wp\/v2\/product_tag?post=12363"}],"curies":[{"name":"wp","href":"https:\/\/api.w.org\/{rel}","templated":true}]}}