{"id":20226,"date":"2025-06-27T12:53:14","date_gmt":"2025-06-27T10:53:14","guid":{"rendered":"https:\/\/greenlink.technology\/registar-produtos\/"},"modified":"2025-09-15T11:13:26","modified_gmt":"2025-09-15T09:13:26","slug":"registar-produtos","status":"publish","type":"page","link":"https:\/\/greenlink.technology\/pt-pt\/registar-produtos\/","title":{"rendered":"Registar produtos"},"content":{"rendered":"\t\t<div data-elementor-type=\"wp-page\" data-elementor-id=\"20226\" class=\"elementor elementor-20226 elementor-17079\" data-elementor-settings=\"{&quot;ha_cmc_init_switcher&quot;:&quot;no&quot;}\" data-elementor-post-type=\"page\">\n\t\t\t\t<div class=\"elementor-element elementor-element-b746ddb e-flex e-con-boxed e-con e-parent\" data-id=\"b746ddb\" data-element_type=\"container\" data-e-type=\"container\" data-settings=\"{&quot;background_background&quot;:&quot;classic&quot;,&quot;shape_divider_bottom&quot;:&quot;waves&quot;,&quot;_ha_eqh_enable&quot;:false}\">\n\t\t\t\t\t<div class=\"e-con-inner\">\n\t\t\t\t<div class=\"elementor-shape elementor-shape-bottom\" aria-hidden=\"true\" data-negative=\"false\">\n\t\t\t<svg xmlns=\"http:\/\/www.w3.org\/2000\/svg\" viewBox=\"0 0 1000 100\" preserveAspectRatio=\"none\">\n\t<path class=\"elementor-shape-fill\" d=\"M421.9,6.5c22.6-2.5,51.5,0.4,75.5,5.3c23.6,4.9,70.9,23.5,100.5,35.7c75.8,32.2,133.7,44.5,192.6,49.7\n\tc23.6,2.1,48.7,3.5,103.4-2.5c54.7-6,106.2-25.6,106.2-25.6V0H0v30.3c0,0,72,32.6,158.4,30.5c39.2-0.7,92.8-6.7,134-22.4\n\tc21.2-8.1,52.2-18.2,79.7-24.2C399.3,7.9,411.6,7.5,421.9,6.5z\"\/>\n<\/svg>\t\t<\/div>\n\t\t<div class=\"elementor-element elementor-element-abfe927 e-con-full e-flex e-con e-child\" data-id=\"abfe927\" data-element_type=\"container\" data-e-type=\"container\" data-settings=\"{&quot;_ha_eqh_enable&quot;:false}\">\n\t\t\t\t<div class=\"elementor-element elementor-element-db5db78 elementor-widget-tablet__width-inherit elementor-widget elementor-widget-heading\" data-id=\"db5db78\" data-element_type=\"widget\" data-e-type=\"widget\" data-widget_type=\"heading.default\">\n\t\t\t\t<div class=\"elementor-widget-container\">\n\t\t\t\t\t<h1 class=\"elementor-heading-title elementor-size-default\">Registar produtos<\/h1>\t\t\t\t<\/div>\n\t\t\t\t<\/div>\n\t\t\t\t<div class=\"elementor-element elementor-element-14b82ca elementor-widget elementor-widget-heading\" data-id=\"14b82ca\" data-element_type=\"widget\" data-e-type=\"widget\" data-widget_type=\"heading.default\">\n\t\t\t\t<div class=\"elementor-widget-container\">\n\t\t\t\t\t<h2 class=\"elementor-heading-title elementor-size-default\">\nProdutos enwitec - um pequeno passo com um grande impacto!\n<\/h2>\t\t\t\t<\/div>\n\t\t\t\t<\/div>\n\t\t\t\t<div class=\"elementor-element elementor-element-72146a4 elementor-tablet-align-justify elementor-widget elementor-widget-button\" data-id=\"72146a4\" data-element_type=\"widget\" data-e-type=\"widget\" data-widget_type=\"button.default\">\n\t\t\t\t<div class=\"elementor-widget-container\">\n\t\t\t\t\t\t\t\t\t<div class=\"elementor-button-wrapper\">\n\t\t\t\t\t<a class=\"elementor-button elementor-button-link elementor-size-sm\" href=\"tel:+49%208725%209664-98\">\n\t\t\t\t\t\t<span class=\"elementor-button-content-wrapper\">\n\t\t\t\t\t\t\t\t\t<span class=\"elementor-button-text\">\u260e\ufe0f Linha direta PowerPartner +49 8725 9664-98<\/span>\n\t\t\t\t\t<\/span>\n\t\t\t\t\t<\/a>\n\t\t\t\t<\/div>\n\t\t\t\t\t\t\t\t<\/div>\n\t\t\t\t<\/div>\n\t\t\t\t<\/div>\n\t\t\t\t\t<\/div>\n\t\t\t\t<\/div>\n\t\t<div class=\"elementor-element elementor-element-5027b14 e-flex e-con-boxed e-con e-parent\" data-id=\"5027b14\" data-element_type=\"container\" data-e-type=\"container\" data-settings=\"{&quot;shape_divider_bottom&quot;:&quot;waves&quot;,&quot;shape_divider_bottom_negative&quot;:&quot;yes&quot;,&quot;_ha_eqh_enable&quot;:false}\">\n\t\t\t\t\t<div class=\"e-con-inner\">\n\t\t\t\t<div class=\"elementor-shape elementor-shape-bottom\" aria-hidden=\"true\" data-negative=\"true\">\n\t\t\t<svg xmlns=\"http:\/\/www.w3.org\/2000\/svg\" viewBox=\"0 0 1000 100\" preserveAspectRatio=\"none\">\n\t<path class=\"elementor-shape-fill\" d=\"M790.5,93.1c-59.3-5.3-116.8-18-192.6-50c-29.6-12.7-76.9-31-100.5-35.9c-23.6-4.9-52.6-7.8-75.5-5.3\n\tc-10.2,1.1-22.6,1.4-50.1,7.4c-27.2,6.3-58.2,16.6-79.4,24.7c-41.3,15.9-94.9,21.9-134,22.6C72,58.2,0,25.8,0,25.8V100h1000V65.3\n\tc0,0-51.5,19.4-106.2,25.7C839.5,97,814.1,95.2,790.5,93.1z\"\/>\n<\/svg>\t\t<\/div>\n\t\t<div class=\"elementor-element elementor-element-56d6368 e-con-full e-flex e-con e-child\" data-id=\"56d6368\" data-element_type=\"container\" data-e-type=\"container\" data-settings=\"{&quot;_ha_eqh_enable&quot;:false}\">\n\t\t<div class=\"elementor-element elementor-element-614a07a e-con-full e-flex e-con e-child\" data-id=\"614a07a\" data-element_type=\"container\" data-e-type=\"container\" data-settings=\"{&quot;_ha_eqh_enable&quot;:false}\">\n\t\t\t\t<div class=\"elementor-element elementor-element-7cfc1d5 elementor-icon-list--layout-inline elementor-list-item-link-full_width elementor-widget elementor-widget-global elementor-global-20182 elementor-global-17061 elementor-widget-icon-list\" data-id=\"7cfc1d5\" data-element_type=\"widget\" data-e-type=\"widget\" data-widget_type=\"icon-list.default\">\n\t\t\t\t<div class=\"elementor-widget-container\">\n\t\t\t\t\t\t\t<ul class=\"elementor-icon-list-items elementor-inline-items\">\n\t\t\t\t\t\t\t<li class=\"elementor-icon-list-item elementor-inline-item\">\n\t\t\t\t\t\t\t\t\t\t\t<a href=\"https:\/\/greenlink.technology\/pt-pt\/area-de-parceiros-de-poder\/\">\n\n\t\t\t\t\t\t\t\t\t\t\t\t<span class=\"elementor-icon-list-icon\">\n\t\t\t\t\t\t\t<svg aria-hidden=\"true\" class=\"e-font-icon-svg e-fas-star\" viewBox=\"0 0 576 512\" xmlns=\"http:\/\/www.w3.org\/2000\/svg\"><path d=\"M259.3 17.8L194 150.2 47.9 171.5c-26.2 3.8-36.7 36.1-17.7 54.6l105.7 103-25 145.5c-4.5 26.3 23.2 46 46.4 33.7L288 439.6l130.7 68.7c23.2 12.2 50.9-7.4 46.4-33.7l-25-145.5 105.7-103c19-18.5 8.5-50.8-17.7-54.6L382 150.2 316.7 17.8c-11.7-23.6-45.6-23.9-57.4 0z\"><\/path><\/svg>\t\t\t\t\t\t<\/span>\n\t\t\t\t\t\t\t\t\t\t<span class=\"elementor-icon-list-text\">In\u00edcio do Power Partner<\/span>\n\t\t\t\t\t\t\t\t\t\t\t<\/a>\n\t\t\t\t\t\t\t\t\t<\/li>\n\t\t\t\t\t\t\t\t<li class=\"elementor-icon-list-item elementor-inline-item\">\n\t\t\t\t\t\t\t\t\t\t\t<a href=\"https:\/\/greenlink.technology\/pt-pt\/editar-perfil\/\">\n\n\t\t\t\t\t\t\t\t\t\t\t\t<span class=\"elementor-icon-list-icon\">\n\t\t\t\t\t\t\t<svg aria-hidden=\"true\" class=\"e-font-icon-svg e-fas-user\" viewBox=\"0 0 448 512\" xmlns=\"http:\/\/www.w3.org\/2000\/svg\"><path d=\"M224 256c70.7 0 128-57.3 128-128S294.7 0 224 0 96 57.3 96 128s57.3 128 128 128zm89.6 32h-16.7c-22.2 10.2-46.9 16-72.9 16s-50.6-5.8-72.9-16h-16.7C60.2 288 0 348.2 0 422.4V464c0 26.5 21.5 48 48 48h352c26.5 0 48-21.5 48-48v-41.6c0-74.2-60.2-134.4-134.4-134.4z\"><\/path><\/svg>\t\t\t\t\t\t<\/span>\n\t\t\t\t\t\t\t\t\t\t<span class=\"elementor-icon-list-text\">Editar perfil<\/span>\n\t\t\t\t\t\t\t\t\t\t\t<\/a>\n\t\t\t\t\t\t\t\t\t<\/li>\n\t\t\t\t\t\t\t\t<li class=\"elementor-icon-list-item elementor-inline-item\">\n\t\t\t\t\t\t\t\t\t\t\t<a href=\"https:\/\/greenlink.technology\/pt-pt\/termina-a-sessao\/\">\n\n\t\t\t\t\t\t\t\t\t\t\t\t<span class=\"elementor-icon-list-icon\">\n\t\t\t\t\t\t\t<svg aria-hidden=\"true\" class=\"e-font-icon-svg e-fas-reply-all\" viewBox=\"0 0 576 512\" xmlns=\"http:\/\/www.w3.org\/2000\/svg\"><path d=\"M136.309 189.836L312.313 37.851C327.72 24.546 352 35.348 352 56.015v82.763c129.182 10.231 224 52.212 224 183.548 0 61.441-39.582 122.309-83.333 154.132-13.653 9.931-33.111-2.533-28.077-18.631 38.512-123.162-3.922-169.482-112.59-182.015v84.175c0 20.701-24.3 31.453-39.687 18.164L136.309 226.164c-11.071-9.561-11.086-26.753 0-36.328zm-128 36.328L184.313 378.15C199.7 391.439 224 380.687 224 359.986v-15.818l-108.606-93.785A55.96 55.96 0 0 1 96 207.998a55.953 55.953 0 0 1 19.393-42.38L224 71.832V56.015c0-20.667-24.28-31.469-39.687-18.164L8.309 189.836c-11.086 9.575-11.071 26.767 0 36.328z\"><\/path><\/svg>\t\t\t\t\t\t<\/span>\n\t\t\t\t\t\t\t\t\t\t<span class=\"elementor-icon-list-text\">Termina a sess\u00e3o<\/span>\n\t\t\t\t\t\t\t\t\t\t\t<\/a>\n\t\t\t\t\t\t\t\t\t<\/li>\n\t\t\t\t\t\t<\/ul>\n\t\t\t\t\t\t<\/div>\n\t\t\t\t<\/div>\n\t\t\t\t<div class=\"elementor-element elementor-element-061cfb4 elementor-widget elementor-widget-text-editor\" data-id=\"061cfb4\" data-element_type=\"widget\" data-e-type=\"widget\" data-widget_type=\"text-editor.default\">\n\t\t\t\t<div class=\"elementor-widget-container\">\n\t\t\t\t\t\t\t\t\t<h2>Mais transpar\u00eancia. Mais vantagens. Mais parcerias.  <\/h2>\n  <p>\n  Ao registar os seus produtos, n\u00e3o s\u00f3 garante total transpar\u00eancia sobre os seus sistemas instalados, mas tamb\u00e9m benef\u00edcios exclusivos como PowerPartner. \n Porque na <strong>enwitec<\/strong>, parceria significa mais do que apenas tecnologia &#8211; significa confian\u00e7a, apoio e crescimento conjunto.\n  <\/p>\n\n  <h3>As tuas vantagens num relance:<\/h3>\n  \n  <ul style=\"list-style: none; padding-left: 0;\">\n    <li style=\"margin-bottom: 1em;\">\n  \u2705 <strong>Garantia alargada<\/strong><br> Os produtos registados recebem automaticamente uma <strong>garantia alargada de 3 anos<\/strong> &#8211; um forte argumento a favor dos teus clientes e uma verdadeira vantagem em termos de seguran\u00e7a.\n    <\/li>\n    \n    <li style=\"margin-bottom: 1em;\">\n <strong>Apoio r\u00e1pido em caso de servi\u00e7o<\/strong><br> Se o pior acontecer, podemos ajudar-te mais rapidamente: Gra\u00e7as ao registo do produto, j\u00e1 dispomos de todas as informa\u00e7\u00f5es relevantes &#8211; poupando <strong>tempo e nervos<\/strong>.\n    <\/li>\n    \n    <li style=\"margin-bottom: 1em;\">\n <strong>Vis\u00e3o geral completa dos teus projectos<\/strong><br> Mant\u00e9m-te a par de tudo: Podes encontrar todos os produtos e projectos registados <strong>claramente organizados na tua \u00e1rea pessoal de parceiro<\/strong>.\n    <\/li>\n    \n    <li style=\"margin-bottom: 1em;\">\n <strong>Tornar-se vis\u00edvel em conjunto<\/strong><br> Os projectos registados podem &#8211; com o teu consentimento &#8211; ser apresentados como <strong>projectos de refer\u00eancia no nosso s\u00edtio Web ou em materiais de marketing<\/strong>. \n Desta forma, refor\u00e7amos juntos a tua visibilidade no mercado.\n    <\/li>\n  <\/ul>\t\t\t\t\t\t\t\t<\/div>\n\t\t\t\t<\/div>\n\t\t\t\t<\/div>\n\t\t<div class=\"elementor-element elementor-element-a6305b1 e-con-full e-flex e-con e-child\" data-id=\"a6305b1\" data-element_type=\"container\" data-e-type=\"container\" data-settings=\"{&quot;_ha_eqh_enable&quot;:false}\">\n\t\t\t\t<div class=\"elementor-element elementor-element-3463c43 elementor-widget elementor-widget-shortcode\" data-id=\"3463c43\" data-element_type=\"widget\" data-e-type=\"widget\" data-widget_type=\"shortcode.default\">\n\t\t\t\t<div class=\"elementor-widget-container\">\n\t\t\t\t\t\t\t<div class=\"elementor-shortcode\"><div style=\"color:#F39200; padding:1rem;\">Bitte <a href=\"\/login\" style=\"color:#213C75; font-weight:bold;\">einloggen<\/a>, um auf diesen Bereich zuzugreifen.<\/div>\n<\/div>\n\t\t\t\t\t\t<\/div>\n\t\t\t\t<\/div>\n\t\t\t\t<\/div>\n\t\t\t\t<\/div>\n\t\t\t\t\t<\/div>\n\t\t\t\t<\/div>\n\t\t\t\t<\/div>\n\t\t","protected":false},"excerpt":{"rendered":"<p>Produtos enwitec &#8211; um pequeno passo com um grande impacto! \u260e\ufe0f Linha direta PowerPartner +49 8725 9664-98 Power Partner Start Profil bearbeiten Abmelden Mais transpar\u00eancia. Mais vantagens. Mais parcerias. Ao registar os seus produtos, n\u00e3o s\u00f3 garante total transpar\u00eancia sobre os seus sistemas instalados, mas tamb\u00e9m benef\u00edcios exclusivos como PowerPartner. Porque na enwitec, parceria significa [&hellip;]<\/p>\n","protected":false},"author":1,"featured_media":0,"parent":0,"menu_order":0,"comment_status":"closed","ping_status":"closed","template":"elementor_header_footer","meta":{"_acf_changed":false,"footnotes":""},"categories":[1284],"tags":[],"class_list":["post-20226","page","type-page","status-publish","hentry","category-enwitec-pt-pt"],"acf":[],"yoast_head":"<!-- This site is optimized with the Yoast SEO plugin v27.3 - https:\/\/yoast.com\/product\/yoast-seo-wordpress\/ -->\n<title>Registar produtos - greenLink orchestrating energy flows | enwitec electronic GmbH | LinQ Europe Sp. z o.o.<\/title>\n<meta name=\"robots\" content=\"index, follow, max-snippet:-1, max-image-preview:large, max-video-preview:-1\" \/>\n<link rel=\"canonical\" href=\"https:\/\/greenlink.technology\/pt-pt\/registar-produtos\/\" \/>\n<meta property=\"og:locale\" content=\"pt_PT\" \/>\n<meta property=\"og:type\" content=\"article\" \/>\n<meta property=\"og:title\" content=\"Registar produtos - greenLink orchestrating energy flows | enwitec electronic GmbH | LinQ Europe Sp. z o.o.\" \/>\n<meta property=\"og:description\" content=\"Produtos enwitec &#8211; um pequeno passo com um grande impacto! \u260e\ufe0f Linha direta PowerPartner +49 8725 9664-98 Power Partner Start Profil bearbeiten Abmelden Mais transpar\u00eancia. Mais vantagens. Mais parcerias. Ao registar os seus produtos, n\u00e3o s\u00f3 garante total transpar\u00eancia sobre os seus sistemas instalados, mas tamb\u00e9m benef\u00edcios exclusivos como PowerPartner. Porque na enwitec, parceria significa [&hellip;]\" \/>\n<meta property=\"og:url\" content=\"https:\/\/greenlink.technology\/pt-pt\/registar-produtos\/\" \/>\n<meta property=\"og:site_name\" content=\"greenLink orchestrating energy flows | enwitec electronic GmbH | LinQ Europe Sp. z o.o.\" \/>\n<meta property=\"article:modified_time\" content=\"2025-09-15T09:13:26+00:00\" \/>\n<meta name=\"twitter:card\" content=\"summary_large_image\" \/>\n<meta name=\"twitter:label1\" content=\"Tempo estimado de leitura\" \/>\n\t<meta name=\"twitter:data1\" content=\"1 minuto\" \/>\n<script type=\"application\/ld+json\" class=\"yoast-schema-graph\">{\"@context\":\"https:\\\/\\\/schema.org\",\"@graph\":[{\"@type\":\"WebPage\",\"@id\":\"https:\\\/\\\/greenlink.technology\\\/pt-pt\\\/registar-produtos\\\/\",\"url\":\"https:\\\/\\\/greenlink.technology\\\/pt-pt\\\/registar-produtos\\\/\",\"name\":\"Registar produtos - greenLink orchestrating energy flows | enwitec electronic GmbH | LinQ Europe Sp. z o.o.\",\"isPartOf\":{\"@id\":\"https:\\\/\\\/enwitec.eu\\\/en\\\/#website\"},\"datePublished\":\"2025-06-27T10:53:14+00:00\",\"dateModified\":\"2025-09-15T09:13:26+00:00\",\"breadcrumb\":{\"@id\":\"https:\\\/\\\/greenlink.technology\\\/pt-pt\\\/registar-produtos\\\/#breadcrumb\"},\"inLanguage\":\"pt-PT\",\"potentialAction\":[{\"@type\":\"ReadAction\",\"target\":[\"https:\\\/\\\/greenlink.technology\\\/pt-pt\\\/registar-produtos\\\/\"]}]},{\"@type\":\"BreadcrumbList\",\"@id\":\"https:\\\/\\\/greenlink.technology\\\/pt-pt\\\/registar-produtos\\\/#breadcrumb\",\"itemListElement\":[{\"@type\":\"ListItem\",\"position\":1,\"name\":\"Startseite\",\"item\":\"https:\\\/\\\/enwitec.eu\\\/pt-pt\\\/\"},{\"@type\":\"ListItem\",\"position\":2,\"name\":\"Registar produtos\"}]},{\"@type\":\"WebSite\",\"@id\":\"https:\\\/\\\/enwitec.eu\\\/en\\\/#website\",\"url\":\"https:\\\/\\\/enwitec.eu\\\/en\\\/\",\"name\":\"greenLink orchestrating energy flows | enwitec electronic GmbH | LinQ Europe Sp. z o.o.\",\"description\":\"\",\"publisher\":{\"@id\":\"https:\\\/\\\/enwitec.eu\\\/en\\\/#organization\"},\"potentialAction\":[{\"@type\":\"SearchAction\",\"target\":{\"@type\":\"EntryPoint\",\"urlTemplate\":\"https:\\\/\\\/enwitec.eu\\\/en\\\/?s={search_term_string}\"},\"query-input\":{\"@type\":\"PropertyValueSpecification\",\"valueRequired\":true,\"valueName\":\"search_term_string\"}}],\"inLanguage\":\"pt-PT\"},{\"@type\":\"Organization\",\"@id\":\"https:\\\/\\\/enwitec.eu\\\/en\\\/#organization\",\"name\":\"greenLink orquestra\u00e7\u00e3o de fluxos de energia | enwitec electronic GmbH | LinQ Europe Sp. z o.o.\",\"url\":\"https:\\\/\\\/enwitec.eu\\\/en\\\/\",\"logo\":{\"@type\":\"ImageObject\",\"inLanguage\":\"pt-PT\",\"@id\":\"https:\\\/\\\/enwitec.eu\\\/en\\\/#\\\/schema\\\/logo\\\/image\\\/\",\"url\":\"https:\\\/\\\/greenlink.technology\\\/wp-content\\\/uploads\\\/2025\\\/01\\\/greenlink-logo-final.png\",\"contentUrl\":\"https:\\\/\\\/greenlink.technology\\\/wp-content\\\/uploads\\\/2025\\\/01\\\/greenlink-logo-final.png\",\"width\":2586,\"height\":629,\"caption\":\"greenLink orquestra\u00e7\u00e3o de fluxos de energia | enwitec electronic GmbH | LinQ Europe Sp. z o.o. \"},\"image\":{\"@id\":\"https:\\\/\\\/enwitec.eu\\\/en\\\/#\\\/schema\\\/logo\\\/image\\\/\"}}]}<\/script>\n<!-- \/ Yoast SEO plugin. -->","yoast_head_json":{"title":"Registar produtos - greenLink orchestrating energy flows | enwitec electronic GmbH | LinQ Europe Sp. z o.o.","robots":{"index":"index","follow":"follow","max-snippet":"max-snippet:-1","max-image-preview":"max-image-preview:large","max-video-preview":"max-video-preview:-1"},"canonical":"https:\/\/greenlink.technology\/pt-pt\/registar-produtos\/","og_locale":"pt_PT","og_type":"article","og_title":"Registar produtos - greenLink orchestrating energy flows | enwitec electronic GmbH | LinQ Europe Sp. z o.o.","og_description":"Produtos enwitec &#8211; um pequeno passo com um grande impacto! \u260e\ufe0f Linha direta PowerPartner +49 8725 9664-98 Power Partner Start Profil bearbeiten Abmelden Mais transpar\u00eancia. Mais vantagens. Mais parcerias. Ao registar os seus produtos, n\u00e3o s\u00f3 garante total transpar\u00eancia sobre os seus sistemas instalados, mas tamb\u00e9m benef\u00edcios exclusivos como PowerPartner. Porque na enwitec, parceria significa [&hellip;]","og_url":"https:\/\/greenlink.technology\/pt-pt\/registar-produtos\/","og_site_name":"greenLink orchestrating energy flows | enwitec electronic GmbH | LinQ Europe Sp. z o.o.","article_modified_time":"2025-09-15T09:13:26+00:00","twitter_card":"summary_large_image","twitter_misc":{"Tempo estimado de leitura":"1 minuto"},"schema":{"@context":"https:\/\/schema.org","@graph":[{"@type":"WebPage","@id":"https:\/\/greenlink.technology\/pt-pt\/registar-produtos\/","url":"https:\/\/greenlink.technology\/pt-pt\/registar-produtos\/","name":"Registar produtos - greenLink orchestrating energy flows | enwitec electronic GmbH | LinQ Europe Sp. z o.o.","isPartOf":{"@id":"https:\/\/enwitec.eu\/en\/#website"},"datePublished":"2025-06-27T10:53:14+00:00","dateModified":"2025-09-15T09:13:26+00:00","breadcrumb":{"@id":"https:\/\/greenlink.technology\/pt-pt\/registar-produtos\/#breadcrumb"},"inLanguage":"pt-PT","potentialAction":[{"@type":"ReadAction","target":["https:\/\/greenlink.technology\/pt-pt\/registar-produtos\/"]}]},{"@type":"BreadcrumbList","@id":"https:\/\/greenlink.technology\/pt-pt\/registar-produtos\/#breadcrumb","itemListElement":[{"@type":"ListItem","position":1,"name":"Startseite","item":"https:\/\/enwitec.eu\/pt-pt\/"},{"@type":"ListItem","position":2,"name":"Registar produtos"}]},{"@type":"WebSite","@id":"https:\/\/enwitec.eu\/en\/#website","url":"https:\/\/enwitec.eu\/en\/","name":"greenLink orchestrating energy flows | enwitec electronic GmbH | LinQ Europe Sp. z o.o.","description":"","publisher":{"@id":"https:\/\/enwitec.eu\/en\/#organization"},"potentialAction":[{"@type":"SearchAction","target":{"@type":"EntryPoint","urlTemplate":"https:\/\/enwitec.eu\/en\/?s={search_term_string}"},"query-input":{"@type":"PropertyValueSpecification","valueRequired":true,"valueName":"search_term_string"}}],"inLanguage":"pt-PT"},{"@type":"Organization","@id":"https:\/\/enwitec.eu\/en\/#organization","name":"greenLink orquestra\u00e7\u00e3o de fluxos de energia | enwitec electronic GmbH | LinQ Europe Sp. z o.o.","url":"https:\/\/enwitec.eu\/en\/","logo":{"@type":"ImageObject","inLanguage":"pt-PT","@id":"https:\/\/enwitec.eu\/en\/#\/schema\/logo\/image\/","url":"https:\/\/greenlink.technology\/wp-content\/uploads\/2025\/01\/greenlink-logo-final.png","contentUrl":"https:\/\/greenlink.technology\/wp-content\/uploads\/2025\/01\/greenlink-logo-final.png","width":2586,"height":629,"caption":"greenLink orquestra\u00e7\u00e3o de fluxos de energia | enwitec electronic GmbH | LinQ Europe Sp. z o.o. "},"image":{"@id":"https:\/\/enwitec.eu\/en\/#\/schema\/logo\/image\/"}}]}},"_links":{"self":[{"href":"https:\/\/greenlink.technology\/pt-pt\/wp-json\/wp\/v2\/pages\/20226","targetHints":{"allow":["GET"]}}],"collection":[{"href":"https:\/\/greenlink.technology\/pt-pt\/wp-json\/wp\/v2\/pages"}],"about":[{"href":"https:\/\/greenlink.technology\/pt-pt\/wp-json\/wp\/v2\/types\/page"}],"author":[{"embeddable":true,"href":"https:\/\/greenlink.technology\/pt-pt\/wp-json\/wp\/v2\/users\/1"}],"replies":[{"embeddable":true,"href":"https:\/\/greenlink.technology\/pt-pt\/wp-json\/wp\/v2\/comments?post=20226"}],"version-history":[{"count":0,"href":"https:\/\/greenlink.technology\/pt-pt\/wp-json\/wp\/v2\/pages\/20226\/revisions"}],"wp:attachment":[{"href":"https:\/\/greenlink.technology\/pt-pt\/wp-json\/wp\/v2\/media?parent=20226"}],"wp:term":[{"taxonomy":"category","embeddable":true,"href":"https:\/\/greenlink.technology\/pt-pt\/wp-json\/wp\/v2\/categories?post=20226"},{"taxonomy":"post_tag","embeddable":true,"href":"https:\/\/greenlink.technology\/pt-pt\/wp-json\/wp\/v2\/tags?post=20226"}],"curies":[{"name":"wp","href":"https:\/\/api.w.org\/{rel}","templated":true}]}}