{"id":9739,"date":"2024-04-25T14:31:44","date_gmt":"2024-04-25T12:31:44","guid":{"rendered":"https:\/\/greenlink.technology\/produkt\/enwitec-zabezpieczenie-sieci-i-systemu-na4105-863-kva-zgodnie-z-vde-ar-n-41052018-11-10018716\/"},"modified":"2024-04-25T14:31:44","modified_gmt":"2024-04-25T12:31:44","slug":"enwitec-zabezpieczenie-sieci-i-systemu-na4105-863-kva-zgodnie-z-vde-ar-n-41052018-11-10018716","status":"publish","type":"product","link":"https:\/\/greenlink.technology\/pl\/produkt\/enwitec-zabezpieczenie-sieci-i-systemu-na4105-863-kva-zgodnie-z-vde-ar-n-41052018-11-10018716\/","title":{"rendered":"enwitec zabezpieczenie sieci i systemu NA4105 &#8211; 86,3 kVA &#8211; zgodnie z VDE-AR-N 4105:2018-11 &#8211; 10018716"},"content":{"rendered":"<div class=\"system-stammdaten\">\n<h2><\/h2>\n<p>&nbsp;<\/p>\n<\/div>\n","protected":false},"excerpt":{"rendered":"<p>&nbsp;<\/p>\n","protected":false},"featured_media":9740,"comment_status":"closed","ping_status":"closed","template":"","meta":{"_acf_changed":false},"anwendung":[],"product_brand":[264],"product_cat":[582],"product_tag":[593,587,584,585],"class_list":{"0":"post-9739","1":"product","2":"type-product","3":"status-publish","4":"has-post-thumbnail","6":"product_brand-enwitec","7":"product_cat-ochrona-sieci-i-instalacji","8":"product_tag-10018716-pl","9":"product_tag-na4105-pl","10":"product_tag-ochrona-na","11":"product_tag-ochrona-sieci-i-systemu","12":"pa_laenderfreigabe-pl","13":"pa_leistung-30-86-kva-pl","14":"pa_trennung-wszystkie-bieguny","16":"first","17":"instock","18":"shipping-taxable","19":"product-type-simple"},"acf":{"product_informations":"Ochrona sieci i systemu (NA) od enwitec. W zale\u017cno\u015bci od dyrektywy krajowej, systemy wytwarzania energii musz\u0105 by\u0107 wy\u0142\u0105czane w przypadku niedopuszczalnych odchyle\u0144 napi\u0119cia lub cz\u0119stotliwo\u015bci w sieci niskiego napi\u0119cia. W przypadku przekroczenia dopuszczalnych warto\u015bci granicznych okre\u015blonych w regule aplikacji, system wytwarzania energii jest automatycznie od\u0142\u0105czany od sieci. Gdy napi\u0119cie sieciowe lub cz\u0119stotliwo\u015b\u0107 powr\u00f3c\u0105 do dopuszczalnego zakresu, system zostanie automatycznie w\u0142\u0105czony ponownie. Oferujemy zar\u00f3wno standardowe produkty, jak i niestandardowe rozwi\u0105zania, kt\u00f3re s\u0105 dostosowane do potrzeb danego systemu fotowoltaicznego.    \n\nTo zabezpieczenie sieciowe i systemowe zosta\u0142o zaprojektowane specjalnie na rynek niemiecki zgodnie z norm\u0105 <strong>VDE-AR-N 4105:2018-11<\/strong>.\n\nAby u\u0142atwi\u0107 pod\u0142\u0105czenie kabla do g\u00f3rnej cz\u0119\u015bci wy\u0142\u0105cznika, sekcj\u0119 sterowania w tym wariancie mo\u017cna z\u0142o\u017cy\u0107 w prawo, poluzowuj\u0105c dwie \u015bruby mocuj\u0105ce.\n\n<strong>Uwaga<\/strong>\nNA-Schutz-NA4105-PV86.3KVA-TNS_TT","technical_data":"<div class=\"stammdaten-col\">\n<div class=\"line\">\n<p class=\"system-stammdaten-left\">Nr artyku\u0142u: 10018716\nPosta\u0107 sieci: TT \/ TN-S\nMoc: 2 x 86,3 kVA\nDopuszczenie krajowe: VDE-AR-N 4105:2018-11\nRoz\u0142\u0105czanie: wszystkie bieguny\nListwa zaciskowa roz\u0142\u0105czania testowego: -\nWyj\u015bcia: 2 x 1\nZaciski wej\u015bciowe i wyj\u015bciowe: 16 - 95 mm\u00b2\nPrzepusty kablowe: Przepust kablowy M63<\/p>\n\n<\/div>\n<\/div>","download":"<a href=\"https:\/\/greenlink.technology\/wp-content\/uploads\/2025\/04\/10018716_Datenblatt_NA-Schutz-NA4105-PV-2x86.3KVA-TNS_TT_2025_02_13.pdf\" target=\"_blank\" rel=\"noopener\">Karta katalogowa PL<\/a>\n<a href=\"https:\/\/greenlink.technology\/wp-content\/uploads\/2025\/04\/10018665_Installationsanleitung_NA-Schutz_DE_2023_10_25.pdf\" target=\"_blank\" rel=\"noopener\">Instrukcja instalacji<\/a>\n<a href=\"https:\/\/greenlink.technology\/wp-content\/uploads\/2025\/04\/Zertifikat_NA-Schutz_U22-0171_VDE-AR-N-4105_DE.pdf\" target=\"_blank\" rel=\"noopener\">Certyfikat instalacji<\/a>","product_short_description":"<strong>Zatwierdzenie krajowe:<\/strong> VDE-AR-N 4105:2018-11\n<strong>Moc:<\/strong> 86,3 kVA\n<strong>Roz\u0142\u0105czanie:<\/strong> wszystkie bieguny\n<strong>Forma sieci: <\/strong>TT \/ TN-S","photo_gallery":{"galerie_produkte":[[]]}},"yoast_head":"<!-- This site is optimized with the Yoast SEO plugin v27.3 - https:\/\/yoast.com\/product\/yoast-seo-wordpress\/ -->\n<title>enwitec zabezpieczenie sieci i systemu NA4105 - 86,3 kVA - zgodnie z VDE-AR-N 4105:2018-11 - 10018716 - greenLink orchestrating energy flows | enwitec electronic GmbH | LinQ Europe Sp. z o.o.<\/title>\n<meta name=\"robots\" content=\"index, follow, max-snippet:-1, max-image-preview:large, max-video-preview:-1\" \/>\n<link rel=\"canonical\" href=\"https:\/\/greenlink.technology\/pl\/produkt\/enwitec-zabezpieczenie-sieci-i-systemu-na4105-863-kva-zgodnie-z-vde-ar-n-41052018-11-10018716\/\" \/>\n<meta property=\"og:locale\" content=\"pl_PL\" \/>\n<meta property=\"og:type\" content=\"article\" \/>\n<meta property=\"og:title\" content=\"enwitec zabezpieczenie sieci i systemu NA4105 - 86,3 kVA - zgodnie z VDE-AR-N 4105:2018-11 - 10018716 - greenLink orchestrating energy flows | enwitec electronic GmbH | LinQ Europe Sp. z o.o.\" \/>\n<meta property=\"og:description\" content=\"&nbsp;\" \/>\n<meta property=\"og:url\" content=\"https:\/\/greenlink.technology\/pl\/produkt\/enwitec-zabezpieczenie-sieci-i-systemu-na4105-863-kva-zgodnie-z-vde-ar-n-41052018-11-10018716\/\" \/>\n<meta property=\"og:site_name\" content=\"greenLink orchestrating energy flows | enwitec electronic GmbH | LinQ Europe Sp. z o.o.\" \/>\n<meta property=\"og:image\" content=\"https:\/\/linqeurope.pl\/wp-content\/uploads\/2025\/02\/10018716_front.png\" \/>\n\t<meta property=\"og:image:width\" content=\"500\" \/>\n\t<meta property=\"og:image:height\" content=\"500\" \/>\n\t<meta property=\"og:image:type\" content=\"image\/png\" \/>\n<meta name=\"twitter:card\" content=\"summary_large_image\" \/>\n<script type=\"application\/ld+json\" class=\"yoast-schema-graph\">{\"@context\":\"https:\\\/\\\/schema.org\",\"@graph\":[{\"@type\":\"WebPage\",\"@id\":\"https:\\\/\\\/greenlink.technology\\\/pl\\\/produkt\\\/enwitec-zabezpieczenie-sieci-i-systemu-na4105-863-kva-zgodnie-z-vde-ar-n-41052018-11-10018716\\\/\",\"url\":\"https:\\\/\\\/greenlink.technology\\\/pl\\\/produkt\\\/enwitec-zabezpieczenie-sieci-i-systemu-na4105-863-kva-zgodnie-z-vde-ar-n-41052018-11-10018716\\\/\",\"name\":\"enwitec zabezpieczenie sieci i systemu NA4105 - 86,3 kVA - zgodnie z VDE-AR-N 4105:2018-11 - 10018716 - greenLink orchestrating energy flows | enwitec electronic GmbH | LinQ Europe Sp. z o.o.\",\"isPartOf\":{\"@id\":\"https:\\\/\\\/enwitec.eu\\\/en\\\/#website\"},\"primaryImageOfPage\":{\"@id\":\"https:\\\/\\\/greenlink.technology\\\/pl\\\/produkt\\\/enwitec-zabezpieczenie-sieci-i-systemu-na4105-863-kva-zgodnie-z-vde-ar-n-41052018-11-10018716\\\/#primaryimage\"},\"image\":{\"@id\":\"https:\\\/\\\/greenlink.technology\\\/pl\\\/produkt\\\/enwitec-zabezpieczenie-sieci-i-systemu-na4105-863-kva-zgodnie-z-vde-ar-n-41052018-11-10018716\\\/#primaryimage\"},\"thumbnailUrl\":\"https:\\\/\\\/greenlink.technology\\\/wp-content\\\/uploads\\\/2025\\\/02\\\/10018716_front.png\",\"datePublished\":\"2024-04-25T12:31:44+00:00\",\"breadcrumb\":{\"@id\":\"https:\\\/\\\/greenlink.technology\\\/pl\\\/produkt\\\/enwitec-zabezpieczenie-sieci-i-systemu-na4105-863-kva-zgodnie-z-vde-ar-n-41052018-11-10018716\\\/#breadcrumb\"},\"inLanguage\":\"pl-PL\",\"potentialAction\":[{\"@type\":\"ReadAction\",\"target\":[\"https:\\\/\\\/greenlink.technology\\\/pl\\\/produkt\\\/enwitec-zabezpieczenie-sieci-i-systemu-na4105-863-kva-zgodnie-z-vde-ar-n-41052018-11-10018716\\\/\"]}]},{\"@type\":\"ImageObject\",\"inLanguage\":\"pl-PL\",\"@id\":\"https:\\\/\\\/greenlink.technology\\\/pl\\\/produkt\\\/enwitec-zabezpieczenie-sieci-i-systemu-na4105-863-kva-zgodnie-z-vde-ar-n-41052018-11-10018716\\\/#primaryimage\",\"url\":\"https:\\\/\\\/greenlink.technology\\\/wp-content\\\/uploads\\\/2025\\\/02\\\/10018716_front.png\",\"contentUrl\":\"https:\\\/\\\/greenlink.technology\\\/wp-content\\\/uploads\\\/2025\\\/02\\\/10018716_front.png\",\"width\":500,\"height\":500},{\"@type\":\"BreadcrumbList\",\"@id\":\"https:\\\/\\\/greenlink.technology\\\/pl\\\/produkt\\\/enwitec-zabezpieczenie-sieci-i-systemu-na4105-863-kva-zgodnie-z-vde-ar-n-41052018-11-10018716\\\/#breadcrumb\",\"itemListElement\":[{\"@type\":\"ListItem\",\"position\":1,\"name\":\"Startseite\",\"item\":\"https:\\\/\\\/greenlink.technology\\\/pl\\\/\"},{\"@type\":\"ListItem\",\"position\":2,\"name\":\"Produkty\",\"item\":\"https:\\\/\\\/greenlink.technology\\\/pl\\\/o-nas\\\/firma\\\/enwitec\\\/produkty\\\/\"},{\"@type\":\"ListItem\",\"position\":3,\"name\":\"enwitec zabezpieczenie sieci i systemu NA4105 &#8211; 86,3 kVA &#8211; zgodnie z VDE-AR-N 4105:2018-11 &#8211; 10018716\"}]},{\"@type\":\"WebSite\",\"@id\":\"https:\\\/\\\/enwitec.eu\\\/en\\\/#website\",\"url\":\"https:\\\/\\\/enwitec.eu\\\/en\\\/\",\"name\":\"greenLink orchestrating energy flows | enwitec electronic GmbH | LinQ Europe Sp. z o.o.\",\"description\":\"\",\"publisher\":{\"@id\":\"https:\\\/\\\/enwitec.eu\\\/en\\\/#organization\"},\"potentialAction\":[{\"@type\":\"SearchAction\",\"target\":{\"@type\":\"EntryPoint\",\"urlTemplate\":\"https:\\\/\\\/enwitec.eu\\\/en\\\/?s={search_term_string}\"},\"query-input\":{\"@type\":\"PropertyValueSpecification\",\"valueRequired\":true,\"valueName\":\"search_term_string\"}}],\"inLanguage\":\"pl-PL\"},{\"@type\":\"Organization\",\"@id\":\"https:\\\/\\\/enwitec.eu\\\/en\\\/#organization\",\"name\":\"greenLink orkiestruj\u0105cy przep\u0142ywy energii | enwitec electronic GmbH | LinQ Europe Sp. z o.o.\",\"url\":\"https:\\\/\\\/enwitec.eu\\\/en\\\/\",\"logo\":{\"@type\":\"ImageObject\",\"inLanguage\":\"pl-PL\",\"@id\":\"https:\\\/\\\/enwitec.eu\\\/en\\\/#\\\/schema\\\/logo\\\/image\\\/\",\"url\":\"https:\\\/\\\/greenlink.technology\\\/wp-content\\\/uploads\\\/2025\\\/01\\\/greenlink-logo-final.png\",\"contentUrl\":\"https:\\\/\\\/greenlink.technology\\\/wp-content\\\/uploads\\\/2025\\\/01\\\/greenlink-logo-final.png\",\"width\":2586,\"height\":629,\"caption\":\"greenLink orkiestruj\u0105cy przep\u0142ywy energii | enwitec electronic GmbH | LinQ Europe Sp. z o.o. \"},\"image\":{\"@id\":\"https:\\\/\\\/enwitec.eu\\\/en\\\/#\\\/schema\\\/logo\\\/image\\\/\"}}]}<\/script>\n<!-- \/ Yoast SEO plugin. -->","yoast_head_json":{"title":"enwitec zabezpieczenie sieci i systemu NA4105 - 86,3 kVA - zgodnie z VDE-AR-N 4105:2018-11 - 10018716 - greenLink orchestrating energy flows | enwitec electronic GmbH | LinQ Europe Sp. z o.o.","robots":{"index":"index","follow":"follow","max-snippet":"max-snippet:-1","max-image-preview":"max-image-preview:large","max-video-preview":"max-video-preview:-1"},"canonical":"https:\/\/greenlink.technology\/pl\/produkt\/enwitec-zabezpieczenie-sieci-i-systemu-na4105-863-kva-zgodnie-z-vde-ar-n-41052018-11-10018716\/","og_locale":"pl_PL","og_type":"article","og_title":"enwitec zabezpieczenie sieci i systemu NA4105 - 86,3 kVA - zgodnie z VDE-AR-N 4105:2018-11 - 10018716 - greenLink orchestrating energy flows | enwitec electronic GmbH | LinQ Europe Sp. z o.o.","og_description":"&nbsp;","og_url":"https:\/\/greenlink.technology\/pl\/produkt\/enwitec-zabezpieczenie-sieci-i-systemu-na4105-863-kva-zgodnie-z-vde-ar-n-41052018-11-10018716\/","og_site_name":"greenLink orchestrating energy flows | enwitec electronic GmbH | LinQ Europe Sp. z o.o.","og_image":[{"width":500,"height":500,"url":"https:\/\/linqeurope.pl\/wp-content\/uploads\/2025\/02\/10018716_front.png","type":"image\/png"}],"twitter_card":"summary_large_image","schema":{"@context":"https:\/\/schema.org","@graph":[{"@type":"WebPage","@id":"https:\/\/greenlink.technology\/pl\/produkt\/enwitec-zabezpieczenie-sieci-i-systemu-na4105-863-kva-zgodnie-z-vde-ar-n-41052018-11-10018716\/","url":"https:\/\/greenlink.technology\/pl\/produkt\/enwitec-zabezpieczenie-sieci-i-systemu-na4105-863-kva-zgodnie-z-vde-ar-n-41052018-11-10018716\/","name":"enwitec zabezpieczenie sieci i systemu NA4105 - 86,3 kVA - zgodnie z VDE-AR-N 4105:2018-11 - 10018716 - greenLink orchestrating energy flows | enwitec electronic GmbH | LinQ Europe Sp. z o.o.","isPartOf":{"@id":"https:\/\/enwitec.eu\/en\/#website"},"primaryImageOfPage":{"@id":"https:\/\/greenlink.technology\/pl\/produkt\/enwitec-zabezpieczenie-sieci-i-systemu-na4105-863-kva-zgodnie-z-vde-ar-n-41052018-11-10018716\/#primaryimage"},"image":{"@id":"https:\/\/greenlink.technology\/pl\/produkt\/enwitec-zabezpieczenie-sieci-i-systemu-na4105-863-kva-zgodnie-z-vde-ar-n-41052018-11-10018716\/#primaryimage"},"thumbnailUrl":"https:\/\/greenlink.technology\/wp-content\/uploads\/2025\/02\/10018716_front.png","datePublished":"2024-04-25T12:31:44+00:00","breadcrumb":{"@id":"https:\/\/greenlink.technology\/pl\/produkt\/enwitec-zabezpieczenie-sieci-i-systemu-na4105-863-kva-zgodnie-z-vde-ar-n-41052018-11-10018716\/#breadcrumb"},"inLanguage":"pl-PL","potentialAction":[{"@type":"ReadAction","target":["https:\/\/greenlink.technology\/pl\/produkt\/enwitec-zabezpieczenie-sieci-i-systemu-na4105-863-kva-zgodnie-z-vde-ar-n-41052018-11-10018716\/"]}]},{"@type":"ImageObject","inLanguage":"pl-PL","@id":"https:\/\/greenlink.technology\/pl\/produkt\/enwitec-zabezpieczenie-sieci-i-systemu-na4105-863-kva-zgodnie-z-vde-ar-n-41052018-11-10018716\/#primaryimage","url":"https:\/\/greenlink.technology\/wp-content\/uploads\/2025\/02\/10018716_front.png","contentUrl":"https:\/\/greenlink.technology\/wp-content\/uploads\/2025\/02\/10018716_front.png","width":500,"height":500},{"@type":"BreadcrumbList","@id":"https:\/\/greenlink.technology\/pl\/produkt\/enwitec-zabezpieczenie-sieci-i-systemu-na4105-863-kva-zgodnie-z-vde-ar-n-41052018-11-10018716\/#breadcrumb","itemListElement":[{"@type":"ListItem","position":1,"name":"Startseite","item":"https:\/\/greenlink.technology\/pl\/"},{"@type":"ListItem","position":2,"name":"Produkty","item":"https:\/\/greenlink.technology\/pl\/o-nas\/firma\/enwitec\/produkty\/"},{"@type":"ListItem","position":3,"name":"enwitec zabezpieczenie sieci i systemu NA4105 &#8211; 86,3 kVA &#8211; zgodnie z VDE-AR-N 4105:2018-11 &#8211; 10018716"}]},{"@type":"WebSite","@id":"https:\/\/enwitec.eu\/en\/#website","url":"https:\/\/enwitec.eu\/en\/","name":"greenLink orchestrating energy flows | enwitec electronic GmbH | LinQ Europe Sp. z o.o.","description":"","publisher":{"@id":"https:\/\/enwitec.eu\/en\/#organization"},"potentialAction":[{"@type":"SearchAction","target":{"@type":"EntryPoint","urlTemplate":"https:\/\/enwitec.eu\/en\/?s={search_term_string}"},"query-input":{"@type":"PropertyValueSpecification","valueRequired":true,"valueName":"search_term_string"}}],"inLanguage":"pl-PL"},{"@type":"Organization","@id":"https:\/\/enwitec.eu\/en\/#organization","name":"greenLink orkiestruj\u0105cy przep\u0142ywy energii | enwitec electronic GmbH | LinQ Europe Sp. z o.o.","url":"https:\/\/enwitec.eu\/en\/","logo":{"@type":"ImageObject","inLanguage":"pl-PL","@id":"https:\/\/enwitec.eu\/en\/#\/schema\/logo\/image\/","url":"https:\/\/greenlink.technology\/wp-content\/uploads\/2025\/01\/greenlink-logo-final.png","contentUrl":"https:\/\/greenlink.technology\/wp-content\/uploads\/2025\/01\/greenlink-logo-final.png","width":2586,"height":629,"caption":"greenLink orkiestruj\u0105cy przep\u0142ywy energii | enwitec electronic GmbH | LinQ Europe Sp. z o.o. "},"image":{"@id":"https:\/\/enwitec.eu\/en\/#\/schema\/logo\/image\/"}}]}},"_links":{"self":[{"href":"https:\/\/greenlink.technology\/pl\/wp-json\/wp\/v2\/product\/9739","targetHints":{"allow":["GET"]}}],"collection":[{"href":"https:\/\/greenlink.technology\/pl\/wp-json\/wp\/v2\/product"}],"about":[{"href":"https:\/\/greenlink.technology\/pl\/wp-json\/wp\/v2\/types\/product"}],"replies":[{"embeddable":true,"href":"https:\/\/greenlink.technology\/pl\/wp-json\/wp\/v2\/comments?post=9739"}],"wp:featuredmedia":[{"embeddable":true,"href":"https:\/\/greenlink.technology\/pl\/wp-json\/wp\/v2\/media\/9740"}],"wp:attachment":[{"href":"https:\/\/greenlink.technology\/pl\/wp-json\/wp\/v2\/media?parent=9739"}],"wp:term":[{"taxonomy":"anwendung","embeddable":true,"href":"https:\/\/greenlink.technology\/pl\/wp-json\/wp\/v2\/anwendung?post=9739"},{"taxonomy":"product_brand","embeddable":true,"href":"https:\/\/greenlink.technology\/pl\/wp-json\/wp\/v2\/product_brand?post=9739"},{"taxonomy":"product_cat","embeddable":true,"href":"https:\/\/greenlink.technology\/pl\/wp-json\/wp\/v2\/product_cat?post=9739"},{"taxonomy":"product_tag","embeddable":true,"href":"https:\/\/greenlink.technology\/pl\/wp-json\/wp\/v2\/product_tag?post=9739"}],"curies":[{"name":"wp","href":"https:\/\/api.w.org\/{rel}","templated":true}]}}