{"id":12368,"date":"2024-03-05T07:17:01","date_gmt":"2024-03-05T06:17:01","guid":{"rendered":"https:\/\/greenlink.technology\/produkt\/enwitec-skrzynka-przelacznikow-sieciowych-dla-systemu-fronius-italy-symo-gen24-plus-full-backup-30kw-3ph-230-400v-10015842\/"},"modified":"2025-05-30T14:36:45","modified_gmt":"2025-05-30T12:36:45","slug":"enwitec-skrzynka-przelacznikow-sieciowych-dla-fronius-wlochy-symo-gen24-plus-system-full-backup-30-kw-3-fazy-230-400v-10015842","status":"publish","type":"product","link":"https:\/\/greenlink.technology\/pl\/produkt\/enwitec-skrzynka-przelacznikow-sieciowych-dla-fronius-wlochy-symo-gen24-plus-system-full-backup-30-kw-3-fazy-230-400v-10015842\/","title":{"rendered":"ENWITEC SKRZYNKA PRZE\u0141\u0104CZNIK\u00d3W SIECIOWYCH DLA FRONIUS \u2013 W\u0141OCHY \u2013 SYMO GEN24 PLUS \u2013 SYSTEM \u201eFULL BACKUP\u201d \u2013 30 KW, 3 FAZY, 230\/400V \u2013 10015842"},"content":{"rendered":"","protected":false},"excerpt":{"rendered":"","protected":false},"featured_media":12369,"comment_status":"closed","ping_status":"closed","template":"","meta":{"_acf_changed":false},"anwendung":[],"product_brand":[264],"product_cat":[367],"product_tag":[1200,442,389,388,390],"class_list":{"0":"post-12368","1":"product","2":"type-product","3":"status-publish","4":"has-post-thumbnail","6":"product_brand-enwitec","7":"product_cat-skrzynki-przelacznikow-sieciowych","8":"product_tag-10015842-pl","9":"product_tag-fronius-symo-gen24-pl","10":"product_tag-on-grid-pl","11":"product_tag-urzadzenia-przelaczajace-zasilanie","12":"product_tag-urzadzenie-przelaczajace","13":"pa_laenderfreigabe-it-pl","14":"pa_max-durchgangsleistung-0-30-kw-pl","15":"pa_nf-a-netzanschlusspunkt-tn-c-pl","16":"pa_nf-a-netzanschlusspunkt-tn-s-pl","17":"pa_nf-a-netzanschlusspunkt-tt-pl","18":"pa_nf-i-d-verbraucheranlage-tn-s-pl","19":"pa_nf-i-d-verbraucheranlage-tt-pl","20":"pa_umschaltung-automatyczny","21":"pa_wechselrichter-fronius-gen24-plus-pl","23":"first","24":"instock","25":"shipping-taxable","26":"product-type-simple"},"acf":{"product_informations":"<strong>Skrzynka prze\u0142\u0105czaj\u0105ca sie\u0107 3AC 230\/400V 50Hz<\/strong>\r\n\r\ndla instalacji PV &gt;11,08 kW zgodnie z CEI 0-21:2019-04\r\n<ul>\r\n \t<li>Zabezpieczenie nadpr\u0105dowe 63 A<\/li>\r\n \t<li>\u00a0Roz\u0142\u0105czanie wszystkich biegun\u00f3w \u2013 sieci TN-S\/TT<\/li>\r\n \t<li><strong>UWAGA<\/strong>: Brak mo\u017cliwo\u015bci stosowania sieci TN-C w instalacji klienta!<\/li>\r\n<\/ul>\r\n<strong>Kompatybilna z:<\/strong>\r\n\r\nFRONIUS \u2013 Symo GEN24 6.0 Plus \/ 8.0 Plus \/ 10.0 Plus \/ 12.0 SC Plus\r\n\r\n<strong>Kraj przeznaczenia:<\/strong> W\u0142ochy\r\n<ul>\r\n \t<li>zawiera licznik Fronius SMART METER<\/li>\r\n<\/ul>\r\n<strong>Aby uzyska\u0107 wi\u0119cej informacji technicznych, pobierz dokumentacj\u0119.<\/strong>\r\n\r\n<strong>Uwaga:<\/strong>\r\nMatchcode: 3PH_FRO_BBDAP_30KW_3PH_IT_1.0","technical_data":"Numer artyku\u0142u 10015842\r\nKompatybilno\u015b\u0107 Fronius\r\nFazy 3-fazowy\r\nRoz\u0142\u0105czanie sieci Wszystkie bieguny\r\nMaks. przepustowo\u015b\u0107 termiczna 30 kW\r\nKraj przeznaczenia W\u0142ochy\r\nZabezpieczenie NA Tak\r\nPrze\u0142\u0105cznik \u017ar\u00f3d\u0142a zasilania Nie\r\nNapi\u0119cie znamionowe 230\/400 V\r\nCz\u0119stotliwo\u015b\u0107 znamionowa 50\/60 Hz\r\nPr\u0105d zwarciowy 10 Ka\r\nBezpiecznik 63 A\r\nZakres temperatur pracy -5\u00b0C do +40\u00b0C\r\nWilgotno\u015b\u0107 powietrza 5% do 95%\r\nKlasa ochrony II\r\nWymiary (szer. x wys. x g\u0142.) 448 x 842 x 160 mm\r\nWaga 16 kg\r\nObudowa Poliw\u0119glan","download":"Karta katalogowa PL\r\nScheda tecnica IT\r\n<a href=\"https:\/\/greenlink.technology\/wp-content\/uploads\/2025\/04\/2023_07_25_Auswahlhilfe-Fronius-Netzumschaltboxen_IT-3.pdf\" target=\"_blank\" rel=\"noopener\">Instrukcja doboru<\/a><a href=\"https:\/\/greenlink.technology\/wp-content\/uploads\/2025\/04\/Manuale_10015853_Fronius-Quadro-commutazione-per-alimentazione-di-riserva_-IT_V2.0_2024_06_03-1.pdf\" target=\"_blank\" rel=\"noopener\">IT<\/a>\r\n<a href=\"https:\/\/greenlink.technology\/wp-content\/uploads\/2025\/04\/2023_07_25_Selection_guide_Fronius_Switchover-box_IT.pdf\" target=\"_blank\" rel=\"noopener\">Instrukcja doboru<\/a>\r\n<a href=\"https:\/\/greenlink.technology\/wp-content\/uploads\/2025\/04\/Allg_Installationsanleitung_10017760_Fronius-Netzumschaltboxen-DACH_V1.0_DE_2024_05_31-1-4.pdf\" target=\"_blank\" rel=\"noopener\">Instrukcja monta\u017cu<\/a>\r\nManuale IT","product_short_description":"Falownik: Fronius GEN24 Plus\r\nKraj dopuszczenia: W\u0142ochy\r\nMaks. moc cieplna: 30 kW\r\nPrze\u0142\u0105czanie: automatyczne\r\nTyp sieci w punkcie przy\u0142\u0105czenia do sieci: TT, TN-S, TN-C\r\nTyp sieci w systemie odbiornik\u00f3w: TT, TN-S","photo_gallery":{"galerie_produkte":[[]]}},"yoast_head":"<!-- This site is optimized with the Yoast SEO plugin v27.3 - https:\/\/yoast.com\/product\/yoast-seo-wordpress\/ -->\n<title>ENWITEC SKRZYNKA PRZE\u0141\u0104CZNIK\u00d3W SIECIOWYCH DLA FRONIUS \u2013 W\u0141OCHY \u2013 SYMO GEN24 PLUS \u2013 SYSTEM \u201eFULL BACKUP\u201d \u2013 30 KW, 3 FAZY, 230\/400V \u2013 10015842 - greenLink orchestrating energy flows | enwitec electronic GmbH | LinQ Europe Sp. z o.o.<\/title>\n<meta name=\"robots\" content=\"index, follow, max-snippet:-1, max-image-preview:large, max-video-preview:-1\" \/>\n<link rel=\"canonical\" href=\"https:\/\/greenlink.technology\/pl\/produkt\/enwitec-skrzynka-przelacznikow-sieciowych-dla-fronius-wlochy-symo-gen24-plus-system-full-backup-30-kw-3-fazy-230-400v-10015842\/\" \/>\n<meta property=\"og:locale\" content=\"pl_PL\" \/>\n<meta property=\"og:type\" content=\"article\" \/>\n<meta property=\"og:title\" content=\"ENWITEC SKRZYNKA PRZE\u0141\u0104CZNIK\u00d3W SIECIOWYCH DLA FRONIUS \u2013 W\u0141OCHY \u2013 SYMO GEN24 PLUS \u2013 SYSTEM \u201eFULL BACKUP\u201d \u2013 30 KW, 3 FAZY, 230\/400V \u2013 10015842 - greenLink orchestrating energy flows | enwitec electronic GmbH | LinQ Europe Sp. z o.o.\" \/>\n<meta property=\"og:url\" content=\"https:\/\/greenlink.technology\/pl\/produkt\/enwitec-skrzynka-przelacznikow-sieciowych-dla-fronius-wlochy-symo-gen24-plus-system-full-backup-30-kw-3-fazy-230-400v-10015842\/\" \/>\n<meta property=\"og:site_name\" content=\"greenLink orchestrating energy flows | enwitec electronic GmbH | LinQ Europe Sp. z o.o.\" \/>\n<meta property=\"article:modified_time\" content=\"2025-05-30T12:36:45+00:00\" \/>\n<meta property=\"og:image\" content=\"https:\/\/enwitec.eu\/wp-content\/uploads\/2025\/02\/10015842_front.png\" \/>\n\t<meta property=\"og:image:width\" content=\"500\" \/>\n\t<meta property=\"og:image:height\" content=\"500\" \/>\n\t<meta property=\"og:image:type\" content=\"image\/png\" \/>\n<meta name=\"twitter:card\" content=\"summary_large_image\" \/>\n<script type=\"application\/ld+json\" class=\"yoast-schema-graph\">{\"@context\":\"https:\\\/\\\/schema.org\",\"@graph\":[{\"@type\":\"WebPage\",\"@id\":\"https:\\\/\\\/greenlink.technology\\\/pl\\\/produkt\\\/enwitec-skrzynka-przelacznikow-sieciowych-dla-fronius-wlochy-symo-gen24-plus-system-full-backup-30-kw-3-fazy-230-400v-10015842\\\/\",\"url\":\"https:\\\/\\\/greenlink.technology\\\/pl\\\/produkt\\\/enwitec-skrzynka-przelacznikow-sieciowych-dla-fronius-wlochy-symo-gen24-plus-system-full-backup-30-kw-3-fazy-230-400v-10015842\\\/\",\"name\":\"ENWITEC SKRZYNKA PRZE\u0141\u0104CZNIK\u00d3W SIECIOWYCH DLA FRONIUS \u2013 W\u0141OCHY \u2013 SYMO GEN24 PLUS \u2013 SYSTEM \u201eFULL BACKUP\u201d \u2013 30 KW, 3 FAZY, 230\\\/400V \u2013 10015842 - greenLink orchestrating energy flows | enwitec electronic GmbH | LinQ Europe Sp. z o.o.\",\"isPartOf\":{\"@id\":\"https:\\\/\\\/enwitec.eu\\\/en\\\/#website\"},\"primaryImageOfPage\":{\"@id\":\"https:\\\/\\\/greenlink.technology\\\/pl\\\/produkt\\\/enwitec-skrzynka-przelacznikow-sieciowych-dla-fronius-wlochy-symo-gen24-plus-system-full-backup-30-kw-3-fazy-230-400v-10015842\\\/#primaryimage\"},\"image\":{\"@id\":\"https:\\\/\\\/greenlink.technology\\\/pl\\\/produkt\\\/enwitec-skrzynka-przelacznikow-sieciowych-dla-fronius-wlochy-symo-gen24-plus-system-full-backup-30-kw-3-fazy-230-400v-10015842\\\/#primaryimage\"},\"thumbnailUrl\":\"https:\\\/\\\/greenlink.technology\\\/wp-content\\\/uploads\\\/2025\\\/02\\\/10015842_front.png\",\"datePublished\":\"2024-03-05T06:17:01+00:00\",\"dateModified\":\"2025-05-30T12:36:45+00:00\",\"breadcrumb\":{\"@id\":\"https:\\\/\\\/greenlink.technology\\\/pl\\\/produkt\\\/enwitec-skrzynka-przelacznikow-sieciowych-dla-fronius-wlochy-symo-gen24-plus-system-full-backup-30-kw-3-fazy-230-400v-10015842\\\/#breadcrumb\"},\"inLanguage\":\"pl-PL\",\"potentialAction\":[{\"@type\":\"ReadAction\",\"target\":[\"https:\\\/\\\/greenlink.technology\\\/pl\\\/produkt\\\/enwitec-skrzynka-przelacznikow-sieciowych-dla-fronius-wlochy-symo-gen24-plus-system-full-backup-30-kw-3-fazy-230-400v-10015842\\\/\"]}]},{\"@type\":\"ImageObject\",\"inLanguage\":\"pl-PL\",\"@id\":\"https:\\\/\\\/greenlink.technology\\\/pl\\\/produkt\\\/enwitec-skrzynka-przelacznikow-sieciowych-dla-fronius-wlochy-symo-gen24-plus-system-full-backup-30-kw-3-fazy-230-400v-10015842\\\/#primaryimage\",\"url\":\"https:\\\/\\\/greenlink.technology\\\/wp-content\\\/uploads\\\/2025\\\/02\\\/10015842_front.png\",\"contentUrl\":\"https:\\\/\\\/greenlink.technology\\\/wp-content\\\/uploads\\\/2025\\\/02\\\/10015842_front.png\",\"width\":500,\"height\":500},{\"@type\":\"BreadcrumbList\",\"@id\":\"https:\\\/\\\/greenlink.technology\\\/pl\\\/produkt\\\/enwitec-skrzynka-przelacznikow-sieciowych-dla-fronius-wlochy-symo-gen24-plus-system-full-backup-30-kw-3-fazy-230-400v-10015842\\\/#breadcrumb\",\"itemListElement\":[{\"@type\":\"ListItem\",\"position\":1,\"name\":\"Startseite\",\"item\":\"https:\\\/\\\/greenlink.technology\\\/pl\\\/\"},{\"@type\":\"ListItem\",\"position\":2,\"name\":\"Produkty\",\"item\":\"https:\\\/\\\/greenlink.technology\\\/pl\\\/o-nas\\\/firma\\\/enwitec\\\/produkty\\\/\"},{\"@type\":\"ListItem\",\"position\":3,\"name\":\"ENWITEC SKRZYNKA PRZE\u0141\u0104CZNIK\u00d3W SIECIOWYCH DLA FRONIUS \u2013 W\u0141OCHY \u2013 SYMO GEN24 PLUS \u2013 SYSTEM \u201eFULL BACKUP\u201d \u2013 30 KW, 3 FAZY, 230\\\/400V \u2013 10015842\"}]},{\"@type\":\"WebSite\",\"@id\":\"https:\\\/\\\/enwitec.eu\\\/en\\\/#website\",\"url\":\"https:\\\/\\\/enwitec.eu\\\/en\\\/\",\"name\":\"greenLink orchestrating energy flows | enwitec electronic GmbH | LinQ Europe Sp. z o.o.\",\"description\":\"\",\"publisher\":{\"@id\":\"https:\\\/\\\/enwitec.eu\\\/en\\\/#organization\"},\"potentialAction\":[{\"@type\":\"SearchAction\",\"target\":{\"@type\":\"EntryPoint\",\"urlTemplate\":\"https:\\\/\\\/enwitec.eu\\\/en\\\/?s={search_term_string}\"},\"query-input\":{\"@type\":\"PropertyValueSpecification\",\"valueRequired\":true,\"valueName\":\"search_term_string\"}}],\"inLanguage\":\"pl-PL\"},{\"@type\":\"Organization\",\"@id\":\"https:\\\/\\\/enwitec.eu\\\/en\\\/#organization\",\"name\":\"greenLink orkiestruj\u0105cy przep\u0142ywy energii | enwitec electronic GmbH | LinQ Europe Sp. z o.o.\",\"url\":\"https:\\\/\\\/enwitec.eu\\\/en\\\/\",\"logo\":{\"@type\":\"ImageObject\",\"inLanguage\":\"pl-PL\",\"@id\":\"https:\\\/\\\/enwitec.eu\\\/en\\\/#\\\/schema\\\/logo\\\/image\\\/\",\"url\":\"https:\\\/\\\/greenlink.technology\\\/wp-content\\\/uploads\\\/2025\\\/01\\\/greenlink-logo-final.png\",\"contentUrl\":\"https:\\\/\\\/greenlink.technology\\\/wp-content\\\/uploads\\\/2025\\\/01\\\/greenlink-logo-final.png\",\"width\":2586,\"height\":629,\"caption\":\"greenLink orkiestruj\u0105cy przep\u0142ywy energii | enwitec electronic GmbH | LinQ Europe Sp. z o.o. \"},\"image\":{\"@id\":\"https:\\\/\\\/enwitec.eu\\\/en\\\/#\\\/schema\\\/logo\\\/image\\\/\"}}]}<\/script>\n<!-- \/ Yoast SEO plugin. -->","yoast_head_json":{"title":"ENWITEC SKRZYNKA PRZE\u0141\u0104CZNIK\u00d3W SIECIOWYCH DLA FRONIUS \u2013 W\u0141OCHY \u2013 SYMO GEN24 PLUS \u2013 SYSTEM \u201eFULL BACKUP\u201d \u2013 30 KW, 3 FAZY, 230\/400V \u2013 10015842 - greenLink orchestrating energy flows | enwitec electronic GmbH | LinQ Europe Sp. z o.o.","robots":{"index":"index","follow":"follow","max-snippet":"max-snippet:-1","max-image-preview":"max-image-preview:large","max-video-preview":"max-video-preview:-1"},"canonical":"https:\/\/greenlink.technology\/pl\/produkt\/enwitec-skrzynka-przelacznikow-sieciowych-dla-fronius-wlochy-symo-gen24-plus-system-full-backup-30-kw-3-fazy-230-400v-10015842\/","og_locale":"pl_PL","og_type":"article","og_title":"ENWITEC SKRZYNKA PRZE\u0141\u0104CZNIK\u00d3W SIECIOWYCH DLA FRONIUS \u2013 W\u0141OCHY \u2013 SYMO GEN24 PLUS \u2013 SYSTEM \u201eFULL BACKUP\u201d \u2013 30 KW, 3 FAZY, 230\/400V \u2013 10015842 - greenLink orchestrating energy flows | enwitec electronic GmbH | LinQ Europe Sp. z o.o.","og_url":"https:\/\/greenlink.technology\/pl\/produkt\/enwitec-skrzynka-przelacznikow-sieciowych-dla-fronius-wlochy-symo-gen24-plus-system-full-backup-30-kw-3-fazy-230-400v-10015842\/","og_site_name":"greenLink orchestrating energy flows | enwitec electronic GmbH | LinQ Europe Sp. z o.o.","article_modified_time":"2025-05-30T12:36:45+00:00","og_image":[{"width":500,"height":500,"url":"https:\/\/enwitec.eu\/wp-content\/uploads\/2025\/02\/10015842_front.png","type":"image\/png"}],"twitter_card":"summary_large_image","schema":{"@context":"https:\/\/schema.org","@graph":[{"@type":"WebPage","@id":"https:\/\/greenlink.technology\/pl\/produkt\/enwitec-skrzynka-przelacznikow-sieciowych-dla-fronius-wlochy-symo-gen24-plus-system-full-backup-30-kw-3-fazy-230-400v-10015842\/","url":"https:\/\/greenlink.technology\/pl\/produkt\/enwitec-skrzynka-przelacznikow-sieciowych-dla-fronius-wlochy-symo-gen24-plus-system-full-backup-30-kw-3-fazy-230-400v-10015842\/","name":"ENWITEC SKRZYNKA PRZE\u0141\u0104CZNIK\u00d3W SIECIOWYCH DLA FRONIUS \u2013 W\u0141OCHY \u2013 SYMO GEN24 PLUS \u2013 SYSTEM \u201eFULL BACKUP\u201d \u2013 30 KW, 3 FAZY, 230\/400V \u2013 10015842 - greenLink orchestrating energy flows | enwitec electronic GmbH | LinQ Europe Sp. z o.o.","isPartOf":{"@id":"https:\/\/enwitec.eu\/en\/#website"},"primaryImageOfPage":{"@id":"https:\/\/greenlink.technology\/pl\/produkt\/enwitec-skrzynka-przelacznikow-sieciowych-dla-fronius-wlochy-symo-gen24-plus-system-full-backup-30-kw-3-fazy-230-400v-10015842\/#primaryimage"},"image":{"@id":"https:\/\/greenlink.technology\/pl\/produkt\/enwitec-skrzynka-przelacznikow-sieciowych-dla-fronius-wlochy-symo-gen24-plus-system-full-backup-30-kw-3-fazy-230-400v-10015842\/#primaryimage"},"thumbnailUrl":"https:\/\/greenlink.technology\/wp-content\/uploads\/2025\/02\/10015842_front.png","datePublished":"2024-03-05T06:17:01+00:00","dateModified":"2025-05-30T12:36:45+00:00","breadcrumb":{"@id":"https:\/\/greenlink.technology\/pl\/produkt\/enwitec-skrzynka-przelacznikow-sieciowych-dla-fronius-wlochy-symo-gen24-plus-system-full-backup-30-kw-3-fazy-230-400v-10015842\/#breadcrumb"},"inLanguage":"pl-PL","potentialAction":[{"@type":"ReadAction","target":["https:\/\/greenlink.technology\/pl\/produkt\/enwitec-skrzynka-przelacznikow-sieciowych-dla-fronius-wlochy-symo-gen24-plus-system-full-backup-30-kw-3-fazy-230-400v-10015842\/"]}]},{"@type":"ImageObject","inLanguage":"pl-PL","@id":"https:\/\/greenlink.technology\/pl\/produkt\/enwitec-skrzynka-przelacznikow-sieciowych-dla-fronius-wlochy-symo-gen24-plus-system-full-backup-30-kw-3-fazy-230-400v-10015842\/#primaryimage","url":"https:\/\/greenlink.technology\/wp-content\/uploads\/2025\/02\/10015842_front.png","contentUrl":"https:\/\/greenlink.technology\/wp-content\/uploads\/2025\/02\/10015842_front.png","width":500,"height":500},{"@type":"BreadcrumbList","@id":"https:\/\/greenlink.technology\/pl\/produkt\/enwitec-skrzynka-przelacznikow-sieciowych-dla-fronius-wlochy-symo-gen24-plus-system-full-backup-30-kw-3-fazy-230-400v-10015842\/#breadcrumb","itemListElement":[{"@type":"ListItem","position":1,"name":"Startseite","item":"https:\/\/greenlink.technology\/pl\/"},{"@type":"ListItem","position":2,"name":"Produkty","item":"https:\/\/greenlink.technology\/pl\/o-nas\/firma\/enwitec\/produkty\/"},{"@type":"ListItem","position":3,"name":"ENWITEC SKRZYNKA PRZE\u0141\u0104CZNIK\u00d3W SIECIOWYCH DLA FRONIUS \u2013 W\u0141OCHY \u2013 SYMO GEN24 PLUS \u2013 SYSTEM \u201eFULL BACKUP\u201d \u2013 30 KW, 3 FAZY, 230\/400V \u2013 10015842"}]},{"@type":"WebSite","@id":"https:\/\/enwitec.eu\/en\/#website","url":"https:\/\/enwitec.eu\/en\/","name":"greenLink orchestrating energy flows | enwitec electronic GmbH | LinQ Europe Sp. z o.o.","description":"","publisher":{"@id":"https:\/\/enwitec.eu\/en\/#organization"},"potentialAction":[{"@type":"SearchAction","target":{"@type":"EntryPoint","urlTemplate":"https:\/\/enwitec.eu\/en\/?s={search_term_string}"},"query-input":{"@type":"PropertyValueSpecification","valueRequired":true,"valueName":"search_term_string"}}],"inLanguage":"pl-PL"},{"@type":"Organization","@id":"https:\/\/enwitec.eu\/en\/#organization","name":"greenLink orkiestruj\u0105cy przep\u0142ywy energii | enwitec electronic GmbH | LinQ Europe Sp. z o.o.","url":"https:\/\/enwitec.eu\/en\/","logo":{"@type":"ImageObject","inLanguage":"pl-PL","@id":"https:\/\/enwitec.eu\/en\/#\/schema\/logo\/image\/","url":"https:\/\/greenlink.technology\/wp-content\/uploads\/2025\/01\/greenlink-logo-final.png","contentUrl":"https:\/\/greenlink.technology\/wp-content\/uploads\/2025\/01\/greenlink-logo-final.png","width":2586,"height":629,"caption":"greenLink orkiestruj\u0105cy przep\u0142ywy energii | enwitec electronic GmbH | LinQ Europe Sp. z o.o. "},"image":{"@id":"https:\/\/enwitec.eu\/en\/#\/schema\/logo\/image\/"}}]}},"_links":{"self":[{"href":"https:\/\/greenlink.technology\/pl\/wp-json\/wp\/v2\/product\/12368","targetHints":{"allow":["GET"]}}],"collection":[{"href":"https:\/\/greenlink.technology\/pl\/wp-json\/wp\/v2\/product"}],"about":[{"href":"https:\/\/greenlink.technology\/pl\/wp-json\/wp\/v2\/types\/product"}],"replies":[{"embeddable":true,"href":"https:\/\/greenlink.technology\/pl\/wp-json\/wp\/v2\/comments?post=12368"}],"wp:featuredmedia":[{"embeddable":true,"href":"https:\/\/greenlink.technology\/pl\/wp-json\/wp\/v2\/media\/12369"}],"wp:attachment":[{"href":"https:\/\/greenlink.technology\/pl\/wp-json\/wp\/v2\/media?parent=12368"}],"wp:term":[{"taxonomy":"anwendung","embeddable":true,"href":"https:\/\/greenlink.technology\/pl\/wp-json\/wp\/v2\/anwendung?post=12368"},{"taxonomy":"product_brand","embeddable":true,"href":"https:\/\/greenlink.technology\/pl\/wp-json\/wp\/v2\/product_brand?post=12368"},{"taxonomy":"product_cat","embeddable":true,"href":"https:\/\/greenlink.technology\/pl\/wp-json\/wp\/v2\/product_cat?post=12368"},{"taxonomy":"product_tag","embeddable":true,"href":"https:\/\/greenlink.technology\/pl\/wp-json\/wp\/v2\/product_tag?post=12368"}],"curies":[{"name":"wp","href":"https:\/\/api.w.org\/{rel}","templated":true}]}}