{"id":11333,"date":"2024-03-04T08:29:06","date_gmt":"2024-03-04T07:29:06","guid":{"rendered":"https:\/\/greenlink.technology\/produkt\/do-systemu-fronius-symo-gen24-plus-full-backup-20kw-trojbiegunowy-frt-10016181\/"},"modified":"2025-05-30T10:22:05","modified_gmt":"2025-05-30T08:22:05","slug":"enwitec-skrzynka-przelacznikow-sieciowych-dla-systemu-fronius-symo-gen24-plus-full-backup-20-kw-trojbiegunowa-frt-10016181","status":"publish","type":"product","link":"https:\/\/greenlink.technology\/pl\/produkt\/enwitec-skrzynka-przelacznikow-sieciowych-dla-systemu-fronius-symo-gen24-plus-full-backup-20-kw-trojbiegunowa-frt-10016181\/","title":{"rendered":"ENWITEC SKRZYNKA PRZE\u0141\u0104CZNIK\u00d3W SIECIOWYCH DLA SYSTEMU FRONIUS SYMO GEN24 PLUS \u201eFULL BACKUP\u201d \u2013 20\u202fKW, TR\u00d3JBIEGUNOWA, FRT \u2013 10016181"},"content":{"rendered":"<div class=\"system-stammdaten\">\n<h2><\/h2>\n<p>&nbsp;<\/p>\n<\/div>\n","protected":false},"excerpt":{"rendered":"<p>&nbsp;<\/p>\n","protected":false},"featured_media":11334,"comment_status":"closed","ping_status":"closed","template":"","meta":{"_acf_changed":false},"anwendung":[],"product_brand":[264],"product_cat":[367],"product_tag":[1145,442,389,388,390],"class_list":{"0":"post-11333","1":"product","2":"type-product","3":"status-publish","4":"has-post-thumbnail","6":"product_brand-enwitec","7":"product_cat-skrzynki-przelacznikow-sieciowych","8":"product_tag-10016181-pl","9":"product_tag-fronius-symo-gen24-pl","10":"product_tag-on-grid-pl","11":"product_tag-urzadzenia-przelaczajace-zasilanie","12":"product_tag-urzadzenie-przelaczajace","13":"pa_laenderfreigabe-at-pl","14":"pa_max-durchgangsleistung-0-30-kw-pl","15":"pa_nf-a-netzanschlusspunkt-tn-c-pl","16":"pa_nf-i-d-verbraucheranlage-tn-s-pl","17":"pa_umschaltung-automatyczny","18":"pa_wechselrichter-fronius-gen24-plus-pl","20":"first","21":"instock","22":"shipping-taxable","23":"product-type-simple"},"acf":{"product_informations":"<strong>Skrzynka prze\u0142\u0105czaj\u0105ca sie\u0107 3AC 230\/400\u202fV 50\u202fHz<\/strong>\r\n<ul>\r\n \t<li>Maksymalne zabezpieczenie przy\u0142\u0105cza: 63\u202fA<\/li>\r\n \t<li>Tr\u00f3jfazowe od\u0142\u0105czenie dla sieci TN(C)-S<\/li>\r\n \t<li>Niekompatybilna z instalacjami typu TN-C lub TT po stronie klienta<\/li>\r\n \t<li>Przeznaczona dla instalacji PV wymagaj\u0105cych funkcji FRT (Fault Ride Through)<\/li>\r\n<\/ul>\r\n<strong>Kompatybilno\u015b\u0107<\/strong>\r\n<ul>\r\n \t<li><strong>FRONIUS Symo Hybrid<\/strong>: 3.0-3-S \/ 4.0-3-S \/ 5.0-3-S<\/li>\r\n \t<li><strong>FRONIUS Symo GEN24 Plus<\/strong>: 6.0 \/ 8.0 \/ 10.0 \/ 12.0 SC Plus<\/li>\r\n<\/ul>\r\nKraje przeznaczenia: Austria\r\n\r\nZawiera: Inteligentny licznik TS 65A-3 marki Fronius\r\n\r\n<strong>Aby uzyska\u0107 wi\u0119cej informacji technicznych, prosimy o pobranie dokumentacji.<\/strong>\r\n\r\nUwagi:\r\nKod produktu (Matchcode): 3PH_FRO_BBD3P_20KW_3PH_FRT","technical_data":"<strong>Numer artyku\u0142u:<\/strong> 10016181\r\n<strong>Kompatybilno\u015b\u0107:<\/strong> Fronius\r\n<strong>Fazy:<\/strong> 3-fazowa\r\n<strong>Od\u0142\u0105czenie sieci:<\/strong> tr\u00f3jbiegunowa\r\n<strong>Maksymalna termiczna obci\u0105\u017calno\u015b\u0107 przewod\u00f3w:<\/strong> 20 kW\r\n<strong>Kraj przeznaczenia:<\/strong> Austria\r\n<strong>Ochrona NA:<\/strong> nie\r\n<strong>Prze\u0142\u0105cznik \u017ar\u00f3d\u0142a:<\/strong> nie\r\n<strong>Napi\u0119cie znamionowe:<\/strong> 230\/400 V\r\n<strong>Cz\u0119stotliwo\u015b\u0107 znamionowa:<\/strong> 50\/60 Hz\r\n<strong>Pr\u0105d zwarciowy:<\/strong> 10 kA\r\n<strong>Bezpiecznik:<\/strong> 63 A\r\n<strong>Zakres temperatur pracy:<\/strong> od -5\u00b0C do +40\u00b0C\r\n<strong>Wilgotno\u015b\u0107 powietrza:<\/strong> 5% do 95%\r\n<strong>Klasa ochrony:<\/strong> II\r\n<strong>Wymiary VAR1 (Szer. x Wys. x G\u0142\u0119b.):<\/strong> 338 x 610 x 161 mm\r\n<strong>Wymiary VAR2 (Szer. x Wys. x G\u0142\u0119b.):<\/strong> 315 x 600 x 155 mm\r\n<strong>Waga:<\/strong> 11 kg\r\n<strong>Obudowa:<\/strong> poliw\u0119glan","download":"<a href=\"https:\/\/greenlink.technology\/wp-content\/uploads\/2025\/04\/10016181_Datenblatt_3PH_FRO_BBD3P_20KW_3PH_FRT_2024_07_03.pdf\" target=\"_blank\" rel=\"noopener\">Karta katalogowa EN<\/a>\r\n<a href=\"\/wp-content\/uploads\/2024\/03\/10016181_datasheet_3PH_FRO_BBD3P_20KW_3PH_FRT_2024_05_16.pdf\">Karta katalogowa EN<\/a>\r\n<a href=\"https:\/\/greenlink.technology\/wp-content\/uploads\/2025\/04\/2024_05_07_Auswahlhilfe-Fronius-Netzumschaltboxen_AUT-3.pdf\" target=\"_blank\" rel=\"noopener\">Przewodniki wyboru AT<\/a>\r\n<a href=\"https:\/\/greenlink.technology\/wp-content\/uploads\/2025\/04\/Allg_Installationsanleitung_10017760_Fronius-Netzumschaltboxen-DACH_V1.0_DE_2024_05_31-1-5.pdf\" target=\"_blank\" rel=\"noopener\">Instalacja<\/a>","product_short_description":"<strong>Falownika:<\/strong> Fronius GEN24 Plus\r\n<strong>Wydanie krajowe:<\/strong> Austria\r\n<strong>Max. wsp\u00f3\u0142czynnik przenikania ciep\u0142a: <\/strong> <span style=\"font-size: inherit;\">20-30 kW<\/span>\r\n<strong>Prze\u0142\u0105czanie: <\/strong>automatyczne\r\n<strong>Kszta\u0142t siatki w punkcie przy\u0142\u0105czenia do sieci: <\/strong>TN-C\r\n<strong>Formularz siatki w systemie konsumenckim: <\/strong>TN-S","photo_gallery":{"galerie_produkte":[[]]}},"yoast_head":"<!-- This site is optimized with the Yoast SEO plugin v27.3 - https:\/\/yoast.com\/product\/yoast-seo-wordpress\/ -->\n<title>ENWITEC SKRZYNKA PRZE\u0141\u0104CZNIK\u00d3W SIECIOWYCH DLA SYSTEMU FRONIUS SYMO GEN24 PLUS \u201eFULL BACKUP\u201d \u2013 20\u202fKW, TR\u00d3JBIEGUNOWA, FRT \u2013 10016181 - greenLink orchestrating energy flows | enwitec electronic GmbH | LinQ Europe Sp. z o.o.<\/title>\n<meta name=\"robots\" content=\"index, follow, max-snippet:-1, max-image-preview:large, max-video-preview:-1\" \/>\n<link rel=\"canonical\" href=\"https:\/\/greenlink.technology\/pl\/produkt\/enwitec-skrzynka-przelacznikow-sieciowych-dla-systemu-fronius-symo-gen24-plus-full-backup-20-kw-trojbiegunowa-frt-10016181\/\" \/>\n<meta property=\"og:locale\" content=\"pl_PL\" \/>\n<meta property=\"og:type\" content=\"article\" \/>\n<meta property=\"og:title\" content=\"ENWITEC SKRZYNKA PRZE\u0141\u0104CZNIK\u00d3W SIECIOWYCH DLA SYSTEMU FRONIUS SYMO GEN24 PLUS \u201eFULL BACKUP\u201d \u2013 20\u202fKW, TR\u00d3JBIEGUNOWA, FRT \u2013 10016181 - greenLink orchestrating energy flows | enwitec electronic GmbH | LinQ Europe Sp. z o.o.\" \/>\n<meta property=\"og:description\" content=\"&nbsp;\" \/>\n<meta property=\"og:url\" content=\"https:\/\/greenlink.technology\/pl\/produkt\/enwitec-skrzynka-przelacznikow-sieciowych-dla-systemu-fronius-symo-gen24-plus-full-backup-20-kw-trojbiegunowa-frt-10016181\/\" \/>\n<meta property=\"og:site_name\" content=\"greenLink orchestrating energy flows | enwitec electronic GmbH | LinQ Europe Sp. z o.o.\" \/>\n<meta property=\"article:modified_time\" content=\"2025-05-30T08:22:05+00:00\" \/>\n<meta property=\"og:image\" content=\"https:\/\/greenlink.technology\/wp-content\/uploads\/2025\/02\/10016181_front.png\" \/>\n\t<meta property=\"og:image:width\" content=\"500\" \/>\n\t<meta property=\"og:image:height\" content=\"500\" \/>\n\t<meta property=\"og:image:type\" content=\"image\/png\" \/>\n<meta name=\"twitter:card\" content=\"summary_large_image\" \/>\n<script type=\"application\/ld+json\" class=\"yoast-schema-graph\">{\"@context\":\"https:\\\/\\\/schema.org\",\"@graph\":[{\"@type\":\"WebPage\",\"@id\":\"https:\\\/\\\/greenlink.technology\\\/pl\\\/produkt\\\/enwitec-skrzynka-przelacznikow-sieciowych-dla-systemu-fronius-symo-gen24-plus-full-backup-20-kw-trojbiegunowa-frt-10016181\\\/\",\"url\":\"https:\\\/\\\/greenlink.technology\\\/pl\\\/produkt\\\/enwitec-skrzynka-przelacznikow-sieciowych-dla-systemu-fronius-symo-gen24-plus-full-backup-20-kw-trojbiegunowa-frt-10016181\\\/\",\"name\":\"ENWITEC SKRZYNKA PRZE\u0141\u0104CZNIK\u00d3W SIECIOWYCH DLA SYSTEMU FRONIUS SYMO GEN24 PLUS \u201eFULL BACKUP\u201d \u2013 20\u202fKW, TR\u00d3JBIEGUNOWA, FRT \u2013 10016181 - greenLink orchestrating energy flows | enwitec electronic GmbH | LinQ Europe Sp. z o.o.\",\"isPartOf\":{\"@id\":\"https:\\\/\\\/enwitec.eu\\\/en\\\/#website\"},\"primaryImageOfPage\":{\"@id\":\"https:\\\/\\\/greenlink.technology\\\/pl\\\/produkt\\\/enwitec-skrzynka-przelacznikow-sieciowych-dla-systemu-fronius-symo-gen24-plus-full-backup-20-kw-trojbiegunowa-frt-10016181\\\/#primaryimage\"},\"image\":{\"@id\":\"https:\\\/\\\/greenlink.technology\\\/pl\\\/produkt\\\/enwitec-skrzynka-przelacznikow-sieciowych-dla-systemu-fronius-symo-gen24-plus-full-backup-20-kw-trojbiegunowa-frt-10016181\\\/#primaryimage\"},\"thumbnailUrl\":\"https:\\\/\\\/greenlink.technology\\\/wp-content\\\/uploads\\\/2025\\\/02\\\/10016181_front.png\",\"datePublished\":\"2024-03-04T07:29:06+00:00\",\"dateModified\":\"2025-05-30T08:22:05+00:00\",\"breadcrumb\":{\"@id\":\"https:\\\/\\\/greenlink.technology\\\/pl\\\/produkt\\\/enwitec-skrzynka-przelacznikow-sieciowych-dla-systemu-fronius-symo-gen24-plus-full-backup-20-kw-trojbiegunowa-frt-10016181\\\/#breadcrumb\"},\"inLanguage\":\"pl-PL\",\"potentialAction\":[{\"@type\":\"ReadAction\",\"target\":[\"https:\\\/\\\/greenlink.technology\\\/pl\\\/produkt\\\/enwitec-skrzynka-przelacznikow-sieciowych-dla-systemu-fronius-symo-gen24-plus-full-backup-20-kw-trojbiegunowa-frt-10016181\\\/\"]}]},{\"@type\":\"ImageObject\",\"inLanguage\":\"pl-PL\",\"@id\":\"https:\\\/\\\/greenlink.technology\\\/pl\\\/produkt\\\/enwitec-skrzynka-przelacznikow-sieciowych-dla-systemu-fronius-symo-gen24-plus-full-backup-20-kw-trojbiegunowa-frt-10016181\\\/#primaryimage\",\"url\":\"https:\\\/\\\/greenlink.technology\\\/wp-content\\\/uploads\\\/2025\\\/02\\\/10016181_front.png\",\"contentUrl\":\"https:\\\/\\\/greenlink.technology\\\/wp-content\\\/uploads\\\/2025\\\/02\\\/10016181_front.png\",\"width\":500,\"height\":500},{\"@type\":\"BreadcrumbList\",\"@id\":\"https:\\\/\\\/greenlink.technology\\\/pl\\\/produkt\\\/enwitec-skrzynka-przelacznikow-sieciowych-dla-systemu-fronius-symo-gen24-plus-full-backup-20-kw-trojbiegunowa-frt-10016181\\\/#breadcrumb\",\"itemListElement\":[{\"@type\":\"ListItem\",\"position\":1,\"name\":\"Startseite\",\"item\":\"https:\\\/\\\/greenlink.technology\\\/pl\\\/\"},{\"@type\":\"ListItem\",\"position\":2,\"name\":\"Produkty\",\"item\":\"https:\\\/\\\/greenlink.technology\\\/pl\\\/o-nas\\\/firma\\\/enwitec\\\/produkty\\\/\"},{\"@type\":\"ListItem\",\"position\":3,\"name\":\"ENWITEC SKRZYNKA PRZE\u0141\u0104CZNIK\u00d3W SIECIOWYCH DLA SYSTEMU FRONIUS SYMO GEN24 PLUS \u201eFULL BACKUP\u201d \u2013 20\u202fKW, TR\u00d3JBIEGUNOWA, FRT \u2013 10016181\"}]},{\"@type\":\"WebSite\",\"@id\":\"https:\\\/\\\/enwitec.eu\\\/en\\\/#website\",\"url\":\"https:\\\/\\\/enwitec.eu\\\/en\\\/\",\"name\":\"greenLink orchestrating energy flows | enwitec electronic GmbH | LinQ Europe Sp. z o.o.\",\"description\":\"\",\"publisher\":{\"@id\":\"https:\\\/\\\/enwitec.eu\\\/en\\\/#organization\"},\"potentialAction\":[{\"@type\":\"SearchAction\",\"target\":{\"@type\":\"EntryPoint\",\"urlTemplate\":\"https:\\\/\\\/enwitec.eu\\\/en\\\/?s={search_term_string}\"},\"query-input\":{\"@type\":\"PropertyValueSpecification\",\"valueRequired\":true,\"valueName\":\"search_term_string\"}}],\"inLanguage\":\"pl-PL\"},{\"@type\":\"Organization\",\"@id\":\"https:\\\/\\\/enwitec.eu\\\/en\\\/#organization\",\"name\":\"greenLink orkiestruj\u0105cy przep\u0142ywy energii | enwitec electronic GmbH | LinQ Europe Sp. z o.o.\",\"url\":\"https:\\\/\\\/enwitec.eu\\\/en\\\/\",\"logo\":{\"@type\":\"ImageObject\",\"inLanguage\":\"pl-PL\",\"@id\":\"https:\\\/\\\/enwitec.eu\\\/en\\\/#\\\/schema\\\/logo\\\/image\\\/\",\"url\":\"https:\\\/\\\/greenlink.technology\\\/wp-content\\\/uploads\\\/2025\\\/01\\\/greenlink-logo-final.png\",\"contentUrl\":\"https:\\\/\\\/greenlink.technology\\\/wp-content\\\/uploads\\\/2025\\\/01\\\/greenlink-logo-final.png\",\"width\":2586,\"height\":629,\"caption\":\"greenLink orkiestruj\u0105cy przep\u0142ywy energii | enwitec electronic GmbH | LinQ Europe Sp. z o.o. \"},\"image\":{\"@id\":\"https:\\\/\\\/enwitec.eu\\\/en\\\/#\\\/schema\\\/logo\\\/image\\\/\"}}]}<\/script>\n<!-- \/ Yoast SEO plugin. -->","yoast_head_json":{"title":"ENWITEC SKRZYNKA PRZE\u0141\u0104CZNIK\u00d3W SIECIOWYCH DLA SYSTEMU FRONIUS SYMO GEN24 PLUS \u201eFULL BACKUP\u201d \u2013 20\u202fKW, TR\u00d3JBIEGUNOWA, FRT \u2013 10016181 - greenLink orchestrating energy flows | enwitec electronic GmbH | LinQ Europe Sp. z o.o.","robots":{"index":"index","follow":"follow","max-snippet":"max-snippet:-1","max-image-preview":"max-image-preview:large","max-video-preview":"max-video-preview:-1"},"canonical":"https:\/\/greenlink.technology\/pl\/produkt\/enwitec-skrzynka-przelacznikow-sieciowych-dla-systemu-fronius-symo-gen24-plus-full-backup-20-kw-trojbiegunowa-frt-10016181\/","og_locale":"pl_PL","og_type":"article","og_title":"ENWITEC SKRZYNKA PRZE\u0141\u0104CZNIK\u00d3W SIECIOWYCH DLA SYSTEMU FRONIUS SYMO GEN24 PLUS \u201eFULL BACKUP\u201d \u2013 20\u202fKW, TR\u00d3JBIEGUNOWA, FRT \u2013 10016181 - greenLink orchestrating energy flows | enwitec electronic GmbH | LinQ Europe Sp. z o.o.","og_description":"&nbsp;","og_url":"https:\/\/greenlink.technology\/pl\/produkt\/enwitec-skrzynka-przelacznikow-sieciowych-dla-systemu-fronius-symo-gen24-plus-full-backup-20-kw-trojbiegunowa-frt-10016181\/","og_site_name":"greenLink orchestrating energy flows | enwitec electronic GmbH | LinQ Europe Sp. z o.o.","article_modified_time":"2025-05-30T08:22:05+00:00","og_image":[{"width":500,"height":500,"url":"https:\/\/greenlink.technology\/wp-content\/uploads\/2025\/02\/10016181_front.png","type":"image\/png"}],"twitter_card":"summary_large_image","schema":{"@context":"https:\/\/schema.org","@graph":[{"@type":"WebPage","@id":"https:\/\/greenlink.technology\/pl\/produkt\/enwitec-skrzynka-przelacznikow-sieciowych-dla-systemu-fronius-symo-gen24-plus-full-backup-20-kw-trojbiegunowa-frt-10016181\/","url":"https:\/\/greenlink.technology\/pl\/produkt\/enwitec-skrzynka-przelacznikow-sieciowych-dla-systemu-fronius-symo-gen24-plus-full-backup-20-kw-trojbiegunowa-frt-10016181\/","name":"ENWITEC SKRZYNKA PRZE\u0141\u0104CZNIK\u00d3W SIECIOWYCH DLA SYSTEMU FRONIUS SYMO GEN24 PLUS \u201eFULL BACKUP\u201d \u2013 20\u202fKW, TR\u00d3JBIEGUNOWA, FRT \u2013 10016181 - greenLink orchestrating energy flows | enwitec electronic GmbH | LinQ Europe Sp. z o.o.","isPartOf":{"@id":"https:\/\/enwitec.eu\/en\/#website"},"primaryImageOfPage":{"@id":"https:\/\/greenlink.technology\/pl\/produkt\/enwitec-skrzynka-przelacznikow-sieciowych-dla-systemu-fronius-symo-gen24-plus-full-backup-20-kw-trojbiegunowa-frt-10016181\/#primaryimage"},"image":{"@id":"https:\/\/greenlink.technology\/pl\/produkt\/enwitec-skrzynka-przelacznikow-sieciowych-dla-systemu-fronius-symo-gen24-plus-full-backup-20-kw-trojbiegunowa-frt-10016181\/#primaryimage"},"thumbnailUrl":"https:\/\/greenlink.technology\/wp-content\/uploads\/2025\/02\/10016181_front.png","datePublished":"2024-03-04T07:29:06+00:00","dateModified":"2025-05-30T08:22:05+00:00","breadcrumb":{"@id":"https:\/\/greenlink.technology\/pl\/produkt\/enwitec-skrzynka-przelacznikow-sieciowych-dla-systemu-fronius-symo-gen24-plus-full-backup-20-kw-trojbiegunowa-frt-10016181\/#breadcrumb"},"inLanguage":"pl-PL","potentialAction":[{"@type":"ReadAction","target":["https:\/\/greenlink.technology\/pl\/produkt\/enwitec-skrzynka-przelacznikow-sieciowych-dla-systemu-fronius-symo-gen24-plus-full-backup-20-kw-trojbiegunowa-frt-10016181\/"]}]},{"@type":"ImageObject","inLanguage":"pl-PL","@id":"https:\/\/greenlink.technology\/pl\/produkt\/enwitec-skrzynka-przelacznikow-sieciowych-dla-systemu-fronius-symo-gen24-plus-full-backup-20-kw-trojbiegunowa-frt-10016181\/#primaryimage","url":"https:\/\/greenlink.technology\/wp-content\/uploads\/2025\/02\/10016181_front.png","contentUrl":"https:\/\/greenlink.technology\/wp-content\/uploads\/2025\/02\/10016181_front.png","width":500,"height":500},{"@type":"BreadcrumbList","@id":"https:\/\/greenlink.technology\/pl\/produkt\/enwitec-skrzynka-przelacznikow-sieciowych-dla-systemu-fronius-symo-gen24-plus-full-backup-20-kw-trojbiegunowa-frt-10016181\/#breadcrumb","itemListElement":[{"@type":"ListItem","position":1,"name":"Startseite","item":"https:\/\/greenlink.technology\/pl\/"},{"@type":"ListItem","position":2,"name":"Produkty","item":"https:\/\/greenlink.technology\/pl\/o-nas\/firma\/enwitec\/produkty\/"},{"@type":"ListItem","position":3,"name":"ENWITEC SKRZYNKA PRZE\u0141\u0104CZNIK\u00d3W SIECIOWYCH DLA SYSTEMU FRONIUS SYMO GEN24 PLUS \u201eFULL BACKUP\u201d \u2013 20\u202fKW, TR\u00d3JBIEGUNOWA, FRT \u2013 10016181"}]},{"@type":"WebSite","@id":"https:\/\/enwitec.eu\/en\/#website","url":"https:\/\/enwitec.eu\/en\/","name":"greenLink orchestrating energy flows | enwitec electronic GmbH | LinQ Europe Sp. z o.o.","description":"","publisher":{"@id":"https:\/\/enwitec.eu\/en\/#organization"},"potentialAction":[{"@type":"SearchAction","target":{"@type":"EntryPoint","urlTemplate":"https:\/\/enwitec.eu\/en\/?s={search_term_string}"},"query-input":{"@type":"PropertyValueSpecification","valueRequired":true,"valueName":"search_term_string"}}],"inLanguage":"pl-PL"},{"@type":"Organization","@id":"https:\/\/enwitec.eu\/en\/#organization","name":"greenLink orkiestruj\u0105cy przep\u0142ywy energii | enwitec electronic GmbH | LinQ Europe Sp. z o.o.","url":"https:\/\/enwitec.eu\/en\/","logo":{"@type":"ImageObject","inLanguage":"pl-PL","@id":"https:\/\/enwitec.eu\/en\/#\/schema\/logo\/image\/","url":"https:\/\/greenlink.technology\/wp-content\/uploads\/2025\/01\/greenlink-logo-final.png","contentUrl":"https:\/\/greenlink.technology\/wp-content\/uploads\/2025\/01\/greenlink-logo-final.png","width":2586,"height":629,"caption":"greenLink orkiestruj\u0105cy przep\u0142ywy energii | enwitec electronic GmbH | LinQ Europe Sp. z o.o. "},"image":{"@id":"https:\/\/enwitec.eu\/en\/#\/schema\/logo\/image\/"}}]}},"_links":{"self":[{"href":"https:\/\/greenlink.technology\/pl\/wp-json\/wp\/v2\/product\/11333","targetHints":{"allow":["GET"]}}],"collection":[{"href":"https:\/\/greenlink.technology\/pl\/wp-json\/wp\/v2\/product"}],"about":[{"href":"https:\/\/greenlink.technology\/pl\/wp-json\/wp\/v2\/types\/product"}],"replies":[{"embeddable":true,"href":"https:\/\/greenlink.technology\/pl\/wp-json\/wp\/v2\/comments?post=11333"}],"wp:featuredmedia":[{"embeddable":true,"href":"https:\/\/greenlink.technology\/pl\/wp-json\/wp\/v2\/media\/11334"}],"wp:attachment":[{"href":"https:\/\/greenlink.technology\/pl\/wp-json\/wp\/v2\/media?parent=11333"}],"wp:term":[{"taxonomy":"anwendung","embeddable":true,"href":"https:\/\/greenlink.technology\/pl\/wp-json\/wp\/v2\/anwendung?post=11333"},{"taxonomy":"product_brand","embeddable":true,"href":"https:\/\/greenlink.technology\/pl\/wp-json\/wp\/v2\/product_brand?post=11333"},{"taxonomy":"product_cat","embeddable":true,"href":"https:\/\/greenlink.technology\/pl\/wp-json\/wp\/v2\/product_cat?post=11333"},{"taxonomy":"product_tag","embeddable":true,"href":"https:\/\/greenlink.technology\/pl\/wp-json\/wp\/v2\/product_tag?post=11333"}],"curies":[{"name":"wp","href":"https:\/\/api.w.org\/{rel}","templated":true}]}}