{"id":11250,"date":"2024-02-29T14:45:26","date_gmt":"2024-02-29T13:45:26","guid":{"rendered":"https:\/\/greenlink.technology\/produkt\/enwitec-ochrona-sieci-i-systemow-na4105-1725-kva-zgodnie-z-vde-ar-n-41052018-11-10018522\/"},"modified":"2025-06-12T08:04:58","modified_gmt":"2025-06-12T06:04:58","slug":"enwitec-ochrona-sieci-i-systemow-na4105-1725-kva-zgodnie-z-vde-ar-n-41052018-11-10018522","status":"publish","type":"product","link":"https:\/\/greenlink.technology\/pl\/produkt\/enwitec-ochrona-sieci-i-systemow-na4105-1725-kva-zgodnie-z-vde-ar-n-41052018-11-10018522\/","title":{"rendered":"enwitec Ochrona sieci i system\u00f3w NA4105 \u2013 172,5 kVA \u2013 zgodnie z VDE-AR-N 4105:2018-11 \u2013 10018522"},"content":{"rendered":"<div class=\"system-stammdaten\">\n<h2><\/h2>\n<p>&nbsp;<\/p>\n<\/div>\n","protected":false},"excerpt":{"rendered":"<p>&nbsp;<\/p>\n","protected":false},"featured_media":11255,"comment_status":"closed","ping_status":"closed","template":"","meta":{"_acf_changed":false},"anwendung":[],"product_brand":[264],"product_cat":[582],"product_tag":[1115,587,584,585],"class_list":{"0":"post-11250","1":"product","2":"type-product","3":"status-publish","4":"has-post-thumbnail","6":"product_brand-enwitec","7":"product_cat-ochrona-sieci-i-instalacji","8":"product_tag-10018522-pl","9":"product_tag-na4105-pl","10":"product_tag-ochrona-na","11":"product_tag-ochrona-sieci-i-systemu","12":"pa_laenderfreigabe-pl","13":"pa_leistung-87-172-kva-pl","14":"pa_trennung-wszystkie-bieguny","16":"first","17":"instock","18":"shipping-taxable","19":"product-type-simple"},"acf":{"product_informations":"Sie\u0107 i ochrona ro\u015blin (NA) firmy enwitec. W zale\u017cno\u015bci od dyrektywy krajowej, elektrownie musz\u0105 zosta\u0107 wy\u0142\u0105czone w przypadku niedopuszczalnych odchyle\u0144 napi\u0119cia lub cz\u0119stotliwo\u015bci w sieci niskiego napi\u0119cia. W przypadku przekroczenia warto\u015bci granicznych dopuszczalnych w regule aplikacyjnej, elektrownia jest automatycznie od\u0142\u0105czana od sieci. Je\u015bli napi\u0119cie sieciowe lub cz\u0119stotliwo\u015b\u0107 sieciowa powr\u00f3ci do dopuszczalnego zakresu, system zostanie automatycznie ponownie w\u0142\u0105czony. Oferujemy zar\u00f3wno produkty standardowe, jak i indywidualne rozwi\u0105zania, kt\u00f3re s\u0105 dostosowane do potrzeb danej instalacji fotowoltaicznej.    \n\nTa ochrona sieci i systemu zosta\u0142a zbudowana specjalnie na rynek niemiecki, zgodnie z <strong>VDE-AR-N 4105:2018-11<\/strong> .\n\nAby u\u0142atwi\u0107 zaciskanie w g\u00f3rnej cz\u0119\u015bci wy\u0142\u0105cznika, w tym wariancie jednostk\u0119 steruj\u0105c\u0105 mo\u017cna z\u0142o\u017cy\u0107 w prawo, poluzowuj\u0105c dwie mocuj\u0105ce.\n\n<strong>Nuta<\/strong>\nKod dopasowania: NA-Protection-NA4105-PV172.5KVA-TNS_TT","technical_data":"<div class=\"stammdaten-col\">\n<div class=\"line\">\n<p class=\"system-stammdaten-left\">Przedmiot nr: 10018522\nForma zasilania: TT \/ TN-S\nMoc: 172,5 kVA Homologacja\nkrajowa: VDE-AR-N 4105:2018-11\nSeparacja: listwa zaciskowa od\u0142\u0105cznika testowego na wszystkie bieguny\n: -\nWyj\u015bcia: 1 x\nzaciski wej\u015bciowe i wyj\u015bciowe: 35 - 185mm\u00b2\nWej\u015bcia kablowe: Przepust kablowy M75<\/p>\n\n<\/div>\n<\/div>","download":"<a href=\"https:\/\/greenlink.technology\/wp-content\/uploads\/2025\/05\/10018522_Datenblatt_NA-Schutz-NA4105-PV172.5KVA-TNS_TT_2025_05_26_a.pdf\" target=\"_blank\" rel=\"noopener\">Karta katalogowa EN<\/a>\n<a href=\"https:\/\/greenlink.technology\/wp-content\/uploads\/2025\/04\/10018665_Installationsanleitung_NA-Schutz_DE_2023_10_25.pdf\" target=\"_blank\" rel=\"noopener\">Instalacja<\/a>\n<a href=\"https:\/\/greenlink.technology\/wp-content\/uploads\/2025\/04\/Zertifikat_NA-Schutz_U22-0171_VDE-AR-N-4105_DE.pdf\" target=\"_blank\" rel=\"noopener\">Certyfikat<\/a>","product_short_description":"<strong>Wydanie krajowe:<\/strong> VDE-AR-N 4105:2018-11\n<strong>Moc:<\/strong> 172,5 kVA<strong>Separacja<\/strong>\n: wszystkie bieguny\n<strong>Forma zasilania: <\/strong>TT \/ TN-S","photo_gallery":{"galerie_produkte":[[]]}},"yoast_head":"<!-- This site is optimized with the Yoast SEO plugin v27.3 - https:\/\/yoast.com\/product\/yoast-seo-wordpress\/ -->\n<title>enwitec Ochrona sieci i system\u00f3w NA4105 \u2013 172,5 kVA \u2013 zgodnie z VDE-AR-N 4105:2018-11 \u2013 10018522 - greenLink orchestrating energy flows | enwitec electronic GmbH | LinQ Europe Sp. z o.o.<\/title>\n<meta name=\"robots\" content=\"index, follow, max-snippet:-1, max-image-preview:large, max-video-preview:-1\" \/>\n<link rel=\"canonical\" href=\"https:\/\/greenlink.technology\/pl\/produkt\/enwitec-ochrona-sieci-i-systemow-na4105-1725-kva-zgodnie-z-vde-ar-n-41052018-11-10018522\/\" \/>\n<meta property=\"og:locale\" content=\"pl_PL\" \/>\n<meta property=\"og:type\" content=\"article\" \/>\n<meta property=\"og:title\" content=\"enwitec Ochrona sieci i system\u00f3w NA4105 \u2013 172,5 kVA \u2013 zgodnie z VDE-AR-N 4105:2018-11 \u2013 10018522 - greenLink orchestrating energy flows | enwitec electronic GmbH | LinQ Europe Sp. z o.o.\" \/>\n<meta property=\"og:description\" content=\"&nbsp;\" \/>\n<meta property=\"og:url\" content=\"https:\/\/greenlink.technology\/pl\/produkt\/enwitec-ochrona-sieci-i-systemow-na4105-1725-kva-zgodnie-z-vde-ar-n-41052018-11-10018522\/\" \/>\n<meta property=\"og:site_name\" content=\"greenLink orchestrating energy flows | enwitec electronic GmbH | LinQ Europe Sp. z o.o.\" \/>\n<meta property=\"article:modified_time\" content=\"2025-06-12T06:04:58+00:00\" \/>\n<meta property=\"og:image\" content=\"https:\/\/linqeurope.pl\/wp-content\/uploads\/2025\/02\/10018522_front.png\" \/>\n\t<meta property=\"og:image:width\" content=\"500\" \/>\n\t<meta property=\"og:image:height\" content=\"500\" \/>\n\t<meta property=\"og:image:type\" content=\"image\/png\" \/>\n<meta name=\"twitter:card\" content=\"summary_large_image\" \/>\n<script type=\"application\/ld+json\" class=\"yoast-schema-graph\">{\"@context\":\"https:\\\/\\\/schema.org\",\"@graph\":[{\"@type\":\"WebPage\",\"@id\":\"https:\\\/\\\/greenlink.technology\\\/pl\\\/produkt\\\/enwitec-ochrona-sieci-i-systemow-na4105-1725-kva-zgodnie-z-vde-ar-n-41052018-11-10018522\\\/\",\"url\":\"https:\\\/\\\/greenlink.technology\\\/pl\\\/produkt\\\/enwitec-ochrona-sieci-i-systemow-na4105-1725-kva-zgodnie-z-vde-ar-n-41052018-11-10018522\\\/\",\"name\":\"enwitec Ochrona sieci i system\u00f3w NA4105 \u2013 172,5 kVA \u2013 zgodnie z VDE-AR-N 4105:2018-11 \u2013 10018522 - greenLink orchestrating energy flows | enwitec electronic GmbH | LinQ Europe Sp. z o.o.\",\"isPartOf\":{\"@id\":\"https:\\\/\\\/enwitec.eu\\\/en\\\/#website\"},\"primaryImageOfPage\":{\"@id\":\"https:\\\/\\\/greenlink.technology\\\/pl\\\/produkt\\\/enwitec-ochrona-sieci-i-systemow-na4105-1725-kva-zgodnie-z-vde-ar-n-41052018-11-10018522\\\/#primaryimage\"},\"image\":{\"@id\":\"https:\\\/\\\/greenlink.technology\\\/pl\\\/produkt\\\/enwitec-ochrona-sieci-i-systemow-na4105-1725-kva-zgodnie-z-vde-ar-n-41052018-11-10018522\\\/#primaryimage\"},\"thumbnailUrl\":\"https:\\\/\\\/greenlink.technology\\\/wp-content\\\/uploads\\\/2025\\\/02\\\/10018522_front.png\",\"datePublished\":\"2024-02-29T13:45:26+00:00\",\"dateModified\":\"2025-06-12T06:04:58+00:00\",\"breadcrumb\":{\"@id\":\"https:\\\/\\\/greenlink.technology\\\/pl\\\/produkt\\\/enwitec-ochrona-sieci-i-systemow-na4105-1725-kva-zgodnie-z-vde-ar-n-41052018-11-10018522\\\/#breadcrumb\"},\"inLanguage\":\"pl-PL\",\"potentialAction\":[{\"@type\":\"ReadAction\",\"target\":[\"https:\\\/\\\/greenlink.technology\\\/pl\\\/produkt\\\/enwitec-ochrona-sieci-i-systemow-na4105-1725-kva-zgodnie-z-vde-ar-n-41052018-11-10018522\\\/\"]}]},{\"@type\":\"ImageObject\",\"inLanguage\":\"pl-PL\",\"@id\":\"https:\\\/\\\/greenlink.technology\\\/pl\\\/produkt\\\/enwitec-ochrona-sieci-i-systemow-na4105-1725-kva-zgodnie-z-vde-ar-n-41052018-11-10018522\\\/#primaryimage\",\"url\":\"https:\\\/\\\/greenlink.technology\\\/wp-content\\\/uploads\\\/2025\\\/02\\\/10018522_front.png\",\"contentUrl\":\"https:\\\/\\\/greenlink.technology\\\/wp-content\\\/uploads\\\/2025\\\/02\\\/10018522_front.png\",\"width\":500,\"height\":500},{\"@type\":\"BreadcrumbList\",\"@id\":\"https:\\\/\\\/greenlink.technology\\\/pl\\\/produkt\\\/enwitec-ochrona-sieci-i-systemow-na4105-1725-kva-zgodnie-z-vde-ar-n-41052018-11-10018522\\\/#breadcrumb\",\"itemListElement\":[{\"@type\":\"ListItem\",\"position\":1,\"name\":\"Startseite\",\"item\":\"https:\\\/\\\/greenlink.technology\\\/pl\\\/\"},{\"@type\":\"ListItem\",\"position\":2,\"name\":\"Produkty\",\"item\":\"https:\\\/\\\/greenlink.technology\\\/pl\\\/o-nas\\\/firma\\\/enwitec\\\/produkty\\\/\"},{\"@type\":\"ListItem\",\"position\":3,\"name\":\"enwitec Ochrona sieci i system\u00f3w NA4105 \u2013 172,5 kVA \u2013 zgodnie z VDE-AR-N 4105:2018-11 \u2013 10018522\"}]},{\"@type\":\"WebSite\",\"@id\":\"https:\\\/\\\/enwitec.eu\\\/en\\\/#website\",\"url\":\"https:\\\/\\\/enwitec.eu\\\/en\\\/\",\"name\":\"greenLink orchestrating energy flows | enwitec electronic GmbH | LinQ Europe Sp. z o.o.\",\"description\":\"\",\"publisher\":{\"@id\":\"https:\\\/\\\/enwitec.eu\\\/en\\\/#organization\"},\"potentialAction\":[{\"@type\":\"SearchAction\",\"target\":{\"@type\":\"EntryPoint\",\"urlTemplate\":\"https:\\\/\\\/enwitec.eu\\\/en\\\/?s={search_term_string}\"},\"query-input\":{\"@type\":\"PropertyValueSpecification\",\"valueRequired\":true,\"valueName\":\"search_term_string\"}}],\"inLanguage\":\"pl-PL\"},{\"@type\":\"Organization\",\"@id\":\"https:\\\/\\\/enwitec.eu\\\/en\\\/#organization\",\"name\":\"greenLink orkiestruj\u0105cy przep\u0142ywy energii | enwitec electronic GmbH | LinQ Europe Sp. z o.o.\",\"url\":\"https:\\\/\\\/enwitec.eu\\\/en\\\/\",\"logo\":{\"@type\":\"ImageObject\",\"inLanguage\":\"pl-PL\",\"@id\":\"https:\\\/\\\/enwitec.eu\\\/en\\\/#\\\/schema\\\/logo\\\/image\\\/\",\"url\":\"https:\\\/\\\/greenlink.technology\\\/wp-content\\\/uploads\\\/2025\\\/01\\\/greenlink-logo-final.png\",\"contentUrl\":\"https:\\\/\\\/greenlink.technology\\\/wp-content\\\/uploads\\\/2025\\\/01\\\/greenlink-logo-final.png\",\"width\":2586,\"height\":629,\"caption\":\"greenLink orkiestruj\u0105cy przep\u0142ywy energii | enwitec electronic GmbH | LinQ Europe Sp. z o.o. \"},\"image\":{\"@id\":\"https:\\\/\\\/enwitec.eu\\\/en\\\/#\\\/schema\\\/logo\\\/image\\\/\"}}]}<\/script>\n<!-- \/ Yoast SEO plugin. -->","yoast_head_json":{"title":"enwitec Ochrona sieci i system\u00f3w NA4105 \u2013 172,5 kVA \u2013 zgodnie z VDE-AR-N 4105:2018-11 \u2013 10018522 - greenLink orchestrating energy flows | enwitec electronic GmbH | LinQ Europe Sp. z o.o.","robots":{"index":"index","follow":"follow","max-snippet":"max-snippet:-1","max-image-preview":"max-image-preview:large","max-video-preview":"max-video-preview:-1"},"canonical":"https:\/\/greenlink.technology\/pl\/produkt\/enwitec-ochrona-sieci-i-systemow-na4105-1725-kva-zgodnie-z-vde-ar-n-41052018-11-10018522\/","og_locale":"pl_PL","og_type":"article","og_title":"enwitec Ochrona sieci i system\u00f3w NA4105 \u2013 172,5 kVA \u2013 zgodnie z VDE-AR-N 4105:2018-11 \u2013 10018522 - greenLink orchestrating energy flows | enwitec electronic GmbH | LinQ Europe Sp. z o.o.","og_description":"&nbsp;","og_url":"https:\/\/greenlink.technology\/pl\/produkt\/enwitec-ochrona-sieci-i-systemow-na4105-1725-kva-zgodnie-z-vde-ar-n-41052018-11-10018522\/","og_site_name":"greenLink orchestrating energy flows | enwitec electronic GmbH | LinQ Europe Sp. z o.o.","article_modified_time":"2025-06-12T06:04:58+00:00","og_image":[{"width":500,"height":500,"url":"https:\/\/linqeurope.pl\/wp-content\/uploads\/2025\/02\/10018522_front.png","type":"image\/png"}],"twitter_card":"summary_large_image","schema":{"@context":"https:\/\/schema.org","@graph":[{"@type":"WebPage","@id":"https:\/\/greenlink.technology\/pl\/produkt\/enwitec-ochrona-sieci-i-systemow-na4105-1725-kva-zgodnie-z-vde-ar-n-41052018-11-10018522\/","url":"https:\/\/greenlink.technology\/pl\/produkt\/enwitec-ochrona-sieci-i-systemow-na4105-1725-kva-zgodnie-z-vde-ar-n-41052018-11-10018522\/","name":"enwitec Ochrona sieci i system\u00f3w NA4105 \u2013 172,5 kVA \u2013 zgodnie z VDE-AR-N 4105:2018-11 \u2013 10018522 - greenLink orchestrating energy flows | enwitec electronic GmbH | LinQ Europe Sp. z o.o.","isPartOf":{"@id":"https:\/\/enwitec.eu\/en\/#website"},"primaryImageOfPage":{"@id":"https:\/\/greenlink.technology\/pl\/produkt\/enwitec-ochrona-sieci-i-systemow-na4105-1725-kva-zgodnie-z-vde-ar-n-41052018-11-10018522\/#primaryimage"},"image":{"@id":"https:\/\/greenlink.technology\/pl\/produkt\/enwitec-ochrona-sieci-i-systemow-na4105-1725-kva-zgodnie-z-vde-ar-n-41052018-11-10018522\/#primaryimage"},"thumbnailUrl":"https:\/\/greenlink.technology\/wp-content\/uploads\/2025\/02\/10018522_front.png","datePublished":"2024-02-29T13:45:26+00:00","dateModified":"2025-06-12T06:04:58+00:00","breadcrumb":{"@id":"https:\/\/greenlink.technology\/pl\/produkt\/enwitec-ochrona-sieci-i-systemow-na4105-1725-kva-zgodnie-z-vde-ar-n-41052018-11-10018522\/#breadcrumb"},"inLanguage":"pl-PL","potentialAction":[{"@type":"ReadAction","target":["https:\/\/greenlink.technology\/pl\/produkt\/enwitec-ochrona-sieci-i-systemow-na4105-1725-kva-zgodnie-z-vde-ar-n-41052018-11-10018522\/"]}]},{"@type":"ImageObject","inLanguage":"pl-PL","@id":"https:\/\/greenlink.technology\/pl\/produkt\/enwitec-ochrona-sieci-i-systemow-na4105-1725-kva-zgodnie-z-vde-ar-n-41052018-11-10018522\/#primaryimage","url":"https:\/\/greenlink.technology\/wp-content\/uploads\/2025\/02\/10018522_front.png","contentUrl":"https:\/\/greenlink.technology\/wp-content\/uploads\/2025\/02\/10018522_front.png","width":500,"height":500},{"@type":"BreadcrumbList","@id":"https:\/\/greenlink.technology\/pl\/produkt\/enwitec-ochrona-sieci-i-systemow-na4105-1725-kva-zgodnie-z-vde-ar-n-41052018-11-10018522\/#breadcrumb","itemListElement":[{"@type":"ListItem","position":1,"name":"Startseite","item":"https:\/\/greenlink.technology\/pl\/"},{"@type":"ListItem","position":2,"name":"Produkty","item":"https:\/\/greenlink.technology\/pl\/o-nas\/firma\/enwitec\/produkty\/"},{"@type":"ListItem","position":3,"name":"enwitec Ochrona sieci i system\u00f3w NA4105 \u2013 172,5 kVA \u2013 zgodnie z VDE-AR-N 4105:2018-11 \u2013 10018522"}]},{"@type":"WebSite","@id":"https:\/\/enwitec.eu\/en\/#website","url":"https:\/\/enwitec.eu\/en\/","name":"greenLink orchestrating energy flows | enwitec electronic GmbH | LinQ Europe Sp. z o.o.","description":"","publisher":{"@id":"https:\/\/enwitec.eu\/en\/#organization"},"potentialAction":[{"@type":"SearchAction","target":{"@type":"EntryPoint","urlTemplate":"https:\/\/enwitec.eu\/en\/?s={search_term_string}"},"query-input":{"@type":"PropertyValueSpecification","valueRequired":true,"valueName":"search_term_string"}}],"inLanguage":"pl-PL"},{"@type":"Organization","@id":"https:\/\/enwitec.eu\/en\/#organization","name":"greenLink orkiestruj\u0105cy przep\u0142ywy energii | enwitec electronic GmbH | LinQ Europe Sp. z o.o.","url":"https:\/\/enwitec.eu\/en\/","logo":{"@type":"ImageObject","inLanguage":"pl-PL","@id":"https:\/\/enwitec.eu\/en\/#\/schema\/logo\/image\/","url":"https:\/\/greenlink.technology\/wp-content\/uploads\/2025\/01\/greenlink-logo-final.png","contentUrl":"https:\/\/greenlink.technology\/wp-content\/uploads\/2025\/01\/greenlink-logo-final.png","width":2586,"height":629,"caption":"greenLink orkiestruj\u0105cy przep\u0142ywy energii | enwitec electronic GmbH | LinQ Europe Sp. z o.o. "},"image":{"@id":"https:\/\/enwitec.eu\/en\/#\/schema\/logo\/image\/"}}]}},"_links":{"self":[{"href":"https:\/\/greenlink.technology\/pl\/wp-json\/wp\/v2\/product\/11250","targetHints":{"allow":["GET"]}}],"collection":[{"href":"https:\/\/greenlink.technology\/pl\/wp-json\/wp\/v2\/product"}],"about":[{"href":"https:\/\/greenlink.technology\/pl\/wp-json\/wp\/v2\/types\/product"}],"replies":[{"embeddable":true,"href":"https:\/\/greenlink.technology\/pl\/wp-json\/wp\/v2\/comments?post=11250"}],"wp:featuredmedia":[{"embeddable":true,"href":"https:\/\/greenlink.technology\/pl\/wp-json\/wp\/v2\/media\/11255"}],"wp:attachment":[{"href":"https:\/\/greenlink.technology\/pl\/wp-json\/wp\/v2\/media?parent=11250"}],"wp:term":[{"taxonomy":"anwendung","embeddable":true,"href":"https:\/\/greenlink.technology\/pl\/wp-json\/wp\/v2\/anwendung?post=11250"},{"taxonomy":"product_brand","embeddable":true,"href":"https:\/\/greenlink.technology\/pl\/wp-json\/wp\/v2\/product_brand?post=11250"},{"taxonomy":"product_cat","embeddable":true,"href":"https:\/\/greenlink.technology\/pl\/wp-json\/wp\/v2\/product_cat?post=11250"},{"taxonomy":"product_tag","embeddable":true,"href":"https:\/\/greenlink.technology\/pl\/wp-json\/wp\/v2\/product_tag?post=11250"}],"curies":[{"name":"wp","href":"https:\/\/api.w.org\/{rel}","templated":true}]}}