{"id":2068,"date":"2024-03-04T15:54:13","date_gmt":"2024-03-04T14:54:13","guid":{"rendered":"https:\/\/greenlink.technology\/produkt\/enwitec-netzumschaltbox-fuer-das-fronius-energy-package-system-allpolig-fuer-groessere-pv-anlagen-3ph-230-400v-10016114\/"},"modified":"2025-11-27T15:29:39","modified_gmt":"2025-11-27T14:29:39","slug":"enwitec-netzumschaltbox-fuer-das-fronius-energy-package-system-allpolig-fuer-groessere-pv-anlagen-3ph-230-400v-10016114","status":"publish","type":"product","link":"https:\/\/greenlink.technology\/it\/produkt\/enwitec-netzumschaltbox-fuer-das-fronius-energy-package-system-allpolig-fuer-groessere-pv-anlagen-3ph-230-400v-10016114\/","title":{"rendered":"enwitec Netzumschaltbox f\u00fcr Fronius SYMO GEN24 Plus System \u201eFull Backup\u201c \u2013 Allpolig \u2013 f\u00fcr gr\u00f6\u00dfere PV-Anlagen \u2013 10016114"},"content":{"rendered":"","protected":false},"excerpt":{"rendered":"","protected":false},"featured_media":2069,"comment_status":"closed","ping_status":"closed","template":"","meta":{"_acf_changed":false},"anwendung":[],"product_brand":[264],"product_cat":[192],"product_tag":[207,201,194,195,197],"class_list":{"0":"post-2068","1":"product","2":"type-product","3":"status-publish","4":"has-post-thumbnail","6":"product_brand-enwitec","7":"product_cat-netzumschaltboxen-on-grid","8":"product_tag-207","9":"product_tag-fronius-symo-gen24","10":"product_tag-netzumschalteinrichtungen","11":"product_tag-on-grid","12":"product_tag-umschalteinrichtung","13":"pa_laenderfreigabe-ch","14":"pa_laenderfreigabe-de","15":"pa_max-durchgangsleistung-0-30-kw","16":"pa_nf-a-netzanschlusspunkt-tn-c","17":"pa_nf-a-netzanschlusspunkt-tn-s","18":"pa_nf-a-netzanschlusspunkt-tt","19":"pa_nf-i-d-verbraucheranlage-tn-s","20":"pa_nf-i-d-verbraucheranlage-tt","21":"pa_umschaltung-automatisch","22":"pa_wechselrichter-fronius-gen24-plus","24":"first","25":"instock","26":"shipping-taxable","27":"product-type-simple"},"acf":{"product_informations":"<strong>Netzumschaltbox 3AC 230\/400V 50Hz<\/strong>\r\n\u2013 Anschlusssicherung max. 63A\r\n\u2013 Allpolige Trennung -TN(C)-S\/TN-S\/TT-Netze\r\n\u2013 KEIN TN-C Netz in der Kundenanlage!\r\n\u2013 f\u00fcr PV-Anlagen OHNE FRT-Forderung (Fault Ride Through)\r\n\r\n<strong>passend f\u00fcr<\/strong>\r\nFRONIUS \u2013 Symo GEN24 6.0 Plus\/8.0 Plus\/10.0 Plus\/12.0 SC Plus\r\n\r\nL\u00e4nderverf\u00fcgbarkeit: \u00a0Deutschland, Schweiz\r\n\r\n- KEIN Fronius SMART METER integriert!\r\n\r\n- geeignet f\u00fcr PV-Anlagen &gt;30kW und\/oder Hausanschlusssicherungen &gt;63A\r\n- Einbindung von Erzeugungsz\u00e4hler und\/oder NA-Schutz m\u00f6glich\r\n- Die Netzumschaltbox kann prinzipiell in jede gr\u00f6\u00dfere PV-Anlage eingebunden werden! Siehe Schaltplan mit Verschaltungsumgebung\r\n\r\nF\u00fcr weitere technische Informationen downloaden Sie bitte die Dokumentation.\r\n\r\n<strong>Anmerkung<\/strong>\r\nMatchcode: 3PH_FRO_BBDAP_20KW_3PH_SPL","technical_data":"<div class=\"stammdaten-col\">\r\n<div class=\"line\">\r\n<div class=\"stammdaten-col\">\r\n<div class=\"line\">\r\n<p class=\"system-stammdaten-left\">Artikel Nr.: 10016114\r\n<span style=\"font-size: inherit;\">Kompatibel zu: <\/span><span style=\"font-size: inherit;\">Fronius\r\n<\/span><span style=\"font-size: inherit;\">Phasen: <\/span><span style=\"font-size: inherit;\">3-phasig\r\n<\/span><span style=\"font-size: inherit;\">Netztrennung: <\/span><span style=\"font-size: inherit;\">Allpolig<\/span><span style=\"font-size: inherit;\">\r\n<\/span><span style=\"font-size: inherit;\">Max. thermische Durchgangsleistung: <\/span><span style=\"font-size: inherit;\">20 kW\r\n<\/span><span style=\"font-size: inherit;\">(eine h\u00f6here Durchgangsleistung ist Aufgrund des Konzepts nicht erforderlich)\r\n<\/span><span style=\"font-size: inherit;\">L\u00e4nderkennung: Deutschland,<\/span><span style=\"font-size: inherit;\"> Schweiz\r\n<\/span><span style=\"font-size: inherit;\">NA-Schutz: <\/span><span style=\"font-size: inherit;\">nein\r\n<\/span><span style=\"font-size: inherit;\">Quellenumschalter: <\/span><span style=\"font-size: inherit;\">nein\r\n<\/span><span style=\"font-size: inherit;\">Nennspannung: <\/span><span style=\"font-size: inherit;\">230\/400V\r\n<\/span><span style=\"font-size: inherit;\">Nennfrequenz: <\/span><span style=\"font-size: inherit;\">50\/60 Hz\r\n<\/span><span style=\"font-size: inherit;\">Kurzschlussstrom: <\/span><span style=\"font-size: inherit;\">10 kA\r\n<\/span><span style=\"font-size: inherit;\">Max. Vorsicherung f\u00fcr Umschaltbox: <\/span><span style=\"font-size: inherit;\">63 A\r\n<\/span><span style=\"font-size: inherit;\">Betriebstemperaturbereich: -5\u00b0C bis +40\u00b0C<\/span><span style=\"font-size: inherit;\">\r\n<\/span><span style=\"font-size: inherit;\">Luftfeuchtigkeit: 5% bis 95%<\/span><span style=\"font-size: inherit;\">\r\n<\/span><span style=\"font-size: inherit;\">Schutzklasse: II<\/span><span style=\"font-size: inherit;\">\r\n<\/span><span style=\"font-size: inherit;\">Abmessungen BxHxT: 448 x 610 x 161 mm<\/span><span style=\"font-size: inherit;\">\r\n<\/span><span style=\"font-size: inherit;\">Gewicht: <\/span><span style=\"font-size: inherit;\">9 kg\r\n<\/span><span style=\"font-size: inherit;\">Geh\u00e4use: Polycarbonat<\/span><\/p>\r\n\r\n<\/div>\r\n<\/div>\r\n<\/div>\r\n<\/div>","download":"<a href=\"https:\/\/greenlink.technology\/wp-content\/uploads\/2025\/11\/10016114-DE_DAT_3PH_FRO_BBDAP_20KW_3PH_SPL-a.pdf\" target=\"_blank\" rel=\"noopener\">Datenblatt DE<\/a>\r\n<a href=\"https:\/\/greenlink.technology\/wp-content\/uploads\/2025\/04\/2024_05_07_Auswahlhilfe-Fronius-Netzumschaltboxen_AUT-2.pdf\" target=\"_blank\" rel=\"noopener\">Auswahlhilfen AT<\/a>\r\n<a href=\"https:\/\/greenlink.technology\/wp-content\/uploads\/2025\/04\/2023_07_25_Auswahlhilfe-Fronius-Netzumschaltboxen_DE-3.pdf\" target=\"_blank\" rel=\"noopener\">Auswahlhilfe DE<\/a>\r\n<a href=\"https:\/\/greenlink.technology\/wp-content\/uploads\/2025\/04\/2023_07_25_Auswahlhilfe-Fronius-Netzumschaltboxen_CH-3.pdf\" target=\"_blank\" rel=\"noopener\">Auswahlhilfe CH<\/a>\r\n<a href=\"https:\/\/greenlink.technology\/wp-content\/uploads\/2025\/11\/10019896_DE_EN_HB_Inst.-Anleitung-Fronius-IP-a.pdf\" target=\"_blank\" rel=\"noopener\">Installationsanleitung<\/a>","product_short_description":"Wechselrichter: Fronius GEN24 Plus\r\nL\u00e4nderfreigabe: Deutschland, Schweiz\r\nmax. thermische Durchgangsleistung : 20 kW\r\nUmschaltung: automatisch\r\nNetzform am Netzanschlusspunkt: TN-S, TT, TN-C\r\nNetzform in der Verbraucheranlage:\u00a0TN-S, TT","photo_gallery":{"galerie_produkte":[[]]}},"yoast_head":"<!-- This site is optimized with the Yoast SEO plugin v27.3 - https:\/\/yoast.com\/product\/yoast-seo-wordpress\/ -->\n<title>enwitec Netzumschaltbox f\u00fcr Fronius SYMO GEN24 Plus System \u201eFull Backup\u201c \u2013 Allpolig \u2013 f\u00fcr gr\u00f6\u00dfere PV-Anlagen \u2013 10016114 - greenLink orchestrating energy flows | enwitec electronic GmbH | LinQ Europe Sp. z o.o.<\/title>\n<meta name=\"robots\" content=\"index, follow, max-snippet:-1, max-image-preview:large, max-video-preview:-1\" \/>\n<link rel=\"canonical\" href=\"https:\/\/greenlink.technology\/it\/produkt\/enwitec-netzumschaltbox-fuer-das-fronius-energy-package-system-allpolig-fuer-groessere-pv-anlagen-3ph-230-400v-10016114\/\" \/>\n<meta property=\"og:locale\" content=\"it_IT\" \/>\n<meta property=\"og:type\" content=\"article\" \/>\n<meta property=\"og:title\" content=\"enwitec Netzumschaltbox f\u00fcr Fronius SYMO GEN24 Plus System \u201eFull Backup\u201c \u2013 Allpolig \u2013 f\u00fcr gr\u00f6\u00dfere PV-Anlagen \u2013 10016114 - greenLink orchestrating energy flows | enwitec electronic GmbH | LinQ Europe Sp. z o.o.\" \/>\n<meta property=\"og:url\" content=\"https:\/\/greenlink.technology\/it\/produkt\/enwitec-netzumschaltbox-fuer-das-fronius-energy-package-system-allpolig-fuer-groessere-pv-anlagen-3ph-230-400v-10016114\/\" \/>\n<meta property=\"og:site_name\" content=\"greenLink orchestrating energy flows | enwitec electronic GmbH | LinQ Europe Sp. z o.o.\" \/>\n<meta property=\"article:modified_time\" content=\"2025-11-27T14:29:39+00:00\" \/>\n<meta property=\"og:image\" content=\"https:\/\/enwitec.eu\/wp-content\/uploads\/2025\/02\/10016114_front.png\" \/>\n\t<meta property=\"og:image:width\" content=\"500\" \/>\n\t<meta property=\"og:image:height\" content=\"500\" \/>\n\t<meta property=\"og:image:type\" content=\"image\/png\" \/>\n<meta name=\"twitter:card\" content=\"summary_large_image\" \/>\n<meta name=\"twitter:label1\" content=\"Tempo di lettura stimato\" \/>\n\t<meta name=\"twitter:data1\" content=\"1 minuto\" \/>\n<script type=\"application\/ld+json\" class=\"yoast-schema-graph\">{\"@context\":\"https:\\\/\\\/schema.org\",\"@graph\":[{\"@type\":\"WebPage\",\"@id\":\"https:\\\/\\\/greenlink.technology\\\/it\\\/produkt\\\/enwitec-netzumschaltbox-fuer-das-fronius-energy-package-system-allpolig-fuer-groessere-pv-anlagen-3ph-230-400v-10016114\\\/\",\"url\":\"https:\\\/\\\/greenlink.technology\\\/it\\\/produkt\\\/enwitec-netzumschaltbox-fuer-das-fronius-energy-package-system-allpolig-fuer-groessere-pv-anlagen-3ph-230-400v-10016114\\\/\",\"name\":\"enwitec Netzumschaltbox f\u00fcr Fronius SYMO GEN24 Plus System \u201eFull Backup\u201c \u2013 Allpolig \u2013 f\u00fcr gr\u00f6\u00dfere PV-Anlagen \u2013 10016114 - greenLink orchestrating energy flows | enwitec electronic GmbH | LinQ Europe Sp. z o.o.\",\"isPartOf\":{\"@id\":\"https:\\\/\\\/enwitec.eu\\\/en\\\/#website\"},\"primaryImageOfPage\":{\"@id\":\"https:\\\/\\\/greenlink.technology\\\/it\\\/produkt\\\/enwitec-netzumschaltbox-fuer-das-fronius-energy-package-system-allpolig-fuer-groessere-pv-anlagen-3ph-230-400v-10016114\\\/#primaryimage\"},\"image\":{\"@id\":\"https:\\\/\\\/greenlink.technology\\\/it\\\/produkt\\\/enwitec-netzumschaltbox-fuer-das-fronius-energy-package-system-allpolig-fuer-groessere-pv-anlagen-3ph-230-400v-10016114\\\/#primaryimage\"},\"thumbnailUrl\":\"https:\\\/\\\/greenlink.technology\\\/wp-content\\\/uploads\\\/2025\\\/02\\\/10016114_front.png\",\"datePublished\":\"2024-03-04T14:54:13+00:00\",\"dateModified\":\"2025-11-27T14:29:39+00:00\",\"breadcrumb\":{\"@id\":\"https:\\\/\\\/greenlink.technology\\\/it\\\/produkt\\\/enwitec-netzumschaltbox-fuer-das-fronius-energy-package-system-allpolig-fuer-groessere-pv-anlagen-3ph-230-400v-10016114\\\/#breadcrumb\"},\"inLanguage\":\"it-IT\",\"potentialAction\":[{\"@type\":\"ReadAction\",\"target\":[\"https:\\\/\\\/greenlink.technology\\\/it\\\/produkt\\\/enwitec-netzumschaltbox-fuer-das-fronius-energy-package-system-allpolig-fuer-groessere-pv-anlagen-3ph-230-400v-10016114\\\/\"]}]},{\"@type\":\"ImageObject\",\"inLanguage\":\"it-IT\",\"@id\":\"https:\\\/\\\/greenlink.technology\\\/it\\\/produkt\\\/enwitec-netzumschaltbox-fuer-das-fronius-energy-package-system-allpolig-fuer-groessere-pv-anlagen-3ph-230-400v-10016114\\\/#primaryimage\",\"url\":\"https:\\\/\\\/greenlink.technology\\\/wp-content\\\/uploads\\\/2025\\\/02\\\/10016114_front.png\",\"contentUrl\":\"https:\\\/\\\/greenlink.technology\\\/wp-content\\\/uploads\\\/2025\\\/02\\\/10016114_front.png\",\"width\":500,\"height\":500},{\"@type\":\"BreadcrumbList\",\"@id\":\"https:\\\/\\\/greenlink.technology\\\/it\\\/produkt\\\/enwitec-netzumschaltbox-fuer-das-fronius-energy-package-system-allpolig-fuer-groessere-pv-anlagen-3ph-230-400v-10016114\\\/#breadcrumb\",\"itemListElement\":[{\"@type\":\"ListItem\",\"position\":1,\"name\":\"Startseite\",\"item\":\"https:\\\/\\\/greenlink.technology\\\/it\\\/\"},{\"@type\":\"ListItem\",\"position\":2,\"name\":\"Prodotti\",\"item\":\"https:\\\/\\\/greenlink.technology\\\/it\\\/chi-siamo\\\/unternehmen\\\/enwitec\\\/prodotti\\\/\"},{\"@type\":\"ListItem\",\"position\":3,\"name\":\"enwitec Netzumschaltbox f\u00fcr Fronius SYMO GEN24 Plus System \u201eFull Backup\u201c \u2013 Allpolig \u2013 f\u00fcr gr\u00f6\u00dfere PV-Anlagen \u2013 10016114\"}]},{\"@type\":\"WebSite\",\"@id\":\"https:\\\/\\\/enwitec.eu\\\/en\\\/#website\",\"url\":\"https:\\\/\\\/enwitec.eu\\\/en\\\/\",\"name\":\"greenLink orchestrating energy flows | enwitec electronic GmbH | LinQ Europe Sp. z o.o.\",\"description\":\"\",\"publisher\":{\"@id\":\"https:\\\/\\\/enwitec.eu\\\/en\\\/#organization\"},\"potentialAction\":[{\"@type\":\"SearchAction\",\"target\":{\"@type\":\"EntryPoint\",\"urlTemplate\":\"https:\\\/\\\/enwitec.eu\\\/en\\\/?s={search_term_string}\"},\"query-input\":{\"@type\":\"PropertyValueSpecification\",\"valueRequired\":true,\"valueName\":\"search_term_string\"}}],\"inLanguage\":\"it-IT\"},{\"@type\":\"Organization\",\"@id\":\"https:\\\/\\\/enwitec.eu\\\/en\\\/#organization\",\"name\":\"greenLink orchestrando i flussi di energia | enwitec electronic GmbH | LinQ Europe Sp. z o.o.\",\"url\":\"https:\\\/\\\/enwitec.eu\\\/en\\\/\",\"logo\":{\"@type\":\"ImageObject\",\"inLanguage\":\"it-IT\",\"@id\":\"https:\\\/\\\/enwitec.eu\\\/en\\\/#\\\/schema\\\/logo\\\/image\\\/\",\"url\":\"https:\\\/\\\/greenlink.technology\\\/wp-content\\\/uploads\\\/2025\\\/01\\\/greenlink-logo-final.png\",\"contentUrl\":\"https:\\\/\\\/greenlink.technology\\\/wp-content\\\/uploads\\\/2025\\\/01\\\/greenlink-logo-final.png\",\"width\":2586,\"height\":629,\"caption\":\"greenLink orchestrando i flussi di energia | enwitec electronic GmbH | LinQ Europe Sp. z o.o. \"},\"image\":{\"@id\":\"https:\\\/\\\/enwitec.eu\\\/en\\\/#\\\/schema\\\/logo\\\/image\\\/\"}}]}<\/script>\n<!-- \/ Yoast SEO plugin. -->","yoast_head_json":{"title":"enwitec Netzumschaltbox f\u00fcr Fronius SYMO GEN24 Plus System \u201eFull Backup\u201c \u2013 Allpolig \u2013 f\u00fcr gr\u00f6\u00dfere PV-Anlagen \u2013 10016114 - greenLink orchestrating energy flows | enwitec electronic GmbH | LinQ Europe Sp. z o.o.","robots":{"index":"index","follow":"follow","max-snippet":"max-snippet:-1","max-image-preview":"max-image-preview:large","max-video-preview":"max-video-preview:-1"},"canonical":"https:\/\/greenlink.technology\/it\/produkt\/enwitec-netzumschaltbox-fuer-das-fronius-energy-package-system-allpolig-fuer-groessere-pv-anlagen-3ph-230-400v-10016114\/","og_locale":"it_IT","og_type":"article","og_title":"enwitec Netzumschaltbox f\u00fcr Fronius SYMO GEN24 Plus System \u201eFull Backup\u201c \u2013 Allpolig \u2013 f\u00fcr gr\u00f6\u00dfere PV-Anlagen \u2013 10016114 - greenLink orchestrating energy flows | enwitec electronic GmbH | LinQ Europe Sp. z o.o.","og_url":"https:\/\/greenlink.technology\/it\/produkt\/enwitec-netzumschaltbox-fuer-das-fronius-energy-package-system-allpolig-fuer-groessere-pv-anlagen-3ph-230-400v-10016114\/","og_site_name":"greenLink orchestrating energy flows | enwitec electronic GmbH | LinQ Europe Sp. z o.o.","article_modified_time":"2025-11-27T14:29:39+00:00","og_image":[{"width":500,"height":500,"url":"https:\/\/enwitec.eu\/wp-content\/uploads\/2025\/02\/10016114_front.png","type":"image\/png"}],"twitter_card":"summary_large_image","twitter_misc":{"Tempo di lettura stimato":"1 minuto"},"schema":{"@context":"https:\/\/schema.org","@graph":[{"@type":"WebPage","@id":"https:\/\/greenlink.technology\/it\/produkt\/enwitec-netzumschaltbox-fuer-das-fronius-energy-package-system-allpolig-fuer-groessere-pv-anlagen-3ph-230-400v-10016114\/","url":"https:\/\/greenlink.technology\/it\/produkt\/enwitec-netzumschaltbox-fuer-das-fronius-energy-package-system-allpolig-fuer-groessere-pv-anlagen-3ph-230-400v-10016114\/","name":"enwitec Netzumschaltbox f\u00fcr Fronius SYMO GEN24 Plus System \u201eFull Backup\u201c \u2013 Allpolig \u2013 f\u00fcr gr\u00f6\u00dfere PV-Anlagen \u2013 10016114 - greenLink orchestrating energy flows | enwitec electronic GmbH | LinQ Europe Sp. z o.o.","isPartOf":{"@id":"https:\/\/enwitec.eu\/en\/#website"},"primaryImageOfPage":{"@id":"https:\/\/greenlink.technology\/it\/produkt\/enwitec-netzumschaltbox-fuer-das-fronius-energy-package-system-allpolig-fuer-groessere-pv-anlagen-3ph-230-400v-10016114\/#primaryimage"},"image":{"@id":"https:\/\/greenlink.technology\/it\/produkt\/enwitec-netzumschaltbox-fuer-das-fronius-energy-package-system-allpolig-fuer-groessere-pv-anlagen-3ph-230-400v-10016114\/#primaryimage"},"thumbnailUrl":"https:\/\/greenlink.technology\/wp-content\/uploads\/2025\/02\/10016114_front.png","datePublished":"2024-03-04T14:54:13+00:00","dateModified":"2025-11-27T14:29:39+00:00","breadcrumb":{"@id":"https:\/\/greenlink.technology\/it\/produkt\/enwitec-netzumschaltbox-fuer-das-fronius-energy-package-system-allpolig-fuer-groessere-pv-anlagen-3ph-230-400v-10016114\/#breadcrumb"},"inLanguage":"it-IT","potentialAction":[{"@type":"ReadAction","target":["https:\/\/greenlink.technology\/it\/produkt\/enwitec-netzumschaltbox-fuer-das-fronius-energy-package-system-allpolig-fuer-groessere-pv-anlagen-3ph-230-400v-10016114\/"]}]},{"@type":"ImageObject","inLanguage":"it-IT","@id":"https:\/\/greenlink.technology\/it\/produkt\/enwitec-netzumschaltbox-fuer-das-fronius-energy-package-system-allpolig-fuer-groessere-pv-anlagen-3ph-230-400v-10016114\/#primaryimage","url":"https:\/\/greenlink.technology\/wp-content\/uploads\/2025\/02\/10016114_front.png","contentUrl":"https:\/\/greenlink.technology\/wp-content\/uploads\/2025\/02\/10016114_front.png","width":500,"height":500},{"@type":"BreadcrumbList","@id":"https:\/\/greenlink.technology\/it\/produkt\/enwitec-netzumschaltbox-fuer-das-fronius-energy-package-system-allpolig-fuer-groessere-pv-anlagen-3ph-230-400v-10016114\/#breadcrumb","itemListElement":[{"@type":"ListItem","position":1,"name":"Startseite","item":"https:\/\/greenlink.technology\/it\/"},{"@type":"ListItem","position":2,"name":"Prodotti","item":"https:\/\/greenlink.technology\/it\/chi-siamo\/unternehmen\/enwitec\/prodotti\/"},{"@type":"ListItem","position":3,"name":"enwitec Netzumschaltbox f\u00fcr Fronius SYMO GEN24 Plus System \u201eFull Backup\u201c \u2013 Allpolig \u2013 f\u00fcr gr\u00f6\u00dfere PV-Anlagen \u2013 10016114"}]},{"@type":"WebSite","@id":"https:\/\/enwitec.eu\/en\/#website","url":"https:\/\/enwitec.eu\/en\/","name":"greenLink orchestrating energy flows | enwitec electronic GmbH | LinQ Europe Sp. z o.o.","description":"","publisher":{"@id":"https:\/\/enwitec.eu\/en\/#organization"},"potentialAction":[{"@type":"SearchAction","target":{"@type":"EntryPoint","urlTemplate":"https:\/\/enwitec.eu\/en\/?s={search_term_string}"},"query-input":{"@type":"PropertyValueSpecification","valueRequired":true,"valueName":"search_term_string"}}],"inLanguage":"it-IT"},{"@type":"Organization","@id":"https:\/\/enwitec.eu\/en\/#organization","name":"greenLink orchestrando i flussi di energia | enwitec electronic GmbH | LinQ Europe Sp. z o.o.","url":"https:\/\/enwitec.eu\/en\/","logo":{"@type":"ImageObject","inLanguage":"it-IT","@id":"https:\/\/enwitec.eu\/en\/#\/schema\/logo\/image\/","url":"https:\/\/greenlink.technology\/wp-content\/uploads\/2025\/01\/greenlink-logo-final.png","contentUrl":"https:\/\/greenlink.technology\/wp-content\/uploads\/2025\/01\/greenlink-logo-final.png","width":2586,"height":629,"caption":"greenLink orchestrando i flussi di energia | enwitec electronic GmbH | LinQ Europe Sp. z o.o. "},"image":{"@id":"https:\/\/enwitec.eu\/en\/#\/schema\/logo\/image\/"}}]}},"_links":{"self":[{"href":"https:\/\/greenlink.technology\/it\/wp-json\/wp\/v2\/product\/2068","targetHints":{"allow":["GET"]}}],"collection":[{"href":"https:\/\/greenlink.technology\/it\/wp-json\/wp\/v2\/product"}],"about":[{"href":"https:\/\/greenlink.technology\/it\/wp-json\/wp\/v2\/types\/product"}],"replies":[{"embeddable":true,"href":"https:\/\/greenlink.technology\/it\/wp-json\/wp\/v2\/comments?post=2068"}],"wp:featuredmedia":[{"embeddable":true,"href":"https:\/\/greenlink.technology\/it\/wp-json\/wp\/v2\/media\/2069"}],"wp:attachment":[{"href":"https:\/\/greenlink.technology\/it\/wp-json\/wp\/v2\/media?parent=2068"}],"wp:term":[{"taxonomy":"anwendung","embeddable":true,"href":"https:\/\/greenlink.technology\/it\/wp-json\/wp\/v2\/anwendung?post=2068"},{"taxonomy":"product_brand","embeddable":true,"href":"https:\/\/greenlink.technology\/it\/wp-json\/wp\/v2\/product_brand?post=2068"},{"taxonomy":"product_cat","embeddable":true,"href":"https:\/\/greenlink.technology\/it\/wp-json\/wp\/v2\/product_cat?post=2068"},{"taxonomy":"product_tag","embeddable":true,"href":"https:\/\/greenlink.technology\/it\/wp-json\/wp\/v2\/product_tag?post=2068"}],"curies":[{"name":"wp","href":"https:\/\/api.w.org\/{rel}","templated":true}]}}