{"id":19099,"date":"2025-07-09T12:32:25","date_gmt":"2025-07-09T10:32:25","guid":{"rendered":"https:\/\/greenlink.technology\/?post_type=product&#038;p=19099"},"modified":"2025-11-18T16:54:18","modified_gmt":"2025-11-18T15:54:18","slug":"enwitec-netz-und-anlagenschutz-gem-tor-erzeuger-typ-a-10019614","status":"publish","type":"product","link":"https:\/\/greenlink.technology\/fr\/produkt\/enwitec-netz-und-anlagenschutz-gem-tor-erzeuger-typ-a-10019614\/","title":{"rendered":"enwitec Netz und Anlagenschutz gem. TOR Erzeuger Typ A \u2013 10019614"},"content":{"rendered":"<div class=\"system-stammdaten\">\n<h2><\/h2>\n<p>&nbsp;<\/p>\n<\/div>\n","protected":false},"excerpt":{"rendered":"<p>&nbsp;<\/p>\n","protected":false},"featured_media":19119,"comment_status":"closed","ping_status":"closed","template":"","meta":{"_acf_changed":false},"anwendung":[],"product_brand":[264],"product_cat":[152],"product_tag":[1356,155,156,167],"class_list":{"0":"post-19099","1":"product","2":"type-product","3":"status-publish","4":"has-post-thumbnail","6":"product_brand-enwitec","7":"product_cat-netz-und-anlagen-schutz","8":"product_tag-1356","9":"product_tag-na-schutz","10":"product_tag-netz-und-anlagenschutz","11":"product_tag-tor","12":"pa_laenderfreigabe-at","13":"pa_leistung-173-345-kva","14":"pa_trennung-allpolig","16":"first","17":"instock","18":"shipping-taxable","19":"product-type-simple"},"acf":{"product_informations":"Netz- und Anlagenschutz (NA) von enwitec. Je nach nationaler Richtlinie m\u00fcssen Erzeugeranlagen bei unzul\u00e4ssigen Spannungs- oder Frequenzabweichungen des Niederspannungsnetzes abgeschaltet werden. Sollten die in der Anwendungsregel zul\u00e4ssigen Grenzwerte \u00fcberschritten werden, wird die Erzeugungsanlage automatisch vom Netz getrennt. Ist die Netzspannung oder Netzfrequenz wieder im zul\u00e4ssigen Bereich, wird die Anlage automatisch wieder eingeschaltet. Wir bieten sowohl Standardprodukte als auch individuelle L\u00f6sungen, welche an die Bed\u00fcrfnisse der jeweiligen Photovoltaikanlage angepasst sind.\r\n\r\nDieser Netz- und Anlagenschutz ist speziell f\u00fcr den \u00f6sterreichischen Markt, gem\u00e4\u00df <strong>\u00d6VE TOR R25 NS ASYNC<\/strong> gebaut und ist <strong>auch f\u00fcr das Netz Ober\u00f6sterreich geeignet!<\/strong>\r\n\r\nZum leichteren Anklemmen des Kabels oben am Leistungsschalter kann der Steuerteil bei dieser Variante durch L\u00f6sen der beiden Befestigungsschrauben nach rechts geklappt werden.\r\n\r\n<strong>Anmerkung<\/strong>\r\nMatchcode: NA-Schutz-TOR-O\u00d6-PV-172.5KVA-TNS_TT","technical_data":"<div class=\"stammdaten-col\">\r\n<div class=\"line\">\r\n<p class=\"system-stammdaten-left\">Artikel Nr.: 10019614\r\nNetzform: TT \/ TN-S\r\nLeistung: 172,5 kVA\r\nL\u00e4nderfreigabe: \u00d6VE TOR R25 NS ASYNC\r\nTrennung: allpolig\r\nPr\u00fcftrennklemmleiste: ja\r\nAusg\u00e4nge: 1 x\r\nEingangs- und Ausgangsklemmen : 35 - 64 mm\u00b2\r\nLeitungseinf\u00fchrungen: Kabelt\u00fclle M75<\/p>\r\n\r\n<\/div>\r\n<\/div>","download":"<a href=\"https:\/\/greenlink.technology\/wp-content\/uploads\/2025\/11\/10019614_Datenblatt_NA-Schutz-TOR-OOe-PV-172.5KVA-TNS_TT-b.pdf\" target=\"_blank\" rel=\"noopener\">Datenblatt DE<\/a>","product_short_description":"<strong>L\u00e4nderfreigabe:<\/strong> \u00d6VE TOR R25 NS ASYNC\r\n<strong>Leistung:<\/strong> 172,5 kVA\r\n<strong>Trennung:<\/strong> allpolig\r\n<strong>Netzform: <\/strong>TT \/ TN-S","photo_gallery":{"galerie_produkte":[[]]}},"yoast_head":"<!-- This site is optimized with the Yoast SEO plugin v27.5 - https:\/\/yoast.com\/product\/yoast-seo-wordpress\/ -->\n<title>enwitec Netz und Anlagenschutz gem. TOR Erzeuger Typ A \u2013 10019614 - greenLink orchestrating energy flows | enwitec electronic GmbH | LinQ Europe Sp. z o.o.<\/title>\n<meta name=\"robots\" content=\"index, follow, max-snippet:-1, max-image-preview:large, max-video-preview:-1\" \/>\n<link rel=\"canonical\" href=\"https:\/\/greenlink.technology\/fr\/produkt\/enwitec-netz-und-anlagenschutz-gem-tor-erzeuger-typ-a-10019614\/\" \/>\n<meta property=\"og:locale\" content=\"fr_FR\" \/>\n<meta property=\"og:type\" content=\"article\" \/>\n<meta property=\"og:title\" content=\"enwitec Netz und Anlagenschutz gem. TOR Erzeuger Typ A \u2013 10019614 - greenLink orchestrating energy flows | enwitec electronic GmbH | LinQ Europe Sp. z o.o.\" \/>\n<meta property=\"og:description\" content=\"&nbsp;\" \/>\n<meta property=\"og:url\" content=\"https:\/\/greenlink.technology\/fr\/produkt\/enwitec-netz-und-anlagenschutz-gem-tor-erzeuger-typ-a-10019614\/\" \/>\n<meta property=\"og:site_name\" content=\"greenLink orchestrating energy flows | enwitec electronic GmbH | LinQ Europe Sp. z o.o.\" \/>\n<meta property=\"article:modified_time\" content=\"2025-11-18T15:54:18+00:00\" \/>\n<meta property=\"og:image\" content=\"https:\/\/enwitec.eu\/wp-content\/uploads\/2025\/07\/Bilder-folgen.png\" \/>\n\t<meta property=\"og:image:width\" content=\"500\" \/>\n\t<meta property=\"og:image:height\" content=\"500\" \/>\n\t<meta property=\"og:image:type\" content=\"image\/png\" \/>\n<meta name=\"twitter:card\" content=\"summary_large_image\" \/>\n<meta name=\"twitter:label1\" content=\"Dur\u00e9e de lecture estim\u00e9e\" \/>\n\t<meta name=\"twitter:data1\" content=\"1 minute\" \/>\n<script type=\"application\/ld+json\" class=\"yoast-schema-graph\">{\"@context\":\"https:\\\/\\\/schema.org\",\"@graph\":[{\"@type\":\"WebPage\",\"@id\":\"https:\\\/\\\/greenlink.technology\\\/fr\\\/produkt\\\/enwitec-netz-und-anlagenschutz-gem-tor-erzeuger-typ-a-10019614\\\/\",\"url\":\"https:\\\/\\\/greenlink.technology\\\/fr\\\/produkt\\\/enwitec-netz-und-anlagenschutz-gem-tor-erzeuger-typ-a-10019614\\\/\",\"name\":\"enwitec Netz und Anlagenschutz gem. TOR Erzeuger Typ A \u2013 10019614 - greenLink orchestrating energy flows | enwitec electronic GmbH | LinQ Europe Sp. z o.o.\",\"isPartOf\":{\"@id\":\"https:\\\/\\\/enwitec.eu\\\/en\\\/#website\"},\"primaryImageOfPage\":{\"@id\":\"https:\\\/\\\/greenlink.technology\\\/fr\\\/produkt\\\/enwitec-netz-und-anlagenschutz-gem-tor-erzeuger-typ-a-10019614\\\/#primaryimage\"},\"image\":{\"@id\":\"https:\\\/\\\/greenlink.technology\\\/fr\\\/produkt\\\/enwitec-netz-und-anlagenschutz-gem-tor-erzeuger-typ-a-10019614\\\/#primaryimage\"},\"thumbnailUrl\":\"https:\\\/\\\/greenlink.technology\\\/wp-content\\\/uploads\\\/2025\\\/07\\\/Bilder-folgen.png\",\"datePublished\":\"2025-07-09T10:32:25+00:00\",\"dateModified\":\"2025-11-18T15:54:18+00:00\",\"breadcrumb\":{\"@id\":\"https:\\\/\\\/greenlink.technology\\\/fr\\\/produkt\\\/enwitec-netz-und-anlagenschutz-gem-tor-erzeuger-typ-a-10019614\\\/#breadcrumb\"},\"inLanguage\":\"fr-FR\",\"potentialAction\":[{\"@type\":\"ReadAction\",\"target\":[\"https:\\\/\\\/greenlink.technology\\\/fr\\\/produkt\\\/enwitec-netz-und-anlagenschutz-gem-tor-erzeuger-typ-a-10019614\\\/\"]}]},{\"@type\":\"ImageObject\",\"inLanguage\":\"fr-FR\",\"@id\":\"https:\\\/\\\/greenlink.technology\\\/fr\\\/produkt\\\/enwitec-netz-und-anlagenschutz-gem-tor-erzeuger-typ-a-10019614\\\/#primaryimage\",\"url\":\"https:\\\/\\\/greenlink.technology\\\/wp-content\\\/uploads\\\/2025\\\/07\\\/Bilder-folgen.png\",\"contentUrl\":\"https:\\\/\\\/greenlink.technology\\\/wp-content\\\/uploads\\\/2025\\\/07\\\/Bilder-folgen.png\",\"width\":500,\"height\":500},{\"@type\":\"BreadcrumbList\",\"@id\":\"https:\\\/\\\/greenlink.technology\\\/fr\\\/produkt\\\/enwitec-netz-und-anlagenschutz-gem-tor-erzeuger-typ-a-10019614\\\/#breadcrumb\",\"itemListElement\":[{\"@type\":\"ListItem\",\"position\":1,\"name\":\"Startseite\",\"item\":\"https:\\\/\\\/enwitec.eu\\\/\"},{\"@type\":\"ListItem\",\"position\":2,\"name\":\"Produkte\",\"item\":\"https:\\\/\\\/greenlink.technology\\\/uber-uns\\\/unternehmen\\\/enwitec\\\/produkte\\\/\"},{\"@type\":\"ListItem\",\"position\":3,\"name\":\"enwitec Netz und Anlagenschutz gem. TOR Erzeuger Typ A \u2013 10019614\"}]},{\"@type\":\"WebSite\",\"@id\":\"https:\\\/\\\/enwitec.eu\\\/en\\\/#website\",\"url\":\"https:\\\/\\\/enwitec.eu\\\/en\\\/\",\"name\":\"greenLink orchestrating energy flows | enwitec electronic GmbH | LinQ Europe Sp. z o.o.\",\"description\":\"\",\"publisher\":{\"@id\":\"https:\\\/\\\/enwitec.eu\\\/en\\\/#organization\"},\"potentialAction\":[{\"@type\":\"SearchAction\",\"target\":{\"@type\":\"EntryPoint\",\"urlTemplate\":\"https:\\\/\\\/enwitec.eu\\\/en\\\/?s={search_term_string}\"},\"query-input\":{\"@type\":\"PropertyValueSpecification\",\"valueRequired\":true,\"valueName\":\"search_term_string\"}}],\"inLanguage\":\"fr-FR\"},{\"@type\":\"Organization\",\"@id\":\"https:\\\/\\\/enwitec.eu\\\/en\\\/#organization\",\"name\":\"greenLink orchestrating energy flows | enwitec electronic GmbH | LinQ Europe Sp. z o.o.\",\"url\":\"https:\\\/\\\/enwitec.eu\\\/en\\\/\",\"logo\":{\"@type\":\"ImageObject\",\"inLanguage\":\"fr-FR\",\"@id\":\"https:\\\/\\\/enwitec.eu\\\/en\\\/#\\\/schema\\\/logo\\\/image\\\/\",\"url\":\"https:\\\/\\\/greenlink.technology\\\/wp-content\\\/uploads\\\/2025\\\/01\\\/greenlink-logo-final.png\",\"contentUrl\":\"https:\\\/\\\/greenlink.technology\\\/wp-content\\\/uploads\\\/2025\\\/01\\\/greenlink-logo-final.png\",\"width\":2586,\"height\":629,\"caption\":\"greenLink orchestrating energy flows | enwitec electronic GmbH | LinQ Europe Sp. z o.o.\"},\"image\":{\"@id\":\"https:\\\/\\\/enwitec.eu\\\/en\\\/#\\\/schema\\\/logo\\\/image\\\/\"}}]}<\/script>\n<!-- \/ Yoast SEO plugin. -->","yoast_head_json":{"title":"enwitec Netz und Anlagenschutz gem. TOR Erzeuger Typ A \u2013 10019614 - greenLink orchestrating energy flows | enwitec electronic GmbH | LinQ Europe Sp. z o.o.","robots":{"index":"index","follow":"follow","max-snippet":"max-snippet:-1","max-image-preview":"max-image-preview:large","max-video-preview":"max-video-preview:-1"},"canonical":"https:\/\/greenlink.technology\/fr\/produkt\/enwitec-netz-und-anlagenschutz-gem-tor-erzeuger-typ-a-10019614\/","og_locale":"fr_FR","og_type":"article","og_title":"enwitec Netz und Anlagenschutz gem. TOR Erzeuger Typ A \u2013 10019614 - greenLink orchestrating energy flows | enwitec electronic GmbH | LinQ Europe Sp. z o.o.","og_description":"&nbsp;","og_url":"https:\/\/greenlink.technology\/fr\/produkt\/enwitec-netz-und-anlagenschutz-gem-tor-erzeuger-typ-a-10019614\/","og_site_name":"greenLink orchestrating energy flows | enwitec electronic GmbH | LinQ Europe Sp. z o.o.","article_modified_time":"2025-11-18T15:54:18+00:00","og_image":[{"width":500,"height":500,"url":"https:\/\/enwitec.eu\/wp-content\/uploads\/2025\/07\/Bilder-folgen.png","type":"image\/png"}],"twitter_card":"summary_large_image","twitter_misc":{"Dur\u00e9e de lecture estim\u00e9e":"1 minute"},"schema":{"@context":"https:\/\/schema.org","@graph":[{"@type":"WebPage","@id":"https:\/\/greenlink.technology\/fr\/produkt\/enwitec-netz-und-anlagenschutz-gem-tor-erzeuger-typ-a-10019614\/","url":"https:\/\/greenlink.technology\/fr\/produkt\/enwitec-netz-und-anlagenschutz-gem-tor-erzeuger-typ-a-10019614\/","name":"enwitec Netz und Anlagenschutz gem. TOR Erzeuger Typ A \u2013 10019614 - greenLink orchestrating energy flows | enwitec electronic GmbH | LinQ Europe Sp. z o.o.","isPartOf":{"@id":"https:\/\/enwitec.eu\/en\/#website"},"primaryImageOfPage":{"@id":"https:\/\/greenlink.technology\/fr\/produkt\/enwitec-netz-und-anlagenschutz-gem-tor-erzeuger-typ-a-10019614\/#primaryimage"},"image":{"@id":"https:\/\/greenlink.technology\/fr\/produkt\/enwitec-netz-und-anlagenschutz-gem-tor-erzeuger-typ-a-10019614\/#primaryimage"},"thumbnailUrl":"https:\/\/greenlink.technology\/wp-content\/uploads\/2025\/07\/Bilder-folgen.png","datePublished":"2025-07-09T10:32:25+00:00","dateModified":"2025-11-18T15:54:18+00:00","breadcrumb":{"@id":"https:\/\/greenlink.technology\/fr\/produkt\/enwitec-netz-und-anlagenschutz-gem-tor-erzeuger-typ-a-10019614\/#breadcrumb"},"inLanguage":"fr-FR","potentialAction":[{"@type":"ReadAction","target":["https:\/\/greenlink.technology\/fr\/produkt\/enwitec-netz-und-anlagenschutz-gem-tor-erzeuger-typ-a-10019614\/"]}]},{"@type":"ImageObject","inLanguage":"fr-FR","@id":"https:\/\/greenlink.technology\/fr\/produkt\/enwitec-netz-und-anlagenschutz-gem-tor-erzeuger-typ-a-10019614\/#primaryimage","url":"https:\/\/greenlink.technology\/wp-content\/uploads\/2025\/07\/Bilder-folgen.png","contentUrl":"https:\/\/greenlink.technology\/wp-content\/uploads\/2025\/07\/Bilder-folgen.png","width":500,"height":500},{"@type":"BreadcrumbList","@id":"https:\/\/greenlink.technology\/fr\/produkt\/enwitec-netz-und-anlagenschutz-gem-tor-erzeuger-typ-a-10019614\/#breadcrumb","itemListElement":[{"@type":"ListItem","position":1,"name":"Startseite","item":"https:\/\/enwitec.eu\/"},{"@type":"ListItem","position":2,"name":"Produkte","item":"https:\/\/greenlink.technology\/uber-uns\/unternehmen\/enwitec\/produkte\/"},{"@type":"ListItem","position":3,"name":"enwitec Netz und Anlagenschutz gem. TOR Erzeuger Typ A \u2013 10019614"}]},{"@type":"WebSite","@id":"https:\/\/enwitec.eu\/en\/#website","url":"https:\/\/enwitec.eu\/en\/","name":"greenLink orchestrating energy flows | enwitec electronic GmbH | LinQ Europe Sp. z o.o.","description":"","publisher":{"@id":"https:\/\/enwitec.eu\/en\/#organization"},"potentialAction":[{"@type":"SearchAction","target":{"@type":"EntryPoint","urlTemplate":"https:\/\/enwitec.eu\/en\/?s={search_term_string}"},"query-input":{"@type":"PropertyValueSpecification","valueRequired":true,"valueName":"search_term_string"}}],"inLanguage":"fr-FR"},{"@type":"Organization","@id":"https:\/\/enwitec.eu\/en\/#organization","name":"greenLink orchestrating energy flows | enwitec electronic GmbH | LinQ Europe Sp. z o.o.","url":"https:\/\/enwitec.eu\/en\/","logo":{"@type":"ImageObject","inLanguage":"fr-FR","@id":"https:\/\/enwitec.eu\/en\/#\/schema\/logo\/image\/","url":"https:\/\/greenlink.technology\/wp-content\/uploads\/2025\/01\/greenlink-logo-final.png","contentUrl":"https:\/\/greenlink.technology\/wp-content\/uploads\/2025\/01\/greenlink-logo-final.png","width":2586,"height":629,"caption":"greenLink orchestrating energy flows | enwitec electronic GmbH | LinQ Europe Sp. z o.o."},"image":{"@id":"https:\/\/enwitec.eu\/en\/#\/schema\/logo\/image\/"}}]}},"_links":{"self":[{"href":"https:\/\/greenlink.technology\/fr\/wp-json\/wp\/v2\/product\/19099","targetHints":{"allow":["GET"]}}],"collection":[{"href":"https:\/\/greenlink.technology\/fr\/wp-json\/wp\/v2\/product"}],"about":[{"href":"https:\/\/greenlink.technology\/fr\/wp-json\/wp\/v2\/types\/product"}],"replies":[{"embeddable":true,"href":"https:\/\/greenlink.technology\/fr\/wp-json\/wp\/v2\/comments?post=19099"}],"wp:featuredmedia":[{"embeddable":true,"href":"https:\/\/greenlink.technology\/fr\/wp-json\/wp\/v2\/media\/19119"}],"wp:attachment":[{"href":"https:\/\/greenlink.technology\/fr\/wp-json\/wp\/v2\/media?parent=19099"}],"wp:term":[{"taxonomy":"anwendung","embeddable":true,"href":"https:\/\/greenlink.technology\/fr\/wp-json\/wp\/v2\/anwendung?post=19099"},{"taxonomy":"product_brand","embeddable":true,"href":"https:\/\/greenlink.technology\/fr\/wp-json\/wp\/v2\/product_brand?post=19099"},{"taxonomy":"product_cat","embeddable":true,"href":"https:\/\/greenlink.technology\/fr\/wp-json\/wp\/v2\/product_cat?post=19099"},{"taxonomy":"product_tag","embeddable":true,"href":"https:\/\/greenlink.technology\/fr\/wp-json\/wp\/v2\/product_tag?post=19099"}],"curies":[{"name":"wp","href":"https:\/\/api.w.org\/{rel}","templated":true}]}}