{"id":9778,"date":"2024-04-25T10:32:32","date_gmt":"2024-04-25T08:32:32","guid":{"rendered":"https:\/\/greenlink.technology\/produkt\/caja-de-conmutacion-de-red-enwitec-para-sistema-fronius-italia-primo-gen24-plus-full-backup-12-kw-1f-230-v-10014304\/"},"modified":"2024-04-25T10:32:32","modified_gmt":"2024-04-25T08:32:32","slug":"caja-de-conmutacion-de-red-enwitec-para-sistema-fronius-italia-primo-gen24-plus-full-backup-12-kw-1f-230-v-10014304","status":"publish","type":"product","link":"https:\/\/greenlink.technology\/es\/produkt\/caja-de-conmutacion-de-red-enwitec-para-sistema-fronius-italia-primo-gen24-plus-full-backup-12-kw-1f-230-v-10014304\/","title":{"rendered":"Caja de conmutaci\u00f3n de red enwitec para sistema Fronius Italia Primo GEN24 Plus &#8220;Full Backup&#8221; \u2013 12\u202fkW, 1F 230\u202fV \u2013 10014304"},"content":{"rendered":"<div class=\"system-stammdaten\">\n<h2><\/h2>\n<p>&nbsp;<\/p>\n<\/div>\n","protected":false},"excerpt":{"rendered":"<p>&nbsp;<\/p>\n","protected":false},"featured_media":9779,"comment_status":"closed","ping_status":"closed","template":"","meta":{"_acf_changed":false},"anwendung":[],"product_brand":[264],"product_cat":[341],"product_tag":[644,384,382,383,485],"class_list":{"0":"post-9778","1":"product","2":"type-product","3":"status-publish","4":"has-post-thumbnail","6":"product_brand-enwitec","7":"product_cat-cajas-de-conmutacion-de-red-en-la-red","8":"product_tag-10014304-es","9":"product_tag-dispositivo-de-cambio","10":"product_tag-dispositivos-de-conmutacion-de-red","11":"product_tag-en-la-red","12":"product_tag-fronius-symo-gen24-es","13":"pa_laenderfreigabe-it-es","14":"pa_max-durchgangsleistung-0-30-kw-es","15":"pa_nf-a-netzanschlusspunkt-tn-c-es","16":"pa_nf-a-netzanschlusspunkt-tn-s-es","17":"pa_nf-a-netzanschlusspunkt-tt-es","18":"pa_nf-i-d-verbraucheranlage-tn-s-es","19":"pa_nf-i-d-verbraucheranlage-tt-es","20":"pa_umschaltung-automatico","21":"pa_wechselrichter-fronius-gen24-plus-es","23":"first","24":"instock","25":"shipping-taxable","26":"product-type-simple"},"acf":{"product_informations":"<strong>Caja de conmutaci\u00f3n de red 1AC 230V 50Hz\n<\/strong>\u2013 Protecci\u00f3n de conexi\u00f3n m\u00e1x. 63A\n\u2013 Desconexi\u00f3n de todos los polos \u2013 Red TN-S\/TT\n\u2013 \u00a1ATENCI\u00d3N: NO usar red TN-C en la instalaci\u00f3n del cliente! \n\n<strong>Compatible con<\/strong> \nFRONIUS \u2013 Primo GEN24 PLUS (3.0\/3.6\/4.0\/4.6\/5.0\/6.0)\n\nDisponibilidad por pa\u00eds: Italia\n\n\u2013 incl. Fronius SMART METER incluyendo transformador de corriente \n\nPara m\u00e1s informaci\u00f3n t\u00e9cnica, por favor descargue la documentaci\u00f3n.\n\n<strong>Nota \n<\/strong>C\u00f3digo de referencia: 1PH_FRO_BBDAP_12KW_1PH_1.1_IT","technical_data":"<div class=\"stammdaten-col\">\n<div class=\"line\">\n<div class=\"stammdaten-col\">\n<div class=\"line\">\n<p class=\"system-stammdaten-left\">N\u00famero de art\u00edculo: 10014304\n<span style=\"font-size: inherit;\">Compatible con:<\/span> <span style=\"font-size: inherit;\">Fronius<\/span> \n<span style=\"font-size: inherit;\">Fases: <\/span><span style=\"font-size: inherit;\">1 fase<\/span> \n<span style=\"font-size: inherit;\">Desconexi\u00f3n de red:<\/span> <span style=\"font-size: inherit;\">Desconexi\u00f3n total<\/span><span style=\"font-size: inherit;\">\n<\/span><span style=\"font-size: inherit;\">M\u00e1xima capacidad t\u00e9rmica de paso: 12 <\/span><span style=\"font-size: inherit;\"> kW\n<\/span><span style=\"font-size: inherit;\">C\u00f3digo de pa\u00eds:<\/span> <span style=\"font-size: inherit;\">Italia\n<\/span><span style=\"font-size: inherit;\">Protecci\u00f3n contra sobretensiones:<\/span> <span style=\"font-size: inherit;\">no\n<\/span><span style=\"font-size: inherit;\">Conmutador de fuentes:<\/span> <span style=\"font-size: inherit;\">no\n<\/span><span style=\"font-size: inherit;\">Tensi\u00f3n nominal:<\/span> <span style=\"font-size: inherit;\">230V\n<\/span><span style=\"font-size: inherit;\">Frecuencia nominal:<\/span> <span style=\"font-size: inherit;\">50\/60 Hz<\/span><span style=\"font-size: inherit;\">Corriente de cortocircuito:<\/span> <span style=\"font-size: inherit;\">10 kA\n<\/span><span style=\"font-size: inherit;\">Fusible de protecci\u00f3n: <\/span><span style=\"font-size: inherit;\">63 A<\/span><span style=\"font-size: inherit;\">Rango de temperatura de funcionamiento: -5\u00b0C a +40\u00b0C<\/span><span style=\"font-size: inherit;\">\n<\/span><span style=\"font-size: inherit;\">Humedad: 5% a 95%\n<\/span><span style=\"font-size: inherit;\">Clase de protecci\u00f3n: II<\/span><span style=\"font-size: inherit;\">\n<\/span><span style=\"font-size: inherit;\">Dimensiones (An x Al x Pr): 448x622x161 mm<\/span><span style=\"font-size: inherit;\">\n<\/span><span style=\"font-size: inherit;\">Peso:<\/span> <span style=\"font-size: inherit;\">13,5 kg\n<\/span><span style=\"font-size: inherit;\">Carcasa: Policarbonato<\/span><span style=\"font-size: inherit;\">\n<\/span><\/p>\n\n<\/div>\n<\/div>\n<\/div>\n<\/div>","download":"<a href=\"https:\/\/greenlink.technology\/wp-content\/uploads\/2025\/04\/10014304_Datenblatt_1PH_FRO_BBDAP_12KW_1PH_1.1_IT_2024_05_24.pdf\" target=\"_blank\" rel=\"noopener\">Datenblatt DE<\/a>\n<a href=\"https:\/\/greenlink.technology\/wp-content\/uploads\/2025\/04\/10014304_scheda-tecnica_1PH_FRO_BBDAP_12KW_1PH_1.1_IT_2024_05_24.pdf\" target=\"_blank\" rel=\"noopener\">Scheda tecnica<\/a>\n<a href=\"https:\/\/greenlink.technology\/wp-content\/uploads\/2025\/04\/2023_07_25_Auswahlhilfe-Fronius-Netzumschaltboxen_IT-2.pdf\" target=\"_blank\" rel=\"noopener\">Auswahlhilfen IT<\/a>\n<a href=\"https:\/\/greenlink.technology\/wp-content\/uploads\/2025\/04\/Allg_Installationsanleitung_10017760_Fronius-Netzumschaltboxen-DACH_V1.0_DE_2024_05_31-1-1.pdf\" target=\"_blank\" rel=\"noopener\">Installationsanleitung<\/a>","product_short_description":"<strong>Inversor:<\/strong> Fronius PRIMO GEN24 Plus\n<strong>Aprobaci\u00f3n por pa\u00eds: <\/strong>Italia\n<strong>potencia t\u00e9rmica m\u00e1xima de paso : <\/strong> <span style=\"font-size: inherit;\">12 kW<\/span>\n<strong>Conmutaci\u00f3n: <\/strong>autom\u00e1tica\n<strong>Forma de red en el punto de conexi\u00f3n a la red: <\/strong>TT, TN-S, TN-C\n<strong>Forma de red en la instalaci\u00f3n del consumidor:<\/strong> TT, TN-S","photo_gallery":{"galerie_produkte":[[]]}},"yoast_head":"<!-- This site is optimized with the Yoast SEO plugin v27.3 - https:\/\/yoast.com\/product\/yoast-seo-wordpress\/ -->\n<title>Caja de conmutaci\u00f3n de red enwitec para sistema Fronius Italia Primo GEN24 Plus &quot;Full Backup&quot; \u2013 12\u202fkW, 1F 230\u202fV \u2013 10014304 - greenLink orchestrating energy flows | enwitec electronic GmbH | LinQ Europe Sp. z o.o.<\/title>\n<meta name=\"robots\" content=\"index, follow, max-snippet:-1, max-image-preview:large, max-video-preview:-1\" \/>\n<link rel=\"canonical\" href=\"https:\/\/greenlink.technology\/es\/produkt\/caja-de-conmutacion-de-red-enwitec-para-sistema-fronius-italia-primo-gen24-plus-full-backup-12-kw-1f-230-v-10014304\/\" \/>\n<meta property=\"og:locale\" content=\"es_ES\" \/>\n<meta property=\"og:type\" content=\"article\" \/>\n<meta property=\"og:title\" content=\"Caja de conmutaci\u00f3n de red enwitec para sistema Fronius Italia Primo GEN24 Plus &quot;Full Backup&quot; \u2013 12\u202fkW, 1F 230\u202fV \u2013 10014304 - greenLink orchestrating energy flows | enwitec electronic GmbH | LinQ Europe Sp. z o.o.\" \/>\n<meta property=\"og:description\" content=\"&nbsp;\" \/>\n<meta property=\"og:url\" content=\"https:\/\/greenlink.technology\/es\/produkt\/caja-de-conmutacion-de-red-enwitec-para-sistema-fronius-italia-primo-gen24-plus-full-backup-12-kw-1f-230-v-10014304\/\" \/>\n<meta property=\"og:site_name\" content=\"greenLink orchestrating energy flows | enwitec electronic GmbH | LinQ Europe Sp. z o.o.\" \/>\n<meta property=\"og:image\" content=\"https:\/\/greenlink.technology\/wp-content\/uploads\/2025\/02\/10014304_front_offen-2.png\" \/>\n\t<meta property=\"og:image:width\" content=\"500\" \/>\n\t<meta property=\"og:image:height\" content=\"500\" \/>\n\t<meta property=\"og:image:type\" content=\"image\/png\" \/>\n<meta name=\"twitter:card\" content=\"summary_large_image\" \/>\n<script type=\"application\/ld+json\" class=\"yoast-schema-graph\">{\"@context\":\"https:\\\/\\\/schema.org\",\"@graph\":[{\"@type\":\"WebPage\",\"@id\":\"https:\\\/\\\/greenlink.technology\\\/es\\\/produkt\\\/caja-de-conmutacion-de-red-enwitec-para-sistema-fronius-italia-primo-gen24-plus-full-backup-12-kw-1f-230-v-10014304\\\/\",\"url\":\"https:\\\/\\\/greenlink.technology\\\/es\\\/produkt\\\/caja-de-conmutacion-de-red-enwitec-para-sistema-fronius-italia-primo-gen24-plus-full-backup-12-kw-1f-230-v-10014304\\\/\",\"name\":\"Caja de conmutaci\u00f3n de red enwitec para sistema Fronius Italia Primo GEN24 Plus \\\"Full Backup\\\" \u2013 12\u202fkW, 1F 230\u202fV \u2013 10014304 - greenLink orchestrating energy flows | enwitec electronic GmbH | LinQ Europe Sp. z o.o.\",\"isPartOf\":{\"@id\":\"https:\\\/\\\/enwitec.eu\\\/en\\\/#website\"},\"primaryImageOfPage\":{\"@id\":\"https:\\\/\\\/greenlink.technology\\\/es\\\/produkt\\\/caja-de-conmutacion-de-red-enwitec-para-sistema-fronius-italia-primo-gen24-plus-full-backup-12-kw-1f-230-v-10014304\\\/#primaryimage\"},\"image\":{\"@id\":\"https:\\\/\\\/greenlink.technology\\\/es\\\/produkt\\\/caja-de-conmutacion-de-red-enwitec-para-sistema-fronius-italia-primo-gen24-plus-full-backup-12-kw-1f-230-v-10014304\\\/#primaryimage\"},\"thumbnailUrl\":\"https:\\\/\\\/greenlink.technology\\\/wp-content\\\/uploads\\\/2025\\\/02\\\/10014304_front_offen-2.png\",\"datePublished\":\"2024-04-25T08:32:32+00:00\",\"breadcrumb\":{\"@id\":\"https:\\\/\\\/greenlink.technology\\\/es\\\/produkt\\\/caja-de-conmutacion-de-red-enwitec-para-sistema-fronius-italia-primo-gen24-plus-full-backup-12-kw-1f-230-v-10014304\\\/#breadcrumb\"},\"inLanguage\":\"es\",\"potentialAction\":[{\"@type\":\"ReadAction\",\"target\":[\"https:\\\/\\\/greenlink.technology\\\/es\\\/produkt\\\/caja-de-conmutacion-de-red-enwitec-para-sistema-fronius-italia-primo-gen24-plus-full-backup-12-kw-1f-230-v-10014304\\\/\"]}]},{\"@type\":\"ImageObject\",\"inLanguage\":\"es\",\"@id\":\"https:\\\/\\\/greenlink.technology\\\/es\\\/produkt\\\/caja-de-conmutacion-de-red-enwitec-para-sistema-fronius-italia-primo-gen24-plus-full-backup-12-kw-1f-230-v-10014304\\\/#primaryimage\",\"url\":\"https:\\\/\\\/greenlink.technology\\\/wp-content\\\/uploads\\\/2025\\\/02\\\/10014304_front_offen-2.png\",\"contentUrl\":\"https:\\\/\\\/greenlink.technology\\\/wp-content\\\/uploads\\\/2025\\\/02\\\/10014304_front_offen-2.png\",\"width\":500,\"height\":500},{\"@type\":\"BreadcrumbList\",\"@id\":\"https:\\\/\\\/greenlink.technology\\\/es\\\/produkt\\\/caja-de-conmutacion-de-red-enwitec-para-sistema-fronius-italia-primo-gen24-plus-full-backup-12-kw-1f-230-v-10014304\\\/#breadcrumb\",\"itemListElement\":[{\"@type\":\"ListItem\",\"position\":1,\"name\":\"Startseite\",\"item\":\"https:\\\/\\\/enwitec.eu\\\/es\\\/\"},{\"@type\":\"ListItem\",\"position\":2,\"name\":\"Productos\",\"item\":\"https:\\\/\\\/greenlink.technology\\\/es\\\/sobre-nosotros\\\/la-empresa\\\/enwitec\\\/productos\\\/\"},{\"@type\":\"ListItem\",\"position\":3,\"name\":\"Caja de conmutaci\u00f3n de red enwitec para sistema Fronius Italia Primo GEN24 Plus &#8220;Full Backup&#8221; \u2013 12\u202fkW, 1F 230\u202fV \u2013 10014304\"}]},{\"@type\":\"WebSite\",\"@id\":\"https:\\\/\\\/enwitec.eu\\\/en\\\/#website\",\"url\":\"https:\\\/\\\/enwitec.eu\\\/en\\\/\",\"name\":\"greenLink orchestrating energy flows | enwitec electronic GmbH | LinQ Europe Sp. z o.o.\",\"description\":\"\",\"publisher\":{\"@id\":\"https:\\\/\\\/enwitec.eu\\\/en\\\/#organization\"},\"potentialAction\":[{\"@type\":\"SearchAction\",\"target\":{\"@type\":\"EntryPoint\",\"urlTemplate\":\"https:\\\/\\\/enwitec.eu\\\/en\\\/?s={search_term_string}\"},\"query-input\":{\"@type\":\"PropertyValueSpecification\",\"valueRequired\":true,\"valueName\":\"search_term_string\"}}],\"inLanguage\":\"es\"},{\"@type\":\"Organization\",\"@id\":\"https:\\\/\\\/enwitec.eu\\\/en\\\/#organization\",\"name\":\"greenLink orquestaci\u00f3n de flujos de energ\u00eda | enwitec electronic GmbH | LinQ Europe Sp. z o.o.\",\"url\":\"https:\\\/\\\/enwitec.eu\\\/en\\\/\",\"logo\":{\"@type\":\"ImageObject\",\"inLanguage\":\"es\",\"@id\":\"https:\\\/\\\/enwitec.eu\\\/en\\\/#\\\/schema\\\/logo\\\/image\\\/\",\"url\":\"https:\\\/\\\/greenlink.technology\\\/wp-content\\\/uploads\\\/2025\\\/01\\\/greenlink-logo-final.png\",\"contentUrl\":\"https:\\\/\\\/greenlink.technology\\\/wp-content\\\/uploads\\\/2025\\\/01\\\/greenlink-logo-final.png\",\"width\":2586,\"height\":629,\"caption\":\"greenLink orquestaci\u00f3n de flujos de energ\u00eda | enwitec electronic GmbH | LinQ Europe Sp. z o.o. \"},\"image\":{\"@id\":\"https:\\\/\\\/enwitec.eu\\\/en\\\/#\\\/schema\\\/logo\\\/image\\\/\"}}]}<\/script>\n<!-- \/ Yoast SEO plugin. -->","yoast_head_json":{"title":"Caja de conmutaci\u00f3n de red enwitec para sistema Fronius Italia Primo GEN24 Plus \"Full Backup\" \u2013 12\u202fkW, 1F 230\u202fV \u2013 10014304 - greenLink orchestrating energy flows | enwitec electronic GmbH | LinQ Europe Sp. z o.o.","robots":{"index":"index","follow":"follow","max-snippet":"max-snippet:-1","max-image-preview":"max-image-preview:large","max-video-preview":"max-video-preview:-1"},"canonical":"https:\/\/greenlink.technology\/es\/produkt\/caja-de-conmutacion-de-red-enwitec-para-sistema-fronius-italia-primo-gen24-plus-full-backup-12-kw-1f-230-v-10014304\/","og_locale":"es_ES","og_type":"article","og_title":"Caja de conmutaci\u00f3n de red enwitec para sistema Fronius Italia Primo GEN24 Plus \"Full Backup\" \u2013 12\u202fkW, 1F 230\u202fV \u2013 10014304 - greenLink orchestrating energy flows | enwitec electronic GmbH | LinQ Europe Sp. z o.o.","og_description":"&nbsp;","og_url":"https:\/\/greenlink.technology\/es\/produkt\/caja-de-conmutacion-de-red-enwitec-para-sistema-fronius-italia-primo-gen24-plus-full-backup-12-kw-1f-230-v-10014304\/","og_site_name":"greenLink orchestrating energy flows | enwitec electronic GmbH | LinQ Europe Sp. z o.o.","og_image":[{"width":500,"height":500,"url":"https:\/\/greenlink.technology\/wp-content\/uploads\/2025\/02\/10014304_front_offen-2.png","type":"image\/png"}],"twitter_card":"summary_large_image","schema":{"@context":"https:\/\/schema.org","@graph":[{"@type":"WebPage","@id":"https:\/\/greenlink.technology\/es\/produkt\/caja-de-conmutacion-de-red-enwitec-para-sistema-fronius-italia-primo-gen24-plus-full-backup-12-kw-1f-230-v-10014304\/","url":"https:\/\/greenlink.technology\/es\/produkt\/caja-de-conmutacion-de-red-enwitec-para-sistema-fronius-italia-primo-gen24-plus-full-backup-12-kw-1f-230-v-10014304\/","name":"Caja de conmutaci\u00f3n de red enwitec para sistema Fronius Italia Primo GEN24 Plus \"Full Backup\" \u2013 12\u202fkW, 1F 230\u202fV \u2013 10014304 - greenLink orchestrating energy flows | enwitec electronic GmbH | LinQ Europe Sp. z o.o.","isPartOf":{"@id":"https:\/\/enwitec.eu\/en\/#website"},"primaryImageOfPage":{"@id":"https:\/\/greenlink.technology\/es\/produkt\/caja-de-conmutacion-de-red-enwitec-para-sistema-fronius-italia-primo-gen24-plus-full-backup-12-kw-1f-230-v-10014304\/#primaryimage"},"image":{"@id":"https:\/\/greenlink.technology\/es\/produkt\/caja-de-conmutacion-de-red-enwitec-para-sistema-fronius-italia-primo-gen24-plus-full-backup-12-kw-1f-230-v-10014304\/#primaryimage"},"thumbnailUrl":"https:\/\/greenlink.technology\/wp-content\/uploads\/2025\/02\/10014304_front_offen-2.png","datePublished":"2024-04-25T08:32:32+00:00","breadcrumb":{"@id":"https:\/\/greenlink.technology\/es\/produkt\/caja-de-conmutacion-de-red-enwitec-para-sistema-fronius-italia-primo-gen24-plus-full-backup-12-kw-1f-230-v-10014304\/#breadcrumb"},"inLanguage":"es","potentialAction":[{"@type":"ReadAction","target":["https:\/\/greenlink.technology\/es\/produkt\/caja-de-conmutacion-de-red-enwitec-para-sistema-fronius-italia-primo-gen24-plus-full-backup-12-kw-1f-230-v-10014304\/"]}]},{"@type":"ImageObject","inLanguage":"es","@id":"https:\/\/greenlink.technology\/es\/produkt\/caja-de-conmutacion-de-red-enwitec-para-sistema-fronius-italia-primo-gen24-plus-full-backup-12-kw-1f-230-v-10014304\/#primaryimage","url":"https:\/\/greenlink.technology\/wp-content\/uploads\/2025\/02\/10014304_front_offen-2.png","contentUrl":"https:\/\/greenlink.technology\/wp-content\/uploads\/2025\/02\/10014304_front_offen-2.png","width":500,"height":500},{"@type":"BreadcrumbList","@id":"https:\/\/greenlink.technology\/es\/produkt\/caja-de-conmutacion-de-red-enwitec-para-sistema-fronius-italia-primo-gen24-plus-full-backup-12-kw-1f-230-v-10014304\/#breadcrumb","itemListElement":[{"@type":"ListItem","position":1,"name":"Startseite","item":"https:\/\/enwitec.eu\/es\/"},{"@type":"ListItem","position":2,"name":"Productos","item":"https:\/\/greenlink.technology\/es\/sobre-nosotros\/la-empresa\/enwitec\/productos\/"},{"@type":"ListItem","position":3,"name":"Caja de conmutaci\u00f3n de red enwitec para sistema Fronius Italia Primo GEN24 Plus &#8220;Full Backup&#8221; \u2013 12\u202fkW, 1F 230\u202fV \u2013 10014304"}]},{"@type":"WebSite","@id":"https:\/\/enwitec.eu\/en\/#website","url":"https:\/\/enwitec.eu\/en\/","name":"greenLink orchestrating energy flows | enwitec electronic GmbH | LinQ Europe Sp. z o.o.","description":"","publisher":{"@id":"https:\/\/enwitec.eu\/en\/#organization"},"potentialAction":[{"@type":"SearchAction","target":{"@type":"EntryPoint","urlTemplate":"https:\/\/enwitec.eu\/en\/?s={search_term_string}"},"query-input":{"@type":"PropertyValueSpecification","valueRequired":true,"valueName":"search_term_string"}}],"inLanguage":"es"},{"@type":"Organization","@id":"https:\/\/enwitec.eu\/en\/#organization","name":"greenLink orquestaci\u00f3n de flujos de energ\u00eda | enwitec electronic GmbH | LinQ Europe Sp. z o.o.","url":"https:\/\/enwitec.eu\/en\/","logo":{"@type":"ImageObject","inLanguage":"es","@id":"https:\/\/enwitec.eu\/en\/#\/schema\/logo\/image\/","url":"https:\/\/greenlink.technology\/wp-content\/uploads\/2025\/01\/greenlink-logo-final.png","contentUrl":"https:\/\/greenlink.technology\/wp-content\/uploads\/2025\/01\/greenlink-logo-final.png","width":2586,"height":629,"caption":"greenLink orquestaci\u00f3n de flujos de energ\u00eda | enwitec electronic GmbH | LinQ Europe Sp. z o.o. "},"image":{"@id":"https:\/\/enwitec.eu\/en\/#\/schema\/logo\/image\/"}}]}},"_links":{"self":[{"href":"https:\/\/greenlink.technology\/es\/wp-json\/wp\/v2\/product\/9778","targetHints":{"allow":["GET"]}}],"collection":[{"href":"https:\/\/greenlink.technology\/es\/wp-json\/wp\/v2\/product"}],"about":[{"href":"https:\/\/greenlink.technology\/es\/wp-json\/wp\/v2\/types\/product"}],"replies":[{"embeddable":true,"href":"https:\/\/greenlink.technology\/es\/wp-json\/wp\/v2\/comments?post=9778"}],"wp:featuredmedia":[{"embeddable":true,"href":"https:\/\/greenlink.technology\/es\/wp-json\/wp\/v2\/media\/9779"}],"wp:attachment":[{"href":"https:\/\/greenlink.technology\/es\/wp-json\/wp\/v2\/media?parent=9778"}],"wp:term":[{"taxonomy":"anwendung","embeddable":true,"href":"https:\/\/greenlink.technology\/es\/wp-json\/wp\/v2\/anwendung?post=9778"},{"taxonomy":"product_brand","embeddable":true,"href":"https:\/\/greenlink.technology\/es\/wp-json\/wp\/v2\/product_brand?post=9778"},{"taxonomy":"product_cat","embeddable":true,"href":"https:\/\/greenlink.technology\/es\/wp-json\/wp\/v2\/product_cat?post=9778"},{"taxonomy":"product_tag","embeddable":true,"href":"https:\/\/greenlink.technology\/es\/wp-json\/wp\/v2\/product_tag?post=9778"}],"curies":[{"name":"wp","href":"https:\/\/api.w.org\/{rel}","templated":true}]}}