{"id":9377,"date":"2025-04-14T08:34:23","date_gmt":"2025-04-14T06:34:23","guid":{"rendered":"https:\/\/greenlink.technology\/produkt\/caja-de-distribucion-enwitec-power-backup-63-verto-plus-eu-10019335\/"},"modified":"2025-12-16T15:16:25","modified_gmt":"2025-12-16T14:16:25","slug":"caja-de-distribucion-enwitec-power-backup-63-verto-plus-eu-10019335","status":"publish","type":"product","link":"https:\/\/greenlink.technology\/es\/produkt\/caja-de-distribucion-enwitec-power-backup-63-verto-plus-eu-10019335\/","title":{"rendered":"Caja de distribuci\u00f3n enwitec PowerBackup 63 VERTO PLUS EU &#8211; 10019335"},"content":{"rendered":"<div class=\"system-stammdaten\">\n<h2\/>\n&nbsp;<\/p>\n<\/div>\n","protected":false},"excerpt":{"rendered":"<p>&nbsp;<\/p>\n","protected":false},"featured_media":9379,"comment_status":"closed","ping_status":"closed","template":"","meta":{"_acf_changed":false},"anwendung":[],"product_brand":[264],"product_cat":[341],"product_tag":[385,384,382,383,386,387],"class_list":{"0":"post-9377","1":"product","2":"type-product","3":"status-publish","4":"has-post-thumbnail","6":"product_brand-enwitec","7":"product_cat-cajas-de-conmutacion-de-red-en-la-red","8":"product_tag-10019335-es","9":"product_tag-dispositivo-de-cambio","10":"product_tag-dispositivos-de-conmutacion-de-red","11":"product_tag-en-la-red","12":"product_tag-fronius-es","13":"product_tag-verto-plus-es","14":"pa_laenderfreigabe-be-es","15":"pa_laenderfreigabe-ch-es","16":"pa_laenderfreigabe-en-es","17":"pa_laenderfreigabe-es-es-2","18":"pa_laenderfreigabe-es-es","19":"pa_laenderfreigabe-fr-es","20":"pa_laenderfreigabe-lu-es","21":"pa_laenderfreigabe-nl-es","22":"pa_laenderfreigabe-pt-es","23":"pa_max-durchgangsleistung-0-30-kw-es","24":"pa_max-durchgangsleistung-31-100-kw-es","25":"pa_nf-a-netzanschlusspunkt-tn-c-es","26":"pa_nf-a-netzanschlusspunkt-tn-s-es","27":"pa_nf-a-netzanschlusspunkt-tt-es","28":"pa_nf-i-d-verbraucheranlage-tn-s-es","29":"pa_nf-i-d-verbraucheranlage-tt-es","30":"pa_umschaltung-automatico","31":"pa_wechselrichter-fronius-verto-plus-es","33":"first","34":"instock","35":"shipping-taxable","36":"product-type-simple"},"acf":{"product_informations":"<strong>Caja del interruptor de red 3AC 230\/400V 50Hz<\/strong>\n<ul>\n \t<li>Fusible de conexi\u00f3n m\u00e1x. 63A <\/li>\n \t<li>Desconexi\u00f3n omnipolar o tripolar<\/li>\n \t<li>TN-C\/S\/TT\/TN-S<\/li>\n<\/ul>\n<strong>adecuado para<\/strong>\nFRONIUS - VERTO PLUS 15.0\/17.5\/20.0\/25.0\/30.0\/33.3\n\nDisponibilidad por pa\u00edses: UE 25 (excepto Alemania e Italia)\n<ul>\n \t<li>incl. contador inteligente Fronius TS65A-3 - \"Pantalla t\u00e1ctil\" <\/li>\n<\/ul>\nSi desea m\u00e1s informaci\u00f3n t\u00e9cnica, descargue la documentaci\u00f3n.\n\n<strong>Nota<\/strong>\nMatchcode: 3PH_FRO_BBD(3)AP_35KW_3PH_FRT_EU25_1.1","technical_data":"<table border=\"0\" cellspacing=\"0\" cellpadding=\"8\">\n<tbody>\n<tr>\n<th>Designaci\u00f3n<\/th>\n<th>Valor<\/th>\n<\/tr>\n<tr>\n<td>N\u00ba de art\u00edculo<\/td>\n<td>10019335<\/td>\n<\/tr>\n<tr>\n<td>Compatible con<\/td>\n<td>Fronius<\/td>\n<\/tr>\n<tr>\n<td>Fases<\/td>\n<td>3 fases<\/td>\n<\/tr>\n<tr>\n<td>Desconexi\u00f3n de la red<\/td>\n<td>Desconexi\u00f3n omnipolar o tripolar<\/td>\n<\/tr>\n<tr>\n<td>Rendimiento t\u00e9rmico m\u00e1x. <\/td>\n<td>35 kW<\/td>\n<\/tr>\n<tr>\n<td>C\u00f3digo de pa\u00eds<\/td>\n<td>UE 25 (excepto Alemania e Italia)<\/td>\n<\/tr>\n<tr>\n<td>Protecci\u00f3n NA<\/td>\n<td>no<\/td>\n<\/tr>\n<tr>\n<td>Interruptor de fuente<\/td>\n<td>no<\/td>\n<\/tr>\n<tr>\n<td>Tensi\u00f3n nominal<\/td>\n<td>230\/400V<\/td>\n<\/tr>\n<tr>\n<td>Frecuencia nominal<\/td>\n<td>50\/60 Hz<\/td>\n<\/tr>\n<tr>\n<td>Corriente de cortocircuito<\/td>\n<td>10 kA<\/td>\n<\/tr>\n<tr>\n<td>Fusible de reserva<\/td>\n<td>63 A<\/td>\n<\/tr>\n<tr>\n<td>Temperatura de funcionamiento<\/td>\n<td>-5\u00b0C a +35\u00b0C<\/td>\n<\/tr>\n<tr>\n<td>Humedad del aire<\/td>\n<td>del 5% al 60<\/td>\n<\/tr>\n<tr>\n<td>Clase de protecci\u00f3n<\/td>\n<td>II<\/td>\n<\/tr>\n<tr>\n<td>Dimensiones AnxAlxPr<\/td>\n<td>315 x 600 x 155<\/td>\n<\/tr>\n<tr>\n<td>Peso<\/td>\n<td>7,8 kg<\/td>\n<\/tr>\n<tr>\n<td>Carcasa<\/td>\n<td>Policarbonato<\/td>\n<\/tr>\n<\/tbody>\n<\/table>","download":"<a href=\"https:\/\/greenlink.technology\/wp-content\/uploads\/2025\/05\/10019335_Datenblatt_POWER-Backup-63-VERTO-PLUS-EU_2.0_DE_2025_05_26_a.pdf\" target=\"_blank\" rel=\"noopener\">Datasheet EN<\/a>\n<a href=\"https:\/\/greenlink.technology\/wp-content\/uploads\/2025\/10\/10019335_datasheet_POWER-Backup-63-VERTO-PLUS-EU_2.0_EN_d.pdf\" target=\"_blank\" rel=\"noopener\">Hoja de datos ES<\/a>\n<a href=\"https:\/\/greenlink.technology\/wp-content\/uploads\/2025\/10\/10019335_Arkusz-danych_POWER-Backup-63-VERTO-PLUS-EU_2.0_PL_d.pdf\">Arkusz danych (polaco)<\/a>\n<a href=\"https:\/\/greenlink.technology\/wp-content\/uploads\/2025\/10\/10019335_datablad_POWER-Backup-63-VERTO-PLUS-EU_2.0_S_d.pdf\">Datablad (sueco)<\/a>\n<a href=\"https:\/\/greenlink.technology\/wp-content\/uploads\/2025\/10\/10019335_ficha-tecnica_POWER-Backup-63-VERTO-PLUS-EU_2.0_E_d.pdf\">Ficha t\u00e9cnica (espa\u00f1ol)<\/a>\n<a href=\"https:\/\/greenlink.technology\/wp-content\/uploads\/2025\/10\/10019335_adatlap_POWER-Backup-63-VERTO-PLUS-EU_2.0_H_d.pdf\">Adatlap (h\u00fangaro)<\/a>\n\n<a href=\"https:\/\/greenlink.technology\/wp-content\/uploads\/2025\/11\/10019894_DE_EN_HB_Inst.-Anleitung-Fronius_Verto_Plus-a.pdf\" target=\"_blank\" rel=\"noopener\">Manual DE\/EN<\/a>\n<a href=\"https:\/\/greenlink.technology\/wp-content\/uploads\/2025\/04\/10019894_PL_HB_instrukcja-instalacji_Verto_Plus-a.pdf\" target=\"_blank\" rel=\"noopener\">Podr\u0119cznik (polaco)<\/a>\n<a href=\"https:\/\/greenlink.technology\/wp-content\/uploads\/2025\/04\/10019894_SE_HB_Handbok_Verto_Plus-a.pdf\" target=\"_blank\" rel=\"noopener\">Handbok (sueco)<\/a>\n<a href=\"https:\/\/greenlink.technology\/wp-content\/uploads\/2025\/04\/10019894_ES_HB_Instrucciones-de-instalacion_Verto_Plus-a.pdf\">Manual (espa\u00f1ol)<\/a>\n<a href=\"https:\/\/greenlink.technology\/wp-content\/uploads\/2025\/04\/10019894_HU_HB_Telepitesi-utasitasok_Verto_Plus_HU-a.pdf\">K\u00e9zik\u00f6nyv (h\u00fangaro)<\/a>\n\n<a href=\"https:\/\/greenlink.technology\/wp-content\/uploads\/2025\/10\/SE_MD_Enwitec_Notstromumschaltung_DE_250320_encrypted_Verto_Plus.pdf\" target=\"_blank\" rel=\"noopener\">Declaraci\u00f3n del fabricante<\/a>","product_short_description":"<strong>Inversor:<\/strong> Fronius VERTO PLUS\n<strong>Publicaci\u00f3n por pa\u00edses:<\/strong> UE 25 (excepto Alemania + Italia)\n<strong>rendimiento t\u00e9rmico m\u00e1ximo : <\/strong>  35<span style=\"font-size: inherit;\"> kW<\/span>\n<strong>Conmutaci\u00f3n: <\/strong>Autom\u00e1tica\n<strong>Forma de la rejilla en el punto de conexi\u00f3n a la red:<\/strong> TT, TN-S, TN-C\n<strong>Forma de la red en la unidad de consumo: <\/strong>TT, TN-S","photo_gallery":{"galerie_produkte":[[]]}},"yoast_head":"<!-- This site is optimized with the Yoast SEO plugin v27.3 - https:\/\/yoast.com\/product\/yoast-seo-wordpress\/ -->\n<title>Caja de distribuci\u00f3n enwitec PowerBackup 63 VERTO PLUS EU - 10019335 - greenLink orchestrating energy flows | enwitec electronic GmbH | LinQ Europe Sp. z o.o.<\/title>\n<meta name=\"robots\" content=\"index, follow, max-snippet:-1, max-image-preview:large, max-video-preview:-1\" \/>\n<link rel=\"canonical\" href=\"https:\/\/greenlink.technology\/es\/produkt\/caja-de-distribucion-enwitec-power-backup-63-verto-plus-eu-10019335\/\" \/>\n<meta property=\"og:locale\" content=\"es_ES\" \/>\n<meta property=\"og:type\" content=\"article\" \/>\n<meta property=\"og:title\" content=\"Caja de distribuci\u00f3n enwitec PowerBackup 63 VERTO PLUS EU - 10019335 - greenLink orchestrating energy flows | enwitec electronic GmbH | LinQ Europe Sp. z o.o.\" \/>\n<meta property=\"og:description\" content=\"&nbsp;\" \/>\n<meta property=\"og:url\" content=\"https:\/\/greenlink.technology\/es\/produkt\/caja-de-distribucion-enwitec-power-backup-63-verto-plus-eu-10019335\/\" \/>\n<meta property=\"og:site_name\" content=\"greenLink orchestrating energy flows | enwitec electronic GmbH | LinQ Europe Sp. z o.o.\" \/>\n<meta property=\"article:modified_time\" content=\"2025-12-16T14:16:25+00:00\" \/>\n<meta property=\"og:image\" content=\"https:\/\/greenlink.technology\/wp-content\/uploads\/2025\/04\/10017485_front_offen.png\" \/>\n\t<meta property=\"og:image:width\" content=\"1000\" \/>\n\t<meta property=\"og:image:height\" content=\"966\" \/>\n\t<meta property=\"og:image:type\" content=\"image\/png\" \/>\n<meta name=\"twitter:card\" content=\"summary_large_image\" \/>\n<script type=\"application\/ld+json\" class=\"yoast-schema-graph\">{\"@context\":\"https:\\\/\\\/schema.org\",\"@graph\":[{\"@type\":\"WebPage\",\"@id\":\"https:\\\/\\\/greenlink.technology\\\/es\\\/produkt\\\/caja-de-distribucion-enwitec-power-backup-63-verto-plus-eu-10019335\\\/\",\"url\":\"https:\\\/\\\/greenlink.technology\\\/es\\\/produkt\\\/caja-de-distribucion-enwitec-power-backup-63-verto-plus-eu-10019335\\\/\",\"name\":\"Caja de distribuci\u00f3n enwitec PowerBackup 63 VERTO PLUS EU - 10019335 - greenLink orchestrating energy flows | enwitec electronic GmbH | LinQ Europe Sp. z o.o.\",\"isPartOf\":{\"@id\":\"https:\\\/\\\/enwitec.eu\\\/en\\\/#website\"},\"primaryImageOfPage\":{\"@id\":\"https:\\\/\\\/greenlink.technology\\\/es\\\/produkt\\\/caja-de-distribucion-enwitec-power-backup-63-verto-plus-eu-10019335\\\/#primaryimage\"},\"image\":{\"@id\":\"https:\\\/\\\/greenlink.technology\\\/es\\\/produkt\\\/caja-de-distribucion-enwitec-power-backup-63-verto-plus-eu-10019335\\\/#primaryimage\"},\"thumbnailUrl\":\"https:\\\/\\\/greenlink.technology\\\/wp-content\\\/uploads\\\/2025\\\/04\\\/10017485_front_offen.png\",\"datePublished\":\"2025-04-14T06:34:23+00:00\",\"dateModified\":\"2025-12-16T14:16:25+00:00\",\"breadcrumb\":{\"@id\":\"https:\\\/\\\/greenlink.technology\\\/es\\\/produkt\\\/caja-de-distribucion-enwitec-power-backup-63-verto-plus-eu-10019335\\\/#breadcrumb\"},\"inLanguage\":\"es\",\"potentialAction\":[{\"@type\":\"ReadAction\",\"target\":[\"https:\\\/\\\/greenlink.technology\\\/es\\\/produkt\\\/caja-de-distribucion-enwitec-power-backup-63-verto-plus-eu-10019335\\\/\"]}]},{\"@type\":\"ImageObject\",\"inLanguage\":\"es\",\"@id\":\"https:\\\/\\\/greenlink.technology\\\/es\\\/produkt\\\/caja-de-distribucion-enwitec-power-backup-63-verto-plus-eu-10019335\\\/#primaryimage\",\"url\":\"https:\\\/\\\/greenlink.technology\\\/wp-content\\\/uploads\\\/2025\\\/04\\\/10017485_front_offen.png\",\"contentUrl\":\"https:\\\/\\\/greenlink.technology\\\/wp-content\\\/uploads\\\/2025\\\/04\\\/10017485_front_offen.png\",\"width\":1000,\"height\":966},{\"@type\":\"BreadcrumbList\",\"@id\":\"https:\\\/\\\/greenlink.technology\\\/es\\\/produkt\\\/caja-de-distribucion-enwitec-power-backup-63-verto-plus-eu-10019335\\\/#breadcrumb\",\"itemListElement\":[{\"@type\":\"ListItem\",\"position\":1,\"name\":\"Startseite\",\"item\":\"https:\\\/\\\/enwitec.eu\\\/es\\\/\"},{\"@type\":\"ListItem\",\"position\":2,\"name\":\"Productos\",\"item\":\"https:\\\/\\\/greenlink.technology\\\/es\\\/sobre-nosotros\\\/la-empresa\\\/enwitec\\\/productos\\\/\"},{\"@type\":\"ListItem\",\"position\":3,\"name\":\"Caja de distribuci\u00f3n enwitec PowerBackup 63 VERTO PLUS EU &#8211; 10019335\"}]},{\"@type\":\"WebSite\",\"@id\":\"https:\\\/\\\/enwitec.eu\\\/en\\\/#website\",\"url\":\"https:\\\/\\\/enwitec.eu\\\/en\\\/\",\"name\":\"greenLink orchestrating energy flows | enwitec electronic GmbH | LinQ Europe Sp. z o.o.\",\"description\":\"\",\"publisher\":{\"@id\":\"https:\\\/\\\/enwitec.eu\\\/en\\\/#organization\"},\"potentialAction\":[{\"@type\":\"SearchAction\",\"target\":{\"@type\":\"EntryPoint\",\"urlTemplate\":\"https:\\\/\\\/enwitec.eu\\\/en\\\/?s={search_term_string}\"},\"query-input\":{\"@type\":\"PropertyValueSpecification\",\"valueRequired\":true,\"valueName\":\"search_term_string\"}}],\"inLanguage\":\"es\"},{\"@type\":\"Organization\",\"@id\":\"https:\\\/\\\/enwitec.eu\\\/en\\\/#organization\",\"name\":\"greenLink orquestaci\u00f3n de flujos de energ\u00eda | enwitec electronic GmbH | LinQ Europe Sp. z o.o.\",\"url\":\"https:\\\/\\\/enwitec.eu\\\/en\\\/\",\"logo\":{\"@type\":\"ImageObject\",\"inLanguage\":\"es\",\"@id\":\"https:\\\/\\\/enwitec.eu\\\/en\\\/#\\\/schema\\\/logo\\\/image\\\/\",\"url\":\"https:\\\/\\\/greenlink.technology\\\/wp-content\\\/uploads\\\/2025\\\/01\\\/greenlink-logo-final.png\",\"contentUrl\":\"https:\\\/\\\/greenlink.technology\\\/wp-content\\\/uploads\\\/2025\\\/01\\\/greenlink-logo-final.png\",\"width\":2586,\"height\":629,\"caption\":\"greenLink orquestaci\u00f3n de flujos de energ\u00eda | enwitec electronic GmbH | LinQ Europe Sp. z o.o. \"},\"image\":{\"@id\":\"https:\\\/\\\/enwitec.eu\\\/en\\\/#\\\/schema\\\/logo\\\/image\\\/\"}}]}<\/script>\n<!-- \/ Yoast SEO plugin. -->","yoast_head_json":{"title":"Caja de distribuci\u00f3n enwitec PowerBackup 63 VERTO PLUS EU - 10019335 - greenLink orchestrating energy flows | enwitec electronic GmbH | LinQ Europe Sp. z o.o.","robots":{"index":"index","follow":"follow","max-snippet":"max-snippet:-1","max-image-preview":"max-image-preview:large","max-video-preview":"max-video-preview:-1"},"canonical":"https:\/\/greenlink.technology\/es\/produkt\/caja-de-distribucion-enwitec-power-backup-63-verto-plus-eu-10019335\/","og_locale":"es_ES","og_type":"article","og_title":"Caja de distribuci\u00f3n enwitec PowerBackup 63 VERTO PLUS EU - 10019335 - greenLink orchestrating energy flows | enwitec electronic GmbH | LinQ Europe Sp. z o.o.","og_description":"&nbsp;","og_url":"https:\/\/greenlink.technology\/es\/produkt\/caja-de-distribucion-enwitec-power-backup-63-verto-plus-eu-10019335\/","og_site_name":"greenLink orchestrating energy flows | enwitec electronic GmbH | LinQ Europe Sp. z o.o.","article_modified_time":"2025-12-16T14:16:25+00:00","og_image":[{"width":1000,"height":966,"url":"https:\/\/greenlink.technology\/wp-content\/uploads\/2025\/04\/10017485_front_offen.png","type":"image\/png"}],"twitter_card":"summary_large_image","schema":{"@context":"https:\/\/schema.org","@graph":[{"@type":"WebPage","@id":"https:\/\/greenlink.technology\/es\/produkt\/caja-de-distribucion-enwitec-power-backup-63-verto-plus-eu-10019335\/","url":"https:\/\/greenlink.technology\/es\/produkt\/caja-de-distribucion-enwitec-power-backup-63-verto-plus-eu-10019335\/","name":"Caja de distribuci\u00f3n enwitec PowerBackup 63 VERTO PLUS EU - 10019335 - greenLink orchestrating energy flows | enwitec electronic GmbH | LinQ Europe Sp. z o.o.","isPartOf":{"@id":"https:\/\/enwitec.eu\/en\/#website"},"primaryImageOfPage":{"@id":"https:\/\/greenlink.technology\/es\/produkt\/caja-de-distribucion-enwitec-power-backup-63-verto-plus-eu-10019335\/#primaryimage"},"image":{"@id":"https:\/\/greenlink.technology\/es\/produkt\/caja-de-distribucion-enwitec-power-backup-63-verto-plus-eu-10019335\/#primaryimage"},"thumbnailUrl":"https:\/\/greenlink.technology\/wp-content\/uploads\/2025\/04\/10017485_front_offen.png","datePublished":"2025-04-14T06:34:23+00:00","dateModified":"2025-12-16T14:16:25+00:00","breadcrumb":{"@id":"https:\/\/greenlink.technology\/es\/produkt\/caja-de-distribucion-enwitec-power-backup-63-verto-plus-eu-10019335\/#breadcrumb"},"inLanguage":"es","potentialAction":[{"@type":"ReadAction","target":["https:\/\/greenlink.technology\/es\/produkt\/caja-de-distribucion-enwitec-power-backup-63-verto-plus-eu-10019335\/"]}]},{"@type":"ImageObject","inLanguage":"es","@id":"https:\/\/greenlink.technology\/es\/produkt\/caja-de-distribucion-enwitec-power-backup-63-verto-plus-eu-10019335\/#primaryimage","url":"https:\/\/greenlink.technology\/wp-content\/uploads\/2025\/04\/10017485_front_offen.png","contentUrl":"https:\/\/greenlink.technology\/wp-content\/uploads\/2025\/04\/10017485_front_offen.png","width":1000,"height":966},{"@type":"BreadcrumbList","@id":"https:\/\/greenlink.technology\/es\/produkt\/caja-de-distribucion-enwitec-power-backup-63-verto-plus-eu-10019335\/#breadcrumb","itemListElement":[{"@type":"ListItem","position":1,"name":"Startseite","item":"https:\/\/enwitec.eu\/es\/"},{"@type":"ListItem","position":2,"name":"Productos","item":"https:\/\/greenlink.technology\/es\/sobre-nosotros\/la-empresa\/enwitec\/productos\/"},{"@type":"ListItem","position":3,"name":"Caja de distribuci\u00f3n enwitec PowerBackup 63 VERTO PLUS EU &#8211; 10019335"}]},{"@type":"WebSite","@id":"https:\/\/enwitec.eu\/en\/#website","url":"https:\/\/enwitec.eu\/en\/","name":"greenLink orchestrating energy flows | enwitec electronic GmbH | LinQ Europe Sp. z o.o.","description":"","publisher":{"@id":"https:\/\/enwitec.eu\/en\/#organization"},"potentialAction":[{"@type":"SearchAction","target":{"@type":"EntryPoint","urlTemplate":"https:\/\/enwitec.eu\/en\/?s={search_term_string}"},"query-input":{"@type":"PropertyValueSpecification","valueRequired":true,"valueName":"search_term_string"}}],"inLanguage":"es"},{"@type":"Organization","@id":"https:\/\/enwitec.eu\/en\/#organization","name":"greenLink orquestaci\u00f3n de flujos de energ\u00eda | enwitec electronic GmbH | LinQ Europe Sp. z o.o.","url":"https:\/\/enwitec.eu\/en\/","logo":{"@type":"ImageObject","inLanguage":"es","@id":"https:\/\/enwitec.eu\/en\/#\/schema\/logo\/image\/","url":"https:\/\/greenlink.technology\/wp-content\/uploads\/2025\/01\/greenlink-logo-final.png","contentUrl":"https:\/\/greenlink.technology\/wp-content\/uploads\/2025\/01\/greenlink-logo-final.png","width":2586,"height":629,"caption":"greenLink orquestaci\u00f3n de flujos de energ\u00eda | enwitec electronic GmbH | LinQ Europe Sp. z o.o. "},"image":{"@id":"https:\/\/enwitec.eu\/en\/#\/schema\/logo\/image\/"}}]}},"_links":{"self":[{"href":"https:\/\/greenlink.technology\/es\/wp-json\/wp\/v2\/product\/9377","targetHints":{"allow":["GET"]}}],"collection":[{"href":"https:\/\/greenlink.technology\/es\/wp-json\/wp\/v2\/product"}],"about":[{"href":"https:\/\/greenlink.technology\/es\/wp-json\/wp\/v2\/types\/product"}],"replies":[{"embeddable":true,"href":"https:\/\/greenlink.technology\/es\/wp-json\/wp\/v2\/comments?post=9377"}],"wp:featuredmedia":[{"embeddable":true,"href":"https:\/\/greenlink.technology\/es\/wp-json\/wp\/v2\/media\/9379"}],"wp:attachment":[{"href":"https:\/\/greenlink.technology\/es\/wp-json\/wp\/v2\/media?parent=9377"}],"wp:term":[{"taxonomy":"anwendung","embeddable":true,"href":"https:\/\/greenlink.technology\/es\/wp-json\/wp\/v2\/anwendung?post=9377"},{"taxonomy":"product_brand","embeddable":true,"href":"https:\/\/greenlink.technology\/es\/wp-json\/wp\/v2\/product_brand?post=9377"},{"taxonomy":"product_cat","embeddable":true,"href":"https:\/\/greenlink.technology\/es\/wp-json\/wp\/v2\/product_cat?post=9377"},{"taxonomy":"product_tag","embeddable":true,"href":"https:\/\/greenlink.technology\/es\/wp-json\/wp\/v2\/product_tag?post=9377"}],"curies":[{"name":"wp","href":"https:\/\/api.w.org\/{rel}","templated":true}]}}