{"id":11018,"date":"2024-02-29T13:33:14","date_gmt":"2024-02-29T12:33:14","guid":{"rendered":"https:\/\/greenlink.technology\/produkt\/enwitec-protector-de-alimentacion-para-rejilla-y-proteccion-de-plantas-414-kva-segun-na-eea-ne7-ch2020-10016124\/"},"modified":"2024-02-29T13:33:14","modified_gmt":"2024-02-29T12:33:14","slug":"enwitec-protector-de-alimentacion-para-rejilla-y-proteccion-de-plantas-414-kva-segun-na-eea-ne7-ch2020-10016124","status":"publish","type":"product","link":"https:\/\/greenlink.technology\/es\/produkt\/enwitec-protector-de-alimentacion-para-rejilla-y-proteccion-de-plantas-414-kva-segun-na-eea-ne7-ch2020-10016124\/","title":{"rendered":"enwitec Protector de alimentaci\u00f3n para rejilla y protecci\u00f3n de plantas \u2013 41,4 kVA \u2013 seg\u00fan NA\/EEA-NE7 \u2013 CH2020 \u2013 10016124"},"content":{"rendered":"<div class=\"system-stammdaten\">\n<h2><\/h2>\n<p>&nbsp;<\/p>\n<\/div>\n","protected":false},"excerpt":{"rendered":"<p>&nbsp;<\/p>\n","protected":false},"featured_media":11020,"comment_status":"closed","ping_status":"closed","template":"","meta":{"_acf_changed":false},"anwendung":[],"product_brand":[264],"product_cat":[595],"product_tag":[1049,597,596,620],"class_list":{"0":"post-11018","1":"product","2":"type-product","3":"status-publish","4":"has-post-thumbnail","6":"product_brand-enwitec","7":"product_cat-proteccion-de-la-red-y-del-sistema","8":"product_tag-10016124-es","9":"product_tag-proteccion-de-la-red-y-del-sistema","10":"product_tag-proteccion-na","11":"product_tag-protector-de-alimentacion","12":"pa_laenderfreigabe-ch-es","13":"pa_leistung-30-86-kva-es","14":"pa_trennung-todo-polo-es","16":"first","17":"instock","18":"shipping-taxable","19":"product-type-simple"},"acf":{"product_informations":"Protecci\u00f3n de redes y plantas (NA) de enwitec. Dependiendo de la directiva nacional, las plantas generadoras deben cerrarse en caso de desviaciones inadmisibles de voltaje o frecuencia en la red de baja tensi\u00f3n. Si se superan los valores l\u00edmite permitidos en la norma de aplicaci\u00f3n, la planta de generaci\u00f3n se desconecta autom\u00e1ticamente de la red. Si la tensi\u00f3n de red o la frecuencia de red vuelven a estar en el rango permitido, el sistema se vuelve a conectar autom\u00e1ticamente. Ofrecemos tanto productos est\u00e1ndar como soluciones individuales, que se adaptan a las necesidades de la instalaci\u00f3n fotovoltaica respectiva.    \n\nEsta protecci\u00f3n de red y sistema est\u00e1 especialmente dise\u00f1ada para el mercado suizo, de acuerdo con <strong>NA\/EEA-NE7 - CH2020<\/strong> .\n\n<strong>Nota<\/strong>\nC\u00f3digo de coincidencia: feed-guard-NE7-PV-41,4KVA-TNS_TT_1.0","technical_data":"<div class=\"stammdaten-col\">\n<div class=\"line\">\n<p class=\"system-stammdaten-left\">N.\u00ba de art\u00edculo: 10016124\nTipo de red: TT \/ TN-S\nPotencia: 41,4 kVA\nHomologaci\u00f3n del pa\u00eds: NA\/EEE-NE7 - CH2020\nSeparaci\u00f3n: todos los polos\nBloque de terminales de desconexi\u00f3n de prueba: no\nEntradas: 1 x Terminales de entrada de red: 10 -\n50 \u00f8\nSalidas: 1 x\nTerminales de salida: 10 - 50 \u00f8\nEntradas de cable: Pasacables M75<\/p>\n\n<\/div>\n<\/div>","download":"<a href=\"https:\/\/greenlink.technology\/wp-content\/uploads\/2025\/04\/10016124_Datenblatt_feed-guard-NE7-PV-414KVA-TNS_TT_1.0_2024_03_13.pdf\" target=\"_blank\" rel=\"noopener\">Ficha t\u00e9cnica ES<\/a>\n<a href=\"https:\/\/greenlink.technology\/wp-content\/uploads\/2025\/04\/10018665_Installationsanleitung_NA-Schutz_DE_2023_10_25.pdf\" target=\"_blank\" rel=\"noopener\">Instalaci\u00f3n<\/a>","product_short_description":"<strong>Comunicado por pa\u00eds:<\/strong> NA\/EEA-NE7 - CH2020\n<strong>Potencia:<\/strong> 41,4 kVA\n<strong>Separaci\u00f3n:<\/strong> todo polo\n<strong>Tipo de red: <\/strong>TT \/ TN-S","photo_gallery":{"galerie_produkte":[[]]}},"yoast_head":"<!-- This site is optimized with the Yoast SEO plugin v27.3 - https:\/\/yoast.com\/product\/yoast-seo-wordpress\/ -->\n<title>enwitec Protector de alimentaci\u00f3n para rejilla y protecci\u00f3n de plantas \u2013 41,4 kVA \u2013 seg\u00fan NA\/EEA-NE7 \u2013 CH2020 \u2013 10016124 - greenLink orchestrating energy flows | enwitec electronic GmbH | LinQ Europe Sp. z o.o.<\/title>\n<meta name=\"robots\" content=\"index, follow, max-snippet:-1, max-image-preview:large, max-video-preview:-1\" \/>\n<link rel=\"canonical\" href=\"https:\/\/greenlink.technology\/es\/produkt\/enwitec-protector-de-alimentacion-para-rejilla-y-proteccion-de-plantas-414-kva-segun-na-eea-ne7-ch2020-10016124\/\" \/>\n<meta property=\"og:locale\" content=\"es_ES\" \/>\n<meta property=\"og:type\" content=\"article\" \/>\n<meta property=\"og:title\" content=\"enwitec Protector de alimentaci\u00f3n para rejilla y protecci\u00f3n de plantas \u2013 41,4 kVA \u2013 seg\u00fan NA\/EEA-NE7 \u2013 CH2020 \u2013 10016124 - greenLink orchestrating energy flows | enwitec electronic GmbH | LinQ Europe Sp. z o.o.\" \/>\n<meta property=\"og:description\" content=\"&nbsp;\" \/>\n<meta property=\"og:url\" content=\"https:\/\/greenlink.technology\/es\/produkt\/enwitec-protector-de-alimentacion-para-rejilla-y-proteccion-de-plantas-414-kva-segun-na-eea-ne7-ch2020-10016124\/\" \/>\n<meta property=\"og:site_name\" content=\"greenLink orchestrating energy flows | enwitec electronic GmbH | LinQ Europe Sp. z o.o.\" \/>\n<meta property=\"og:image\" content=\"https:\/\/greenlink.technology\/wp-content\/uploads\/2025\/02\/10016124_front.png\" \/>\n\t<meta property=\"og:image:width\" content=\"500\" \/>\n\t<meta property=\"og:image:height\" content=\"500\" \/>\n\t<meta property=\"og:image:type\" content=\"image\/png\" \/>\n<meta name=\"twitter:card\" content=\"summary_large_image\" \/>\n<script type=\"application\/ld+json\" class=\"yoast-schema-graph\">{\"@context\":\"https:\\\/\\\/schema.org\",\"@graph\":[{\"@type\":\"WebPage\",\"@id\":\"https:\\\/\\\/greenlink.technology\\\/es\\\/produkt\\\/enwitec-protector-de-alimentacion-para-rejilla-y-proteccion-de-plantas-414-kva-segun-na-eea-ne7-ch2020-10016124\\\/\",\"url\":\"https:\\\/\\\/greenlink.technology\\\/es\\\/produkt\\\/enwitec-protector-de-alimentacion-para-rejilla-y-proteccion-de-plantas-414-kva-segun-na-eea-ne7-ch2020-10016124\\\/\",\"name\":\"enwitec Protector de alimentaci\u00f3n para rejilla y protecci\u00f3n de plantas \u2013 41,4 kVA \u2013 seg\u00fan NA\\\/EEA-NE7 \u2013 CH2020 \u2013 10016124 - greenLink orchestrating energy flows | enwitec electronic GmbH | LinQ Europe Sp. z o.o.\",\"isPartOf\":{\"@id\":\"https:\\\/\\\/enwitec.eu\\\/en\\\/#website\"},\"primaryImageOfPage\":{\"@id\":\"https:\\\/\\\/greenlink.technology\\\/es\\\/produkt\\\/enwitec-protector-de-alimentacion-para-rejilla-y-proteccion-de-plantas-414-kva-segun-na-eea-ne7-ch2020-10016124\\\/#primaryimage\"},\"image\":{\"@id\":\"https:\\\/\\\/greenlink.technology\\\/es\\\/produkt\\\/enwitec-protector-de-alimentacion-para-rejilla-y-proteccion-de-plantas-414-kva-segun-na-eea-ne7-ch2020-10016124\\\/#primaryimage\"},\"thumbnailUrl\":\"https:\\\/\\\/greenlink.technology\\\/wp-content\\\/uploads\\\/2025\\\/02\\\/10016124_front.png\",\"datePublished\":\"2024-02-29T12:33:14+00:00\",\"breadcrumb\":{\"@id\":\"https:\\\/\\\/greenlink.technology\\\/es\\\/produkt\\\/enwitec-protector-de-alimentacion-para-rejilla-y-proteccion-de-plantas-414-kva-segun-na-eea-ne7-ch2020-10016124\\\/#breadcrumb\"},\"inLanguage\":\"es\",\"potentialAction\":[{\"@type\":\"ReadAction\",\"target\":[\"https:\\\/\\\/greenlink.technology\\\/es\\\/produkt\\\/enwitec-protector-de-alimentacion-para-rejilla-y-proteccion-de-plantas-414-kva-segun-na-eea-ne7-ch2020-10016124\\\/\"]}]},{\"@type\":\"ImageObject\",\"inLanguage\":\"es\",\"@id\":\"https:\\\/\\\/greenlink.technology\\\/es\\\/produkt\\\/enwitec-protector-de-alimentacion-para-rejilla-y-proteccion-de-plantas-414-kva-segun-na-eea-ne7-ch2020-10016124\\\/#primaryimage\",\"url\":\"https:\\\/\\\/greenlink.technology\\\/wp-content\\\/uploads\\\/2025\\\/02\\\/10016124_front.png\",\"contentUrl\":\"https:\\\/\\\/greenlink.technology\\\/wp-content\\\/uploads\\\/2025\\\/02\\\/10016124_front.png\",\"width\":500,\"height\":500},{\"@type\":\"BreadcrumbList\",\"@id\":\"https:\\\/\\\/greenlink.technology\\\/es\\\/produkt\\\/enwitec-protector-de-alimentacion-para-rejilla-y-proteccion-de-plantas-414-kva-segun-na-eea-ne7-ch2020-10016124\\\/#breadcrumb\",\"itemListElement\":[{\"@type\":\"ListItem\",\"position\":1,\"name\":\"Startseite\",\"item\":\"https:\\\/\\\/enwitec.eu\\\/es\\\/\"},{\"@type\":\"ListItem\",\"position\":2,\"name\":\"Productos\",\"item\":\"https:\\\/\\\/greenlink.technology\\\/es\\\/sobre-nosotros\\\/la-empresa\\\/enwitec\\\/productos\\\/\"},{\"@type\":\"ListItem\",\"position\":3,\"name\":\"enwitec Protector de alimentaci\u00f3n para rejilla y protecci\u00f3n de plantas \u2013 41,4 kVA \u2013 seg\u00fan NA\\\/EEA-NE7 \u2013 CH2020 \u2013 10016124\"}]},{\"@type\":\"WebSite\",\"@id\":\"https:\\\/\\\/enwitec.eu\\\/en\\\/#website\",\"url\":\"https:\\\/\\\/enwitec.eu\\\/en\\\/\",\"name\":\"greenLink orchestrating energy flows | enwitec electronic GmbH | LinQ Europe Sp. z o.o.\",\"description\":\"\",\"publisher\":{\"@id\":\"https:\\\/\\\/enwitec.eu\\\/en\\\/#organization\"},\"potentialAction\":[{\"@type\":\"SearchAction\",\"target\":{\"@type\":\"EntryPoint\",\"urlTemplate\":\"https:\\\/\\\/enwitec.eu\\\/en\\\/?s={search_term_string}\"},\"query-input\":{\"@type\":\"PropertyValueSpecification\",\"valueRequired\":true,\"valueName\":\"search_term_string\"}}],\"inLanguage\":\"es\"},{\"@type\":\"Organization\",\"@id\":\"https:\\\/\\\/enwitec.eu\\\/en\\\/#organization\",\"name\":\"greenLink orquestaci\u00f3n de flujos de energ\u00eda | enwitec electronic GmbH | LinQ Europe Sp. z o.o.\",\"url\":\"https:\\\/\\\/enwitec.eu\\\/en\\\/\",\"logo\":{\"@type\":\"ImageObject\",\"inLanguage\":\"es\",\"@id\":\"https:\\\/\\\/enwitec.eu\\\/en\\\/#\\\/schema\\\/logo\\\/image\\\/\",\"url\":\"https:\\\/\\\/greenlink.technology\\\/wp-content\\\/uploads\\\/2025\\\/01\\\/greenlink-logo-final.png\",\"contentUrl\":\"https:\\\/\\\/greenlink.technology\\\/wp-content\\\/uploads\\\/2025\\\/01\\\/greenlink-logo-final.png\",\"width\":2586,\"height\":629,\"caption\":\"greenLink orquestaci\u00f3n de flujos de energ\u00eda | enwitec electronic GmbH | LinQ Europe Sp. z o.o. \"},\"image\":{\"@id\":\"https:\\\/\\\/enwitec.eu\\\/en\\\/#\\\/schema\\\/logo\\\/image\\\/\"}}]}<\/script>\n<!-- \/ Yoast SEO plugin. -->","yoast_head_json":{"title":"enwitec Protector de alimentaci\u00f3n para rejilla y protecci\u00f3n de plantas \u2013 41,4 kVA \u2013 seg\u00fan NA\/EEA-NE7 \u2013 CH2020 \u2013 10016124 - greenLink orchestrating energy flows | enwitec electronic GmbH | LinQ Europe Sp. z o.o.","robots":{"index":"index","follow":"follow","max-snippet":"max-snippet:-1","max-image-preview":"max-image-preview:large","max-video-preview":"max-video-preview:-1"},"canonical":"https:\/\/greenlink.technology\/es\/produkt\/enwitec-protector-de-alimentacion-para-rejilla-y-proteccion-de-plantas-414-kva-segun-na-eea-ne7-ch2020-10016124\/","og_locale":"es_ES","og_type":"article","og_title":"enwitec Protector de alimentaci\u00f3n para rejilla y protecci\u00f3n de plantas \u2013 41,4 kVA \u2013 seg\u00fan NA\/EEA-NE7 \u2013 CH2020 \u2013 10016124 - greenLink orchestrating energy flows | enwitec electronic GmbH | LinQ Europe Sp. z o.o.","og_description":"&nbsp;","og_url":"https:\/\/greenlink.technology\/es\/produkt\/enwitec-protector-de-alimentacion-para-rejilla-y-proteccion-de-plantas-414-kva-segun-na-eea-ne7-ch2020-10016124\/","og_site_name":"greenLink orchestrating energy flows | enwitec electronic GmbH | LinQ Europe Sp. z o.o.","og_image":[{"width":500,"height":500,"url":"https:\/\/greenlink.technology\/wp-content\/uploads\/2025\/02\/10016124_front.png","type":"image\/png"}],"twitter_card":"summary_large_image","schema":{"@context":"https:\/\/schema.org","@graph":[{"@type":"WebPage","@id":"https:\/\/greenlink.technology\/es\/produkt\/enwitec-protector-de-alimentacion-para-rejilla-y-proteccion-de-plantas-414-kva-segun-na-eea-ne7-ch2020-10016124\/","url":"https:\/\/greenlink.technology\/es\/produkt\/enwitec-protector-de-alimentacion-para-rejilla-y-proteccion-de-plantas-414-kva-segun-na-eea-ne7-ch2020-10016124\/","name":"enwitec Protector de alimentaci\u00f3n para rejilla y protecci\u00f3n de plantas \u2013 41,4 kVA \u2013 seg\u00fan NA\/EEA-NE7 \u2013 CH2020 \u2013 10016124 - greenLink orchestrating energy flows | enwitec electronic GmbH | LinQ Europe Sp. z o.o.","isPartOf":{"@id":"https:\/\/enwitec.eu\/en\/#website"},"primaryImageOfPage":{"@id":"https:\/\/greenlink.technology\/es\/produkt\/enwitec-protector-de-alimentacion-para-rejilla-y-proteccion-de-plantas-414-kva-segun-na-eea-ne7-ch2020-10016124\/#primaryimage"},"image":{"@id":"https:\/\/greenlink.technology\/es\/produkt\/enwitec-protector-de-alimentacion-para-rejilla-y-proteccion-de-plantas-414-kva-segun-na-eea-ne7-ch2020-10016124\/#primaryimage"},"thumbnailUrl":"https:\/\/greenlink.technology\/wp-content\/uploads\/2025\/02\/10016124_front.png","datePublished":"2024-02-29T12:33:14+00:00","breadcrumb":{"@id":"https:\/\/greenlink.technology\/es\/produkt\/enwitec-protector-de-alimentacion-para-rejilla-y-proteccion-de-plantas-414-kva-segun-na-eea-ne7-ch2020-10016124\/#breadcrumb"},"inLanguage":"es","potentialAction":[{"@type":"ReadAction","target":["https:\/\/greenlink.technology\/es\/produkt\/enwitec-protector-de-alimentacion-para-rejilla-y-proteccion-de-plantas-414-kva-segun-na-eea-ne7-ch2020-10016124\/"]}]},{"@type":"ImageObject","inLanguage":"es","@id":"https:\/\/greenlink.technology\/es\/produkt\/enwitec-protector-de-alimentacion-para-rejilla-y-proteccion-de-plantas-414-kva-segun-na-eea-ne7-ch2020-10016124\/#primaryimage","url":"https:\/\/greenlink.technology\/wp-content\/uploads\/2025\/02\/10016124_front.png","contentUrl":"https:\/\/greenlink.technology\/wp-content\/uploads\/2025\/02\/10016124_front.png","width":500,"height":500},{"@type":"BreadcrumbList","@id":"https:\/\/greenlink.technology\/es\/produkt\/enwitec-protector-de-alimentacion-para-rejilla-y-proteccion-de-plantas-414-kva-segun-na-eea-ne7-ch2020-10016124\/#breadcrumb","itemListElement":[{"@type":"ListItem","position":1,"name":"Startseite","item":"https:\/\/enwitec.eu\/es\/"},{"@type":"ListItem","position":2,"name":"Productos","item":"https:\/\/greenlink.technology\/es\/sobre-nosotros\/la-empresa\/enwitec\/productos\/"},{"@type":"ListItem","position":3,"name":"enwitec Protector de alimentaci\u00f3n para rejilla y protecci\u00f3n de plantas \u2013 41,4 kVA \u2013 seg\u00fan NA\/EEA-NE7 \u2013 CH2020 \u2013 10016124"}]},{"@type":"WebSite","@id":"https:\/\/enwitec.eu\/en\/#website","url":"https:\/\/enwitec.eu\/en\/","name":"greenLink orchestrating energy flows | enwitec electronic GmbH | LinQ Europe Sp. z o.o.","description":"","publisher":{"@id":"https:\/\/enwitec.eu\/en\/#organization"},"potentialAction":[{"@type":"SearchAction","target":{"@type":"EntryPoint","urlTemplate":"https:\/\/enwitec.eu\/en\/?s={search_term_string}"},"query-input":{"@type":"PropertyValueSpecification","valueRequired":true,"valueName":"search_term_string"}}],"inLanguage":"es"},{"@type":"Organization","@id":"https:\/\/enwitec.eu\/en\/#organization","name":"greenLink orquestaci\u00f3n de flujos de energ\u00eda | enwitec electronic GmbH | LinQ Europe Sp. z o.o.","url":"https:\/\/enwitec.eu\/en\/","logo":{"@type":"ImageObject","inLanguage":"es","@id":"https:\/\/enwitec.eu\/en\/#\/schema\/logo\/image\/","url":"https:\/\/greenlink.technology\/wp-content\/uploads\/2025\/01\/greenlink-logo-final.png","contentUrl":"https:\/\/greenlink.technology\/wp-content\/uploads\/2025\/01\/greenlink-logo-final.png","width":2586,"height":629,"caption":"greenLink orquestaci\u00f3n de flujos de energ\u00eda | enwitec electronic GmbH | LinQ Europe Sp. z o.o. "},"image":{"@id":"https:\/\/enwitec.eu\/en\/#\/schema\/logo\/image\/"}}]}},"_links":{"self":[{"href":"https:\/\/greenlink.technology\/es\/wp-json\/wp\/v2\/product\/11018","targetHints":{"allow":["GET"]}}],"collection":[{"href":"https:\/\/greenlink.technology\/es\/wp-json\/wp\/v2\/product"}],"about":[{"href":"https:\/\/greenlink.technology\/es\/wp-json\/wp\/v2\/types\/product"}],"replies":[{"embeddable":true,"href":"https:\/\/greenlink.technology\/es\/wp-json\/wp\/v2\/comments?post=11018"}],"wp:featuredmedia":[{"embeddable":true,"href":"https:\/\/greenlink.technology\/es\/wp-json\/wp\/v2\/media\/11020"}],"wp:attachment":[{"href":"https:\/\/greenlink.technology\/es\/wp-json\/wp\/v2\/media?parent=11018"}],"wp:term":[{"taxonomy":"anwendung","embeddable":true,"href":"https:\/\/greenlink.technology\/es\/wp-json\/wp\/v2\/anwendung?post=11018"},{"taxonomy":"product_brand","embeddable":true,"href":"https:\/\/greenlink.technology\/es\/wp-json\/wp\/v2\/product_brand?post=11018"},{"taxonomy":"product_cat","embeddable":true,"href":"https:\/\/greenlink.technology\/es\/wp-json\/wp\/v2\/product_cat?post=11018"},{"taxonomy":"product_tag","embeddable":true,"href":"https:\/\/greenlink.technology\/es\/wp-json\/wp\/v2\/product_tag?post=11018"}],"curies":[{"name":"wp","href":"https:\/\/api.w.org\/{rel}","templated":true}]}}